{"id":14796,"date":"2022-12-28T15:51:43","date_gmt":"2022-12-28T15:51:43","guid":{"rendered":"https:\/\/www.aszende.com\/?page_id=14796"},"modified":"2024-04-15T19:00:21","modified_gmt":"2024-04-15T19:00:21","slug":"bases-legales","status":"publish","type":"page","link":"https:\/\/www.aszende.com\/ca\/bases-legales\/","title":{"rendered":"Bases legales"},"content":{"rendered":"\t\t<div data-elementor-type=\"wp-page\" data-elementor-id=\"14796\" class=\"elementor elementor-14796\" data-elementor-post-type=\"page\">\n\t\t\t\t\t\t<section class=\"elementor-section elementor-top-section elementor-element elementor-element-d7181a7 elementor-section-boxed elementor-section-height-default elementor-section-height-default\" data-id=\"d7181a7\" data-element_type=\"section\" data-e-type=\"section\">\n\t\t\t\t\t\t<div class=\"elementor-container elementor-column-gap-default\">\n\t\t\t\t\t<div class=\"elementor-column elementor-col-100 elementor-top-column elementor-element elementor-element-a81cc14\" data-id=\"a81cc14\" data-element_type=\"column\" data-e-type=\"column\">\n\t\t\t<div class=\"elementor-widget-wrap elementor-element-populated\">\n\t\t\t\t\t\t<div class=\"elementor-element elementor-element-f67499c elementor-widget elementor-widget-spacer\" data-id=\"f67499c\" data-element_type=\"widget\" data-e-type=\"widget\" data-widget_type=\"spacer.default\">\n\t\t\t\t<div class=\"elementor-widget-container\">\n\t\t\t\t\t\t\t<div class=\"elementor-spacer\">\n\t\t\t<div class=\"elementor-spacer-inner\"><\/div>\n\t\t<\/div>\n\t\t\t\t\t\t<\/div>\n\t\t\t\t<\/div>\n\t\t\t\t<div class=\"elementor-element elementor-element-89b74b2 elementor-widget elementor-widget-text-editor\" data-id=\"89b74b2\" data-element_type=\"widget\" data-e-type=\"widget\" data-widget_type=\"text-editor.default\">\n\t\t\t\t<div class=\"elementor-widget-container\">\n\t\t\t\t\t\t\t\t\t<p>La Empresa ASZENDE, SLU con domicilio en CALLE LIMA, 7 8030 Barcelona (Espa\u00f1a) e identificada con el n\u00famero\u00a0B-08902892\u00a0ha decidido poner en marcha el sorteo denominado\u00a0<strong>\u2018Sorteo Sant Jordi\u2018\u00a0<\/strong>para premiar a los usuarios que participen en los t\u00e9rminos que se establecen en estas bases; siempre y cuando cumplan los requisitos establecidos en los siguientes apartados.<\/p><p>Este sorteo se rige por las siguientes bases:<\/p><p><strong>1.- \u00c1MBITO<\/strong>:<br \/><span style=\"font-style: inherit; font-weight: inherit; color: var( --e-global-color-text ); background-color: var(--ast-global-color-5);\">\u00c1mbito temporal: el\u00a0<\/span><strong style=\"font-style: inherit; color: var( --e-global-color-text ); background-color: var(--ast-global-color-5);\">\u2018<\/strong><span style=\"font-weight: bold;\">Sorteo Sant Jordi<\/span><strong style=\"font-style: inherit; color: var( --e-global-color-text ); background-color: var(--ast-global-color-5);\">\u2018<\/strong><strong style=\"font-style: inherit; color: var( --e-global-color-text ); background-color: var(--ast-global-color-5);\">\u00a0<\/strong><span style=\"font-style: inherit; font-weight: inherit; color: var( --e-global-color-text ); background-color: var(--ast-global-color-5);\">ser\u00e1 desde el martes 16 de abril del 2024 a las 23:59 del martes 23 de abril de 2024<\/span><\/p><p>El jueves 25 de abril de 2024 se anunciar\u00e1 y contactar\u00e1 al ganador.<\/p><p>\u00c1mbito personal: el presente sorteo est\u00e1 abierto a quienes participen en los t\u00e9rminos establecidos y acepten voluntariamente las presentes bases.<br \/><u style=\"font-style: inherit; font-weight: inherit; color: var( --e-global-color-text ); background-color: var(--ast-global-color-5);\">Quedan excluidas las personas miembros o asalariadas de las sociedades organizadoras, as\u00ed como sus familiares: c\u00f3nyuges, ascendientes y descendientes.<\/u><\/p><p><strong>2.- COMUNICACI\u00d3N<\/strong>:<br \/><span style=\"font-style: inherit; font-weight: inherit; color: var( --e-global-color-text ); background-color: var(--ast-global-color-5);\">La promoci\u00f3n se comunicar\u00e1 mediante los perfiles sociales de la marca en la cuenta oficial de ASZENDE en Instagram (@aszendeoficial).<br \/><\/span>El sorteo tiene como finalidad dar a la comunidad de Aszende la oportunidad de asistir a una cena con el acompa\u00f1ante que elija en el restaurante Bocconi By Massimo en<br \/>Barcelona, que incluye un entrante, un segundo, un postre y una bebida por persona (agua, cerveza, refresco o copa de vino).<\/p><p><b>3.- MEC\u00c1NICA DEL SORTEO:<br \/><\/b><span style=\"font-style: inherit; font-weight: inherit; color: var( --e-global-color-text ); background-color: var(--ast-global-color-5);\">Para participar en el sorteo es imprescindible cumplir los siguientes requisitos:<\/span><\/p><p><span style=\"font-style: inherit; font-weight: inherit; color: var( --e-global-color-text ); background-color: var(--ast-global-color-5);\"><br \/><\/span>\u25a0 Seguir al perfil oficial de ASZENDE en Instagram (@aszendeoficial)<br \/>\u25a0 Seguir al perfil oficial de BOCCONI en Instagram (@bocconibymassimo)<br \/>\u25a0 Dar like al post de participaci\u00f3n<br \/>\u25a0 Mencionar en comentarios de la publicaci\u00f3n del sorteo en la que se est\u00e9 participando, al menos, a un amigo\/usuario.<\/p><p><u>El incumplimiento de las condiciones anteriores y, en general, cualquier acto contrario a la buena fe, se considerar\u00e1 fraudulento y supone la inmediata exclusi\u00f3n del infractor\/a de la promoci\u00f3n. ASZENDE SLU se reserva el derecho a realizar cuantas comprobaciones considere precisas para evitar fraudes.<br \/><\/u><span style=\"font-style: inherit; font-weight: inherit; color: var( --e-global-color-text ); background-color: var(--ast-global-color-5);\">El ganador se seleccionar\u00e1 a trav\u00e9s de la web<\/span><a style=\"font-style: inherit; font-weight: inherit;\" href=\"https:\/\/namepicker.net\/\">\u00a0https:\/\/namepicker.net<\/a><span style=\"font-style: inherit; font-weight: inherit; color: var( --e-global-color-text ); background-color: var(--ast-global-color-5);\">. Esta herramienta elegir\u00e1, de manera aleatoria, a un participante ganador.<\/span><\/p><p><b>4.- PREMIO:<\/b><\/p><p>El sorteo contar\u00e1 con 1 ganador. El premioconsistir\u00e1 en una cena para dos personas (el ganador con un acompa\u00f1ante) en el restaurante Bocconi By Massimo en Barcelona, que incluye un entrante, un segundo, un postre y una bebida por persona (agua, cerveza, refresco o copa de vino).<\/p><p>El ganador tiene 4 meses a partir del 25 de abril del 2024 para gastar el premio.<br \/>Posteriormente al 25 de agosto del 2024 no se podr\u00e1 canjear el premio en el restaurante Bocconi By Massimo.<\/p><p>El jueves 25 de abril, el ganador ser\u00e1 contactado, v\u00eda mensaje directo de Instagram, para comunicarle que ha ganado e informar del procedimiento para canjear el premio. Si el ganador no responde al mensaje antes del antes del viernes 26 de abril de 2024, a las 10h de la ma\u00f1ana, se seleccionar\u00e1 un nuevo ganador.<\/p><p>La entrega del premio estar\u00e1 sujeta a la comprobaci\u00f3n de la veracidad de los datos que el cliente aporte mediante un mensaje privado en el momento en que se comunique el ganador.<\/p><p><strong>5.- CONDICIONES GENERALES<\/strong>:<\/p><p>Las bases est\u00e1n a disposici\u00f3n de los\/as participantes a trav\u00e9s del link indicado en el post. La marca se reserva el derecho a modificarlas si las condiciones cambiasen. La simple participaci\u00f3n supone la aceptaci\u00f3n de estas bases en su totalidad, por lo que la manifestaci\u00f3n en el sentido de no aceptaci\u00f3n de las mismas implicar\u00e1 la exclusi\u00f3n del participante y, como consecuencia de la misma, ASZENDE SLU quedar\u00e1 liberada del cumplimiento de la obligaci\u00f3n contra\u00edda con dicho participante.<\/p><p>ASZENDE SLU se reserva el derecho de efectuar cualquier cambio y de suspender justificadamente o ampliar esta promoci\u00f3n, respetando en todo caso los derechos de los participantes.<\/p><p>El premio no se podr\u00e1 canjear por dinero en met\u00e1lico o por cualquier otro premio, ni puede ser objeto de cambio o alteraci\u00f3n.<\/p><p>Participar en este sorteo supone la autorizaci\u00f3n de uso a ASZENDE SLU, de los datos, y, en su caso, la imagen del participante agraciado, en caso de que ASZENDE SLU lo requiriese en comunicaciones publicitarias o de \u00edndole period\u00edstica respecto al sorteo. La no aceptaci\u00f3n de esta cl\u00e1usula implica la exclusi\u00f3n de la persona del sorteo, sin que tenga derecho a percibir el premio.<\/p><p>En cualquier caso de litigio que pudiera plantearse en cuanto a la interpretaci\u00f3n o aplicaci\u00f3n de las presentes bases, tanto ASZENDE SLU como los participantes en este sorteo, se someten expresamente a la jurisdicci\u00f3n y competencia de los juzgados y tribunales de Barcelona capital, con renuncia expresa a cualquier otro derecho que les correspondiera o fuera propio si lo tuvieran.<\/p>\t\t\t\t\t\t\t\t<\/div>\n\t\t\t\t<\/div>\n\t\t\t\t\t<\/div>\n\t\t<\/div>\n\t\t\t\t\t<\/div>\n\t\t<\/section>\n\t\t\t\t<\/div>\n\t\t","protected":false},"excerpt":{"rendered":"<p>La Empresa ASZENDE, SLU con domicilio en CALLE LIMA, 7 8030 Barcelona (Espa\u00f1a) e identificada con el n\u00famero\u00a0B-08902892\u00a0ha decidido poner en marcha el sorteo denominado\u00a0\u2018Sorteo Sant Jordi\u2018\u00a0para premiar a los usuarios que participen en los t\u00e9rminos que se establecen en estas bases; siempre y cuando cumplan los requisitos establecidos en los siguientes apartados. Este sorteo [&hellip;]<\/p>\n","protected":false},"author":3,"featured_media":0,"parent":0,"menu_order":0,"comment_status":"closed","ping_status":"closed","template":"elementor_header_footer","meta":{"site-sidebar-layout":"no-sidebar","site-content-layout":"page-builder","ast-site-content-layout":"default","site-content-style":"default","site-sidebar-style":"default","ast-global-header-display":"","ast-banner-title-visibility":"","ast-main-header-display":"","ast-hfb-above-header-display":"","ast-hfb-below-header-display":"","ast-hfb-mobile-header-display":"","site-post-title":"disabled","ast-breadcrumbs-content":"","ast-featured-img":"disabled","footer-sml-layout":"","theme-transparent-header-meta":"default","adv-header-id-meta":"","stick-header-meta":"","header-above-stick-meta":"","header-main-stick-meta":"","header-below-stick-meta":"","astra-migrate-meta-layouts":"default","ast-page-background-enabled":"default","ast-page-background-meta":{"desktop":{"background-color":"var(--ast-global-color-4)","background-image":"","background-repeat":"repeat","background-position":"center center","background-size":"auto","background-attachment":"scroll","background-type":"","background-media":"","overlay-type":"","overlay-color":"","overlay-opacity":"","overlay-gradient":""},"tablet":{"background-color":"","background-image":"","background-repeat":"repeat","background-position":"center center","background-size":"auto","background-attachment":"scroll","background-type":"","background-media":"","overlay-type":"","overlay-color":"","overlay-opacity":"","overlay-gradient":""},"mobile":{"background-color":"","background-image":"","background-repeat":"repeat","background-position":"center center","background-size":"auto","background-attachment":"scroll","background-type":"","background-media":"","overlay-type":"","overlay-color":"","overlay-opacity":"","overlay-gradient":""}},"ast-content-background-meta":{"desktop":{"background-color":"var(--ast-global-color-5)","background-image":"","background-repeat":"repeat","background-position":"center center","background-size":"auto","background-attachment":"scroll","background-type":"","background-media":"","overlay-type":"","overlay-color":"","overlay-opacity":"","overlay-gradient":""},"tablet":{"background-color":"var(--ast-global-color-5)","background-image":"","background-repeat":"repeat","background-position":"center center","background-size":"auto","background-attachment":"scroll","background-type":"","background-media":"","overlay-type":"","overlay-color":"","overlay-opacity":"","overlay-gradient":""},"mobile":{"background-color":"var(--ast-global-color-5)","background-image":"","background-repeat":"repeat","background-position":"center center","background-size":"auto","background-attachment":"scroll","background-type":"","background-media":"","overlay-type":"","overlay-color":"","overlay-opacity":"","overlay-gradient":""}},"footnotes":""},"class_list":["post-14796","page","type-page","status-publish","hentry"],"yoast_head":"<!-- This site is optimized with the Yoast SEO plugin v27.0 - https:\/\/yoast.com\/product\/yoast-seo-wordpress\/ -->\n<title>Bases legales - Aszende<\/title>\n<meta name=\"robots\" content=\"noindex, nofollow\" \/>\n<meta property=\"og:locale\" content=\"ca_ES\" \/>\n<meta property=\"og:type\" content=\"article\" \/>\n<meta property=\"og:title\" content=\"Bases legales - Aszende\" \/>\n<meta property=\"og:description\" content=\"La Empresa ASZENDE, SLU con domicilio en CALLE LIMA, 7 8030 Barcelona (Espa\u00f1a) e identificada con el n\u00famero\u00a0B-08902892\u00a0ha decidido poner en marcha el sorteo denominado\u00a0\u2018Sorteo Sant Jordi\u2018\u00a0para premiar a los usuarios que participen en los t\u00e9rminos que se establecen en estas bases; siempre y cuando cumplan los requisitos establecidos en los siguientes apartados. Este sorteo [&hellip;]\" \/>\n<meta property=\"og:url\" content=\"https:\/\/www.aszende.com\/bases-legales\/\" \/>\n<meta property=\"og:site_name\" content=\"Aszende\" \/>\n<meta property=\"article:modified_time\" content=\"2024-04-15T19:00:21+00:00\" \/>\n<meta property=\"og:image\" content=\"https:\/\/www.aszende.com\/wp-content\/uploads\/2022\/06\/LOGO-CLAIM-Aszende-gris-azul-en-alta-calidad.png\" \/>\n\t<meta property=\"og:image:width\" content=\"1436\" \/>\n\t<meta property=\"og:image:height\" content=\"473\" \/>\n\t<meta property=\"og:image:type\" content=\"image\/png\" \/>\n<meta name=\"twitter:card\" content=\"summary_large_image\" \/>\n<meta name=\"twitter:label1\" content=\"Temps estimat de lectura\" \/>\n\t<meta name=\"twitter:data1\" content=\"4 minuts\" \/>\n<script type=\"application\/ld+json\" class=\"yoast-schema-graph\">{\"@context\":\"https:\/\/schema.org\",\"@graph\":[{\"@type\":\"WebPage\",\"@id\":\"https:\/\/www.aszende.com\/bases-legales\/\",\"url\":\"https:\/\/www.aszende.com\/bases-legales\/\",\"name\":\"Bases legales - Aszende\",\"isPartOf\":{\"@id\":\"https:\/\/www.aszende.com\/en\/#website\"},\"datePublished\":\"2022-12-28T15:51:43+00:00\",\"dateModified\":\"2024-04-15T19:00:21+00:00\",\"breadcrumb\":{\"@id\":\"https:\/\/www.aszende.com\/bases-legales\/#breadcrumb\"},\"inLanguage\":\"ca\",\"potentialAction\":[{\"@type\":\"ReadAction\",\"target\":[\"https:\/\/www.aszende.com\/bases-legales\/\"]}]},{\"@type\":\"BreadcrumbList\",\"@id\":\"https:\/\/www.aszende.com\/bases-legales\/#breadcrumb\",\"itemListElement\":[{\"@type\":\"ListItem\",\"position\":1,\"name\":\"Inicio\",\"item\":\"https:\/\/www.aszende.com\/ca\/\"},{\"@type\":\"ListItem\",\"position\":2,\"name\":\"Bases legales\"}]},{\"@type\":\"WebSite\",\"@id\":\"https:\/\/www.aszende.com\/en\/#website\",\"url\":\"https:\/\/www.aszende.com\/en\/\",\"name\":\"Aszende\",\"description\":\"\",\"publisher\":{\"@id\":\"https:\/\/www.aszende.com\/en\/#organization\"},\"potentialAction\":[{\"@type\":\"SearchAction\",\"target\":{\"@type\":\"EntryPoint\",\"urlTemplate\":\"https:\/\/www.aszende.com\/en\/?s={search_term_string}\"},\"query-input\":{\"@type\":\"PropertyValueSpecification\",\"valueRequired\":true,\"valueName\":\"search_term_string\"}}],\"inLanguage\":\"ca\"},{\"@type\":\"Organization\",\"@id\":\"https:\/\/www.aszende.com\/en\/#organization\",\"name\":\"Aszende\",\"url\":\"https:\/\/www.aszende.com\/en\/\",\"logo\":{\"@type\":\"ImageObject\",\"inLanguage\":\"ca\",\"@id\":\"https:\/\/www.aszende.com\/en\/#\/schema\/logo\/image\/\",\"url\":\"https:\/\/www.aszende.com\/wp-content\/uploads\/2022\/10\/LOGO-Aszende-sin-R.png\",\"contentUrl\":\"https:\/\/www.aszende.com\/wp-content\/uploads\/2022\/10\/LOGO-Aszende-sin-R.png\",\"width\":346,\"height\":114,\"caption\":\"Aszende\"},\"image\":{\"@id\":\"https:\/\/www.aszende.com\/en\/#\/schema\/logo\/image\/\"}}]}<\/script>\n<!-- \/ Yoast SEO plugin. -->","yoast_head_json":{"title":"Bases legales - Aszende","robots":{"index":"noindex","follow":"nofollow"},"og_locale":"ca_ES","og_type":"article","og_title":"Bases legales - Aszende","og_description":"La Empresa ASZENDE, SLU con domicilio en CALLE LIMA, 7 8030 Barcelona (Espa\u00f1a) e identificada con el n\u00famero\u00a0B-08902892\u00a0ha decidido poner en marcha el sorteo denominado\u00a0\u2018Sorteo Sant Jordi\u2018\u00a0para premiar a los usuarios que participen en los t\u00e9rminos que se establecen en estas bases; siempre y cuando cumplan los requisitos establecidos en los siguientes apartados. Este sorteo [&hellip;]","og_url":"https:\/\/www.aszende.com\/bases-legales\/","og_site_name":"Aszende","article_modified_time":"2024-04-15T19:00:21+00:00","og_image":[{"width":1436,"height":473,"url":"https:\/\/www.aszende.com\/wp-content\/uploads\/2022\/06\/LOGO-CLAIM-Aszende-gris-azul-en-alta-calidad.png","type":"image\/png"}],"twitter_card":"summary_large_image","twitter_misc":{"Temps estimat de lectura":"4 minuts"},"schema":{"@context":"https:\/\/schema.org","@graph":[{"@type":"WebPage","@id":"https:\/\/www.aszende.com\/bases-legales\/","url":"https:\/\/www.aszende.com\/bases-legales\/","name":"Bases legales - Aszende","isPartOf":{"@id":"https:\/\/www.aszende.com\/en\/#website"},"datePublished":"2022-12-28T15:51:43+00:00","dateModified":"2024-04-15T19:00:21+00:00","breadcrumb":{"@id":"https:\/\/www.aszende.com\/bases-legales\/#breadcrumb"},"inLanguage":"ca","potentialAction":[{"@type":"ReadAction","target":["https:\/\/www.aszende.com\/bases-legales\/"]}]},{"@type":"BreadcrumbList","@id":"https:\/\/www.aszende.com\/bases-legales\/#breadcrumb","itemListElement":[{"@type":"ListItem","position":1,"name":"Inicio","item":"https:\/\/www.aszende.com\/ca\/"},{"@type":"ListItem","position":2,"name":"Bases legales"}]},{"@type":"WebSite","@id":"https:\/\/www.aszende.com\/en\/#website","url":"https:\/\/www.aszende.com\/en\/","name":"Aszende","description":"","publisher":{"@id":"https:\/\/www.aszende.com\/en\/#organization"},"potentialAction":[{"@type":"SearchAction","target":{"@type":"EntryPoint","urlTemplate":"https:\/\/www.aszende.com\/en\/?s={search_term_string}"},"query-input":{"@type":"PropertyValueSpecification","valueRequired":true,"valueName":"search_term_string"}}],"inLanguage":"ca"},{"@type":"Organization","@id":"https:\/\/www.aszende.com\/en\/#organization","name":"Aszende","url":"https:\/\/www.aszende.com\/en\/","logo":{"@type":"ImageObject","inLanguage":"ca","@id":"https:\/\/www.aszende.com\/en\/#\/schema\/logo\/image\/","url":"https:\/\/www.aszende.com\/wp-content\/uploads\/2022\/10\/LOGO-Aszende-sin-R.png","contentUrl":"https:\/\/www.aszende.com\/wp-content\/uploads\/2022\/10\/LOGO-Aszende-sin-R.png","width":346,"height":114,"caption":"Aszende"},"image":{"@id":"https:\/\/www.aszende.com\/en\/#\/schema\/logo\/image\/"}}]}},"_links":{"self":[{"href":"https:\/\/www.aszende.com\/ca\/wp-json\/wp\/v2\/pages\/14796","targetHints":{"allow":["GET"]}}],"collection":[{"href":"https:\/\/www.aszende.com\/ca\/wp-json\/wp\/v2\/pages"}],"about":[{"href":"https:\/\/www.aszende.com\/ca\/wp-json\/wp\/v2\/types\/page"}],"author":[{"embeddable":true,"href":"https:\/\/www.aszende.com\/ca\/wp-json\/wp\/v2\/users\/3"}],"replies":[{"embeddable":true,"href":"https:\/\/www.aszende.com\/ca\/wp-json\/wp\/v2\/comments?post=14796"}],"version-history":[{"count":0,"href":"https:\/\/www.aszende.com\/ca\/wp-json\/wp\/v2\/pages\/14796\/revisions"}],"wp:attachment":[{"href":"https:\/\/www.aszende.com\/ca\/wp-json\/wp\/v2\/media?parent=14796"}],"curies":[{"name":"wp","href":"https:\/\/api.w.org\/{rel}","templated":true}]}}