{"id":18250,"date":"2022-05-18T10:12:02","date_gmt":"2022-05-18T10:12:02","guid":{"rendered":"https:\/\/www.aszende.com\/?page_id=18250"},"modified":"2023-10-25T12:18:31","modified_gmt":"2023-10-25T12:18:31","slug":"politica-de-galetes","status":"publish","type":"page","link":"https:\/\/www.aszende.com\/ca\/politica-de-galetes\/","title":{"rendered":"Pol\u00edtica de galetes"},"content":{"rendered":"\t\t<div data-elementor-type=\"wp-page\" data-elementor-id=\"18250\" class=\"elementor elementor-18250 elementor-2942\" data-elementor-post-type=\"page\">\n\t\t\t\t\t\t<section class=\"elementor-section elementor-top-section elementor-element elementor-element-21bfa2a elementor-section-height-min-height elementor-section-full_width elementor-section-height-default elementor-section-items-middle\" data-id=\"21bfa2a\" data-element_type=\"section\" data-e-type=\"section\" data-settings=\"{&quot;background_background&quot;:&quot;classic&quot;}\">\n\t\t\t\t\t\t<div class=\"elementor-container elementor-column-gap-default\">\n\t\t\t\t\t<div class=\"elementor-column elementor-col-100 elementor-top-column elementor-element elementor-element-6d295f3\" data-id=\"6d295f3\" data-element_type=\"column\" data-e-type=\"column\">\n\t\t\t<div class=\"elementor-widget-wrap elementor-element-populated\">\n\t\t\t\t\t\t<div class=\"elementor-element elementor-element-ef6c500 elementor-widget elementor-widget-heading\" data-id=\"ef6c500\" data-element_type=\"widget\" data-e-type=\"widget\" data-widget_type=\"heading.default\">\n\t\t\t\t<div class=\"elementor-widget-container\">\n\t\t\t\t\t<h2 class=\"elementor-heading-title elementor-size-default\">Pol\u00edtica de galetes<\/h2>\t\t\t\t<\/div>\n\t\t\t\t<\/div>\n\t\t\t\t\t<\/div>\n\t\t<\/div>\n\t\t\t\t\t<\/div>\n\t\t<\/section>\n\t\t\t\t<section class=\"elementor-section elementor-top-section elementor-element elementor-element-f81a4a5 elementor-section-boxed elementor-section-height-default elementor-section-height-default\" data-id=\"f81a4a5\" data-element_type=\"section\" data-e-type=\"section\">\n\t\t\t\t\t\t<div class=\"elementor-container elementor-column-gap-default\">\n\t\t\t\t\t<div class=\"elementor-column elementor-col-100 elementor-top-column elementor-element elementor-element-7449426\" data-id=\"7449426\" data-element_type=\"column\" data-e-type=\"column\">\n\t\t\t<div class=\"elementor-widget-wrap elementor-element-populated\">\n\t\t\t\t\t\t<div class=\"elementor-element elementor-element-a8e51c0 elementor-widget elementor-widget-heading\" data-id=\"a8e51c0\" data-element_type=\"widget\" data-e-type=\"widget\" data-widget_type=\"heading.default\">\n\t\t\t\t<div class=\"elementor-widget-container\">\n\t\t\t\t\t<h2 class=\"elementor-heading-title elementor-size-default\">Qu\u00e8 \u00e9s una galeta?<\/h2>\t\t\t\t<\/div>\n\t\t\t\t<\/div>\n\t\t\t\t<div class=\"elementor-element elementor-element-facf335 elementor-widget elementor-widget-text-editor\" data-id=\"facf335\" data-element_type=\"widget\" data-e-type=\"widget\" data-widget_type=\"text-editor.default\">\n\t\t\t\t<div class=\"elementor-widget-container\">\n\t\t\t\t\t\t\t\t\t<p>Una galeta \u00e9s un arxiu que s&#8217;envia al seu ordinador quan accedeix a determinats llocs web. Les galetes permeten que un lloc emmagatzemi i recuperi informaci\u00f3 relativa als h\u00e0bits de navegaci\u00f3 d&#8217;un usuari o del seu equip i, depenent de la informaci\u00f3 que continguin i de com les utilitzi en aquest equip, pot servir per recon\u00e8ixer l&#8217;usuari.<\/p><p>\n\nPermeten millorar la qualitat i la seguretat d&#8217;una p\u00e0gina web. Tenen data de caducitat, ja sigui el temps que duri la sessi\u00f3 o una data futura espec\u00edfica a partir de la qual deixen de ser operatives.\t\t\t\t\t\t\t\t<\/div>\n\t\t\t\t<\/div>\n\t\t\t\t<div class=\"elementor-element elementor-element-b33d3b6 elementor-widget elementor-widget-heading\" data-id=\"b33d3b6\" data-element_type=\"widget\" data-e-type=\"widget\" data-widget_type=\"heading.default\">\n\t\t\t\t<div class=\"elementor-widget-container\">\n\t\t\t\t\t<h2 class=\"elementor-heading-title elementor-size-default\">Utilitat de les galetes en Aszende.com<\/h2>\t\t\t\t<\/div>\n\t\t\t\t<\/div>\n\t\t\t\t<div class=\"elementor-element elementor-element-4650bff elementor-widget elementor-widget-text-editor\" data-id=\"4650bff\" data-element_type=\"widget\" data-e-type=\"widget\" data-widget_type=\"text-editor.default\">\n\t\t\t\t<div class=\"elementor-widget-container\">\n\t\t\t\t\t\t\t\t\t<p>Aszende utilitza galetes per facilitar la navegaci\u00f3 pel seu lloc web, per motius de seguretat i per oferir als usuaris serveis m\u00e9s efica\u00e7os i personalitzats. El seu nom, cognoms i l&#8217;adre\u00e7a postal des de la qual es connecta no s\u00f3n subministrats a Aszende. La informaci\u00f3 obtinguda est\u00e0 relacionada amb el nombre de p\u00e0gines visitades, l&#8217;idioma, la xarxa social a trav\u00e9s de la qual l&#8217;usuari arriba a la p\u00e0gina web, la ciutat a la qual est\u00e0 assignada l&#8217;adre\u00e7a IP de connexi\u00f3, el nombre de nous usuaris, la freq\u00fc\u00e8ncia de les visites, la durada de la visita, el navegador i l&#8217;operador o el tipus de terminal des del qual s&#8217;efectua la visita.<\/p><p>\n\nAquesta informaci\u00f3 li serveix a Aszende per millorar la seva p\u00e0gina web, detectar noves necessitats i avaluar les millores que s&#8217;han d&#8217;introduir per optimitzar el servei als usuaris, adaptant-les als navegadors o dispositius m\u00e9s utilitzats.\t\t\t\t\t\t\t\t<\/div>\n\t\t\t\t<\/div>\n\t\t\t\t<div class=\"elementor-element elementor-element-12afeb0 elementor-widget elementor-widget-heading\" data-id=\"12afeb0\" data-element_type=\"widget\" data-e-type=\"widget\" data-widget_type=\"heading.default\">\n\t\t\t\t<div class=\"elementor-widget-container\">\n\t\t\t\t\t<h2 class=\"elementor-heading-title elementor-size-default\">Tipus de galetes emprades per Aszende<\/h2>\t\t\t\t<\/div>\n\t\t\t\t<\/div>\n\t\t\t\t<div class=\"elementor-element elementor-element-172efd5 elementor-widget elementor-widget-text-editor\" data-id=\"172efd5\" data-element_type=\"widget\" data-e-type=\"widget\" data-widget_type=\"text-editor.default\">\n\t\t\t\t<div class=\"elementor-widget-container\">\n\t\t\t\t\t\t\t\t\t<p>Les galetes emprades en Aszende.com s\u00f3n de dues classes:<\/p>\n<ul>\n<li><strong>galetes de sessi\u00f3<\/strong>: s\u00f3n galetes temporals que no s&#8217;emmagatzemen al terminal de l&#8217;usuari, sin\u00f3 que desapareixen en finalitzar la sessi\u00f3. La informaci\u00f3 obtinguda a partir d&#8217;aquestes galetes serveix per analitzar els patrons de tr\u00e0nsit per la p\u00e0gina web i per subministrar-li els serveis que oferim a trav\u00e9s d&#8217;aquesta.<\/li>\n<li><strong>galetes permanents<\/strong>: s\u00f3n galetes que s&#8217;emmagatzemen al terminal de l&#8217;usuari i que permeten recuperar informaci\u00f3 relativa a la navegaci\u00f3 per utilitzar-la en la propera visita. Tenen data de caducitat, per\u00f2 aquesta s&#8217;est\u00e9n m\u00e9s enll\u00e0 del final de la sessi\u00f3. Aquestes galetes ens permeten personalitzar les teves visites gr\u00e0cies a les teves prefer\u00e8ncies (per exemple, pa\u00eds i idioma). M\u00e9s concretament, Aszende utilitza les galetes de sessi\u00f3 i galetes permanents pels seg\u00fcents motius:<\/li>\n<\/ul>\n\t\t\t\t\t\t\t\t<\/div>\n\t\t\t\t<\/div>\n\t\t\t\t<div class=\"elementor-element elementor-element-b9c51e6 elementor-widget elementor-widget-heading\" data-id=\"b9c51e6\" data-element_type=\"widget\" data-e-type=\"widget\" data-widget_type=\"heading.default\">\n\t\t\t\t<div class=\"elementor-widget-container\">\n\t\t\t\t\t<h2 class=\"elementor-heading-title elementor-size-default\">galetes d'Aszende<\/h2>\t\t\t\t<\/div>\n\t\t\t\t<\/div>\n\t\t\t\t<div class=\"elementor-element elementor-element-7559083 elementor-widget elementor-widget-text-editor\" data-id=\"7559083\" data-element_type=\"widget\" data-e-type=\"widget\" data-widget_type=\"text-editor.default\">\n\t\t\t\t<div class=\"elementor-widget-container\">\n\t\t\t\t\t\t\t\t\tAlgunes s\u00f3n estrictament necess\u00e0ries, especialment les que serveixen per facilitar la navegaci\u00f3 o per recon\u00e8ixer les prefer\u00e8ncies de l&#8217;usuari durant la seva visita al lloc, mentre que d&#8217;altres s\u00f3n galetes anal\u00edtiques pr\u00f2pies per recopilar dades estad\u00edstiques relatives a l&#8217;activitat.\n<ul>\n \t<li><strong>Nom de la galeta:<\/strong> PHPSESSID<\/li>\n \t<li><strong>Data de caducitat<\/strong>: Sessi\u00f3<\/li>\n \t<li><strong>Objectiu<\/strong>: Aquesta galeta \u00e9s un identificador de sessi\u00f3 subministrat pel PHP per diferenciar les sessions dels diferents usuaris<\/li>\n<\/ul>\t\t\t\t\t\t\t\t<\/div>\n\t\t\t\t<\/div>\n\t\t\t\t<div class=\"elementor-element elementor-element-ce2fdc9 elementor-widget elementor-widget-heading\" data-id=\"ce2fdc9\" data-element_type=\"widget\" data-e-type=\"widget\" data-widget_type=\"heading.default\">\n\t\t\t\t<div class=\"elementor-widget-container\">\n\t\t\t\t\t<h2 class=\"elementor-heading-title elementor-size-default\">galetes de tercers<\/h2>\t\t\t\t<\/div>\n\t\t\t\t<\/div>\n\t\t\t\t<div class=\"elementor-element elementor-element-091cb3a elementor-widget elementor-widget-text-editor\" data-id=\"091cb3a\" data-element_type=\"widget\" data-e-type=\"widget\" data-widget_type=\"text-editor.default\">\n\t\t\t\t<div class=\"elementor-widget-container\">\n\t\t\t\t\t\t\t\t\t<p>Les galetes de tercers, especialment les utilitzades per a identificaci\u00f3 o les utilitzades pels prove\u00efdors externs de contingut com ara el motor de recerca de Google.<\/p>\n<ul>\n \t<li><strong>Nom de la galeta:<\/strong> _ga<\/li>\n \t<li><strong>Data de caducitat<\/strong>: Completar<\/li>\n \t<li><strong>Objectiu<\/strong>: galetes utilitzades per Google Analytics per al control estad\u00edstic d&#8217;accessos.<\/li>\n<\/ul>\nAszende utilitza els serveis d&#8217;un tercer, en particular la tecnologia de galetes, per realitzar an\u00e0lisis d&#8217;audi\u00e8ncia. Pot obtenir informaci\u00f3 m\u00e9s detallada sobre com Aszende recorre als serveis d&#8217;un tercer per recopilar i utilitzar la informaci\u00f3 en http:\/\/www.google.com\/intl\/es\/analytics.\t\t\t\t\t\t\t\t<\/div>\n\t\t\t\t<\/div>\n\t\t\t\t<div class=\"elementor-element elementor-element-10fcdea elementor-widget elementor-widget-heading\" data-id=\"10fcdea\" data-element_type=\"widget\" data-e-type=\"widget\" data-widget_type=\"heading.default\">\n\t\t\t\t<div class=\"elementor-widget-container\">\n\t\t\t\t\t<h2 class=\"elementor-heading-title elementor-size-default\">Bloqueig o eliminaci\u00f3 de galetes<\/h2>\t\t\t\t<\/div>\n\t\t\t\t<\/div>\n\t\t\t\t<div class=\"elementor-element elementor-element-341541f elementor-widget elementor-widget-text-editor\" data-id=\"341541f\" data-element_type=\"widget\" data-e-type=\"widget\" data-widget_type=\"text-editor.default\">\n\t\t\t\t<div class=\"elementor-widget-container\">\n\t\t\t\t\t\t\t\t\tPer autoritzar, identificar, bloquejar o eliminar les galetes instal\u00b7lades al seu ordinador, cal accedir a la configuraci\u00f3 d&#8217;opcions del navegador instal\u00b7lat en el seu dispositiu. Per obtenir informaci\u00f3 sobre com fer-ho en els seg\u00fcents navegadors, faci clic en els seg\u00fcents enlla\u00e7os:\n<ul>\n \t<li>Firefox, en <a href=\"http:\/\/support.mozilla.org\/es\/products\/firefox\/cookies\" target=\"_blank\" rel=\"noopener\">http:\/\/support.mozilla.org\/es\/products\/firefox\/galetes<\/a><\/li>\n \t<li>Chrome, a <a href=\"http:\/\/support.google.com\/chrome\/bin\/answer.py?hl=es&amp;answer;=95647\" target=\"_blank\" rel=\"noopener\">http:\/\/support.google.com\/chrome\/bin\/answer.py?hl=es&amp;answer;=95647<\/a><\/li>\n \t<li>Explorer, en <a href=\"http:\/\/windows.microsoft.com\/es-es\/windows7\/how-to-manage-cookies-in-internet-explorer-9\" target=\"_blank\" rel=\"noopener\">http:\/\/windows.microsoft.com\/es-es\/windows7\/how-to-manage-galetes-in-internet-explorer-9<\/a><\/li>\n \t<li>Safari, en <a href=\"http:\/\/support.apple.com\/kb\/ph5042\" target=\"_blank\" rel=\"noopener\">http:\/\/support.apple.com\/kb\/ph5042<\/a><\/li>\n<\/ul>\nTingui en compte que, encara que configuri el seu navegador per rebutjar totes les galetes, aix\u00f2 no li impedir\u00e0 navegar pel lloc web. L&#8217;\u00fanic inconvenient ser\u00e0 que no podr\u00e0 gaudir de les funcionalitats del lloc que requereixin la instal\u00b7laci\u00f3 d&#8217;alguna de les galetes, en concret, les funcionalitats indicades en les galetes de sessi\u00f3. En qualsevol cas, l&#8217;usuari podr\u00e0 eliminar en qualsevol moment les galetes d&#8217;Aszende instal\u00b7lades en el seu dispositiu seguint el procediment establert en la secci\u00f3 d&#8217;ajuda del seu navegador.<\/p>\t\t\t\t\t\t\t\t<\/div>\n\t\t\t\t<\/div>\n\t\t\t\t<div class=\"elementor-element elementor-element-45860a1 elementor-widget elementor-widget-heading\" data-id=\"45860a1\" data-element_type=\"widget\" data-e-type=\"widget\" data-widget_type=\"heading.default\">\n\t\t\t\t<div class=\"elementor-widget-container\">\n\t\t\t\t\t<h2 class=\"elementor-heading-title elementor-size-default\">CONSENTIMENT<\/h2>\t\t\t\t<\/div>\n\t\t\t\t<\/div>\n\t\t\t\t<div class=\"elementor-element elementor-element-0820137 elementor-widget elementor-widget-text-editor\" data-id=\"0820137\" data-element_type=\"widget\" data-e-type=\"widget\" data-widget_type=\"text-editor.default\">\n\t\t\t\t<div class=\"elementor-widget-container\">\n\t\t\t\t\t\t\t\t\t<p>En navegar i romandre en el lloc web, estar\u00e0 consentint l&#8217;\u00fas de les galetes abans esmentades, durant els terminis assenyalats i en les condicions que figuren en la present Pol\u00edtica de galetes.<\/p><p>\n\nPer obtenir m\u00e9s informaci\u00f3 Aszende, envi\u00ef un correu electr\u00f2nic a l&#8217;adre\u00e7a: info@aszende.com<\/p>\t\t\t\t\t\t\t\t<\/div>\n\t\t\t\t<\/div>\n\t\t\t\t\t<\/div>\n\t\t<\/div>\n\t\t\t\t\t<\/div>\n\t\t<\/section>\n\t\t\t\t<\/div>\n\t\t","protected":false},"excerpt":{"rendered":"<p>Pol\u00edtica de galetes Qu\u00e8 \u00e9s una galeta? Una galeta \u00e9s un arxiu que s&#8217;envia al seu ordinador quan accedeix a determinats llocs web. Les galetes permeten que un lloc emmagatzemi i recuperi informaci\u00f3 relativa als h\u00e0bits de navegaci\u00f3 d&#8217;un usuari o del seu equip i, depenent de la informaci\u00f3 que continguin i de com les [&hellip;]<\/p>\n","protected":false},"author":1,"featured_media":0,"parent":0,"menu_order":0,"comment_status":"closed","ping_status":"closed","template":"","meta":{"site-sidebar-layout":"no-sidebar","site-content-layout":"page-builder","ast-site-content-layout":"default","site-content-style":"default","site-sidebar-style":"default","ast-global-header-display":"","ast-banner-title-visibility":"","ast-main-header-display":"","ast-hfb-above-header-display":"","ast-hfb-below-header-display":"","ast-hfb-mobile-header-display":"","site-post-title":"disabled","ast-breadcrumbs-content":"","ast-featured-img":"disabled","footer-sml-layout":"","theme-transparent-header-meta":"default","adv-header-id-meta":"","stick-header-meta":"","header-above-stick-meta":"","header-main-stick-meta":"","header-below-stick-meta":"","astra-migrate-meta-layouts":"default","ast-page-background-enabled":"default","ast-page-background-meta":{"desktop":{"background-color":"var(--ast-global-color-4)","background-image":"","background-repeat":"repeat","background-position":"center center","background-size":"auto","background-attachment":"scroll","background-type":"","background-media":"","overlay-type":"","overlay-color":"","overlay-opacity":"","overlay-gradient":""},"tablet":{"background-color":"","background-image":"","background-repeat":"repeat","background-position":"center center","background-size":"auto","background-attachment":"scroll","background-type":"","background-media":"","overlay-type":"","overlay-color":"","overlay-opacity":"","overlay-gradient":""},"mobile":{"background-color":"","background-image":"","background-repeat":"repeat","background-position":"center center","background-size":"auto","background-attachment":"scroll","background-type":"","background-media":"","overlay-type":"","overlay-color":"","overlay-opacity":"","overlay-gradient":""}},"ast-content-background-meta":{"desktop":{"background-color":"var(--ast-global-color-5)","background-image":"","background-repeat":"repeat","background-position":"center center","background-size":"auto","background-attachment":"scroll","background-type":"","background-media":"","overlay-type":"","overlay-color":"","overlay-opacity":"","overlay-gradient":""},"tablet":{"background-color":"var(--ast-global-color-5)","background-image":"","background-repeat":"repeat","background-position":"center center","background-size":"auto","background-attachment":"scroll","background-type":"","background-media":"","overlay-type":"","overlay-color":"","overlay-opacity":"","overlay-gradient":""},"mobile":{"background-color":"var(--ast-global-color-5)","background-image":"","background-repeat":"repeat","background-position":"center center","background-size":"auto","background-attachment":"scroll","background-type":"","background-media":"","overlay-type":"","overlay-color":"","overlay-opacity":"","overlay-gradient":""}},"footnotes":""},"class_list":["post-18250","page","type-page","status-publish","hentry"],"yoast_head":"<!-- This site is optimized with the Yoast SEO plugin v27.0 - https:\/\/yoast.com\/product\/yoast-seo-wordpress\/ -->\n<title>Pol\u00edtica de galetes - Aszende<\/title>\n<meta name=\"robots\" content=\"index, follow, max-snippet:-1, max-image-preview:large, max-video-preview:-1\" \/>\n<link rel=\"canonical\" href=\"https:\/\/www.aszende.com\/ca\/politica-de-galetes\/\" \/>\n<meta property=\"og:locale\" content=\"ca_ES\" \/>\n<meta property=\"og:type\" content=\"article\" \/>\n<meta property=\"og:title\" content=\"Pol\u00edtica de galetes - Aszende\" \/>\n<meta property=\"og:description\" content=\"Pol\u00edtica de galetes Qu\u00e8 \u00e9s una galeta? Una galeta \u00e9s un arxiu que s&#8217;envia al seu ordinador quan accedeix a determinats llocs web. Les galetes permeten que un lloc emmagatzemi i recuperi informaci\u00f3 relativa als h\u00e0bits de navegaci\u00f3 d&#8217;un usuari o del seu equip i, depenent de la informaci\u00f3 que continguin i de com les [&hellip;]\" \/>\n<meta property=\"og:url\" content=\"https:\/\/www.aszende.com\/ca\/politica-de-galetes\/\" \/>\n<meta property=\"og:site_name\" content=\"Aszende\" \/>\n<meta property=\"article:modified_time\" content=\"2023-10-25T12:18:31+00:00\" \/>\n<meta property=\"og:image\" content=\"https:\/\/www.aszende.com\/wp-content\/uploads\/2022\/06\/LOGO-CLAIM-Aszende-gris-azul-en-alta-calidad.png\" \/>\n\t<meta property=\"og:image:width\" content=\"1436\" \/>\n\t<meta property=\"og:image:height\" content=\"473\" \/>\n\t<meta property=\"og:image:type\" content=\"image\/png\" \/>\n<meta name=\"twitter:card\" content=\"summary_large_image\" \/>\n<meta name=\"twitter:label1\" content=\"Temps estimat de lectura\" \/>\n\t<meta name=\"twitter:data1\" content=\"4 minuts\" \/>\n<script type=\"application\/ld+json\" class=\"yoast-schema-graph\">{\"@context\":\"https:\/\/schema.org\",\"@graph\":[{\"@type\":\"WebPage\",\"@id\":\"https:\/\/www.aszende.com\/ca\/politica-de-galetes\/\",\"url\":\"https:\/\/www.aszende.com\/ca\/politica-de-galetes\/\",\"name\":\"Pol\u00edtica de galetes - Aszende\",\"isPartOf\":{\"@id\":\"https:\/\/www.aszende.com\/en\/#website\"},\"datePublished\":\"2022-05-18T10:12:02+00:00\",\"dateModified\":\"2023-10-25T12:18:31+00:00\",\"breadcrumb\":{\"@id\":\"https:\/\/www.aszende.com\/ca\/politica-de-galetes\/#breadcrumb\"},\"inLanguage\":\"ca\",\"potentialAction\":[{\"@type\":\"ReadAction\",\"target\":[\"https:\/\/www.aszende.com\/ca\/politica-de-galetes\/\"]}]},{\"@type\":\"BreadcrumbList\",\"@id\":\"https:\/\/www.aszende.com\/ca\/politica-de-galetes\/#breadcrumb\",\"itemListElement\":[{\"@type\":\"ListItem\",\"position\":1,\"name\":\"Inicio\",\"item\":\"https:\/\/www.aszende.com\/ca\/\"},{\"@type\":\"ListItem\",\"position\":2,\"name\":\"Pol\u00edtica de galetes\"}]},{\"@type\":\"WebSite\",\"@id\":\"https:\/\/www.aszende.com\/en\/#website\",\"url\":\"https:\/\/www.aszende.com\/en\/\",\"name\":\"Aszende\",\"description\":\"\",\"publisher\":{\"@id\":\"https:\/\/www.aszende.com\/en\/#organization\"},\"potentialAction\":[{\"@type\":\"SearchAction\",\"target\":{\"@type\":\"EntryPoint\",\"urlTemplate\":\"https:\/\/www.aszende.com\/en\/?s={search_term_string}\"},\"query-input\":{\"@type\":\"PropertyValueSpecification\",\"valueRequired\":true,\"valueName\":\"search_term_string\"}}],\"inLanguage\":\"ca\"},{\"@type\":\"Organization\",\"@id\":\"https:\/\/www.aszende.com\/en\/#organization\",\"name\":\"Aszende\",\"url\":\"https:\/\/www.aszende.com\/en\/\",\"logo\":{\"@type\":\"ImageObject\",\"inLanguage\":\"ca\",\"@id\":\"https:\/\/www.aszende.com\/en\/#\/schema\/logo\/image\/\",\"url\":\"https:\/\/www.aszende.com\/wp-content\/uploads\/2022\/10\/LOGO-Aszende-sin-R.png\",\"contentUrl\":\"https:\/\/www.aszende.com\/wp-content\/uploads\/2022\/10\/LOGO-Aszende-sin-R.png\",\"width\":346,\"height\":114,\"caption\":\"Aszende\"},\"image\":{\"@id\":\"https:\/\/www.aszende.com\/en\/#\/schema\/logo\/image\/\"}}]}<\/script>\n<!-- \/ Yoast SEO plugin. -->","yoast_head_json":{"title":"Pol\u00edtica de galetes - Aszende","robots":{"index":"index","follow":"follow","max-snippet":"max-snippet:-1","max-image-preview":"max-image-preview:large","max-video-preview":"max-video-preview:-1"},"canonical":"https:\/\/www.aszende.com\/ca\/politica-de-galetes\/","og_locale":"ca_ES","og_type":"article","og_title":"Pol\u00edtica de galetes - Aszende","og_description":"Pol\u00edtica de galetes Qu\u00e8 \u00e9s una galeta? Una galeta \u00e9s un arxiu que s&#8217;envia al seu ordinador quan accedeix a determinats llocs web. Les galetes permeten que un lloc emmagatzemi i recuperi informaci\u00f3 relativa als h\u00e0bits de navegaci\u00f3 d&#8217;un usuari o del seu equip i, depenent de la informaci\u00f3 que continguin i de com les [&hellip;]","og_url":"https:\/\/www.aszende.com\/ca\/politica-de-galetes\/","og_site_name":"Aszende","article_modified_time":"2023-10-25T12:18:31+00:00","og_image":[{"width":1436,"height":473,"url":"https:\/\/www.aszende.com\/wp-content\/uploads\/2022\/06\/LOGO-CLAIM-Aszende-gris-azul-en-alta-calidad.png","type":"image\/png"}],"twitter_card":"summary_large_image","twitter_misc":{"Temps estimat de lectura":"4 minuts"},"schema":{"@context":"https:\/\/schema.org","@graph":[{"@type":"WebPage","@id":"https:\/\/www.aszende.com\/ca\/politica-de-galetes\/","url":"https:\/\/www.aszende.com\/ca\/politica-de-galetes\/","name":"Pol\u00edtica de galetes - Aszende","isPartOf":{"@id":"https:\/\/www.aszende.com\/en\/#website"},"datePublished":"2022-05-18T10:12:02+00:00","dateModified":"2023-10-25T12:18:31+00:00","breadcrumb":{"@id":"https:\/\/www.aszende.com\/ca\/politica-de-galetes\/#breadcrumb"},"inLanguage":"ca","potentialAction":[{"@type":"ReadAction","target":["https:\/\/www.aszende.com\/ca\/politica-de-galetes\/"]}]},{"@type":"BreadcrumbList","@id":"https:\/\/www.aszende.com\/ca\/politica-de-galetes\/#breadcrumb","itemListElement":[{"@type":"ListItem","position":1,"name":"Inicio","item":"https:\/\/www.aszende.com\/ca\/"},{"@type":"ListItem","position":2,"name":"Pol\u00edtica de galetes"}]},{"@type":"WebSite","@id":"https:\/\/www.aszende.com\/en\/#website","url":"https:\/\/www.aszende.com\/en\/","name":"Aszende","description":"","publisher":{"@id":"https:\/\/www.aszende.com\/en\/#organization"},"potentialAction":[{"@type":"SearchAction","target":{"@type":"EntryPoint","urlTemplate":"https:\/\/www.aszende.com\/en\/?s={search_term_string}"},"query-input":{"@type":"PropertyValueSpecification","valueRequired":true,"valueName":"search_term_string"}}],"inLanguage":"ca"},{"@type":"Organization","@id":"https:\/\/www.aszende.com\/en\/#organization","name":"Aszende","url":"https:\/\/www.aszende.com\/en\/","logo":{"@type":"ImageObject","inLanguage":"ca","@id":"https:\/\/www.aszende.com\/en\/#\/schema\/logo\/image\/","url":"https:\/\/www.aszende.com\/wp-content\/uploads\/2022\/10\/LOGO-Aszende-sin-R.png","contentUrl":"https:\/\/www.aszende.com\/wp-content\/uploads\/2022\/10\/LOGO-Aszende-sin-R.png","width":346,"height":114,"caption":"Aszende"},"image":{"@id":"https:\/\/www.aszende.com\/en\/#\/schema\/logo\/image\/"}}]}},"_links":{"self":[{"href":"https:\/\/www.aszende.com\/ca\/wp-json\/wp\/v2\/pages\/18250","targetHints":{"allow":["GET"]}}],"collection":[{"href":"https:\/\/www.aszende.com\/ca\/wp-json\/wp\/v2\/pages"}],"about":[{"href":"https:\/\/www.aszende.com\/ca\/wp-json\/wp\/v2\/types\/page"}],"author":[{"embeddable":true,"href":"https:\/\/www.aszende.com\/ca\/wp-json\/wp\/v2\/users\/1"}],"replies":[{"embeddable":true,"href":"https:\/\/www.aszende.com\/ca\/wp-json\/wp\/v2\/comments?post=18250"}],"version-history":[{"count":0,"href":"https:\/\/www.aszende.com\/ca\/wp-json\/wp\/v2\/pages\/18250\/revisions"}],"wp:attachment":[{"href":"https:\/\/www.aszende.com\/ca\/wp-json\/wp\/v2\/media?parent=18250"}],"curies":[{"name":"wp","href":"https:\/\/api.w.org\/{rel}","templated":true}]}}