{"id":18256,"date":"2022-05-20T10:25:38","date_gmt":"2022-05-20T10:25:38","guid":{"rendered":"https:\/\/www.aszende.com\/?page_id=18256"},"modified":"2023-10-25T12:14:53","modified_gmt":"2023-10-25T12:14:53","slug":"blog","status":"publish","type":"page","link":"https:\/\/www.aszende.com\/ca\/blog\/","title":{"rendered":"Blog"},"content":{"rendered":"\t\t<div data-elementor-type=\"wp-page\" data-elementor-id=\"18256\" class=\"elementor elementor-18256 elementor-3652\" data-elementor-post-type=\"page\">\n\t\t\t\t\t\t<section class=\"elementor-section elementor-top-section elementor-element elementor-element-90a77d6 elementor-section-height-min-height elementor-section-boxed elementor-section-height-default elementor-section-items-middle\" data-id=\"90a77d6\" data-element_type=\"section\" data-e-type=\"section\" data-settings=\"{&quot;background_background&quot;:&quot;classic&quot;}\">\n\t\t\t\t\t\t<div class=\"elementor-container elementor-column-gap-default\">\n\t\t\t\t\t<div class=\"elementor-column elementor-col-100 elementor-top-column elementor-element elementor-element-ca3fd0f\" data-id=\"ca3fd0f\" data-element_type=\"column\" data-e-type=\"column\">\n\t\t\t<div class=\"elementor-widget-wrap elementor-element-populated\">\n\t\t\t\t\t\t<div class=\"elementor-element elementor-element-840472e elementor-widget elementor-widget-heading\" data-id=\"840472e\" data-element_type=\"widget\" data-e-type=\"widget\" data-widget_type=\"heading.default\">\n\t\t\t\t<div class=\"elementor-widget-container\">\n\t\t\t\t\t<h1 class=\"elementor-heading-title elementor-size-default\">Not\u00edcies<\/h1>\t\t\t\t<\/div>\n\t\t\t\t<\/div>\n\t\t\t\t\t<\/div>\n\t\t<\/div>\n\t\t\t\t\t<\/div>\n\t\t<\/section>\n\t\t\t\t<section class=\"elementor-section elementor-top-section elementor-element elementor-element-5df0504 elementor-section-height-min-height elementor-section-boxed elementor-section-height-default elementor-section-items-middle\" data-id=\"5df0504\" data-element_type=\"section\" data-e-type=\"section\" data-settings=\"{&quot;background_background&quot;:&quot;classic&quot;}\">\n\t\t\t\t\t\t<div class=\"elementor-container elementor-column-gap-default\">\n\t\t\t\t\t<div class=\"elementor-column elementor-col-100 elementor-top-column elementor-element elementor-element-df4781e\" data-id=\"df4781e\" data-element_type=\"column\" data-e-type=\"column\">\n\t\t\t<div class=\"elementor-widget-wrap elementor-element-populated\">\n\t\t\t\t\t\t<div class=\"elementor-element elementor-element-2630b5d elementor-widget elementor-widget-heading\" data-id=\"2630b5d\" data-element_type=\"widget\" data-e-type=\"widget\" data-widget_type=\"heading.default\">\n\t\t\t\t<div class=\"elementor-widget-container\">\n\t\t\t\t\t<h2 class=\"elementor-heading-title elementor-size-default\">Blog d'Aszende<\/h2>\t\t\t\t<\/div>\n\t\t\t\t<\/div>\n\t\t\t\t\t<\/div>\n\t\t<\/div>\n\t\t\t\t\t<\/div>\n\t\t<\/section>\n\t\t\t\t<section class=\"elementor-section elementor-top-section elementor-element elementor-element-5925079 elementor-section-boxed elementor-section-height-default elementor-section-height-default\" data-id=\"5925079\" data-element_type=\"section\" data-e-type=\"section\">\n\t\t\t\t\t\t<div class=\"elementor-container elementor-column-gap-default\">\n\t\t\t\t\t<div class=\"elementor-column elementor-col-100 elementor-top-column elementor-element elementor-element-29a29f0\" data-id=\"29a29f0\" data-element_type=\"column\" data-e-type=\"column\">\n\t\t\t<div class=\"elementor-widget-wrap elementor-element-populated\">\n\t\t\t\t\t\t<div class=\"elementor-element elementor-element-9220264 elementor-grid-1 elementor-posts--thumbnail-none bloque_listado_noticias elementor-grid-tablet-1 elementor-grid-mobile-1 elementor-card-shadow-yes elementor-posts__hover-gradient load-more-align-center elementor-widget elementor-widget-posts\" data-id=\"9220264\" data-element_type=\"widget\" data-e-type=\"widget\" data-settings=\"{&quot;cards_columns&quot;:&quot;1&quot;,&quot;pagination_type&quot;:&quot;load_more_on_click&quot;,&quot;cards_columns_tablet&quot;:&quot;1&quot;,&quot;cards_columns_mobile&quot;:&quot;1&quot;,&quot;cards_row_gap&quot;:{&quot;unit&quot;:&quot;px&quot;,&quot;size&quot;:35,&quot;sizes&quot;:[]},&quot;cards_row_gap_laptop&quot;:{&quot;unit&quot;:&quot;px&quot;,&quot;size&quot;:&quot;&quot;,&quot;sizes&quot;:[]},&quot;cards_row_gap_tablet_extra&quot;:{&quot;unit&quot;:&quot;px&quot;,&quot;size&quot;:&quot;&quot;,&quot;sizes&quot;:[]},&quot;cards_row_gap_tablet&quot;:{&quot;unit&quot;:&quot;px&quot;,&quot;size&quot;:&quot;&quot;,&quot;sizes&quot;:[]},&quot;cards_row_gap_mobile&quot;:{&quot;unit&quot;:&quot;px&quot;,&quot;size&quot;:&quot;&quot;,&quot;sizes&quot;:[]},&quot;load_more_spinner&quot;:{&quot;value&quot;:&quot;fas fa-spinner&quot;,&quot;library&quot;:&quot;fa-solid&quot;}}\" data-widget_type=\"posts.cards\">\n\t\t\t\t<div class=\"elementor-widget-container\">\n\t\t\t\t\t\t\t<div class=\"elementor-posts-container elementor-posts elementor-posts--skin-cards elementor-grid\" role=\"list\">\n\t\t\t\t<article class=\"elementor-post elementor-grid-item post-27327 post type-post status-publish format-standard has-post-thumbnail hentry category-installacions\" role=\"listitem\">\n\t\t\t<div class=\"elementor-post__card\">\n\t\t\t\t<div class=\"elementor-post__text\">\n\t\t\t\t<h2 class=\"elementor-post__title\">\n\t\t\t<a href=\"https:\/\/www.aszende.com\/ca\/blog\/definicio-i-caracteristiques-dels-ascensors-panoramics\/\" >\n\t\t\t\tDefinici\u00f3 i caracter\u00edstiques principals dels ascensors panor\u00e0mics\t\t\t<\/a>\n\t\t<\/h2>\n\t\t\t\t<div class=\"elementor-post__excerpt\">\n\t\t\t<p>Els ascensors panor\u00e0mics s\u00f3n equips d\u2019elevaci\u00f3 la cabina dels quals incorpora un o diversos costats de vidre, cosa que permet observar l\u2019exterior o l\u2019entorn de l\u2019edifici durant el recorregut entre plantes.<\/p>\n\t\t<\/div>\n\t\t\n\t\t<a class=\"elementor-post__read-more\" href=\"https:\/\/www.aszende.com\/ca\/blog\/definicio-i-caracteristiques-dels-ascensors-panoramics\/\" aria-label=\"Read more about Definici\u00f3 i caracter\u00edstiques principals dels ascensors panor\u00e0mics\" tabindex=\"-1\" >\n\t\t\tContinuar llegint\t\t<\/a>\n\n\t\t\t\t<\/div>\n\t\t\t\t<div class=\"elementor-post__meta-data\">\n\t\t\t\t\t<span class=\"elementor-post-date\">\n\t\t\t13 de mar\u00e7 de 2026\t\t<\/span>\n\t\t\t\t<\/div>\n\t\t\t\t\t<\/div>\n\t\t<\/article>\n\t\t\t\t<article class=\"elementor-post elementor-grid-item post-27343 post type-post status-publish format-standard has-post-thumbnail hentry category-installacions\" role=\"listitem\">\n\t\t\t<div class=\"elementor-post__card\">\n\t\t\t\t<div class=\"elementor-post__text\">\n\t\t\t\t<h2 class=\"elementor-post__title\">\n\t\t\t<a href=\"https:\/\/www.aszende.com\/ca\/blog\/com-netejar-les-guies-dun-ascensor\/\" >\n\t\t\t\tCom netejar les guies d\u2019un ascensor de manera segura i quan ho ha de fer un professional\t\t\t<\/a>\n\t\t<\/h2>\n\t\t\t\t<div class=\"elementor-post__excerpt\">\n\t\t\t<p>Alguna vegada t\u2019has preguntat com netejar les guies de l\u2019ascensor? Tot i que pot semblar una tasca senzilla, la veritat \u00e9s que aquests elements formen part d\u2019un sistema t\u00e8cnic essencial per al correcte despla\u00e7ament de la cabina dins del buit de l\u2019ascensor. <\/p>\n\t\t<\/div>\n\t\t\n\t\t<a class=\"elementor-post__read-more\" href=\"https:\/\/www.aszende.com\/ca\/blog\/com-netejar-les-guies-dun-ascensor\/\" aria-label=\"Read more about Com netejar les guies d\u2019un ascensor de manera segura i quan ho ha de fer un professional\" tabindex=\"-1\" >\n\t\t\tContinuar llegint\t\t<\/a>\n\n\t\t\t\t<\/div>\n\t\t\t\t<div class=\"elementor-post__meta-data\">\n\t\t\t\t\t<span class=\"elementor-post-date\">\n\t\t\t11 de mar\u00e7 de 2026\t\t<\/span>\n\t\t\t\t<\/div>\n\t\t\t\t\t<\/div>\n\t\t<\/article>\n\t\t\t\t<article class=\"elementor-post elementor-grid-item post-27220 post type-post status-publish format-standard has-post-thumbnail hentry category-noticias-ca\" role=\"listitem\">\n\t\t\t<div class=\"elementor-post__card\">\n\t\t\t\t<div class=\"elementor-post__text\">\n\t\t\t\t<h2 class=\"elementor-post__title\">\n\t\t\t<a href=\"https:\/\/www.aszende.com\/ca\/blog\/quin-es-el-paper-de-la-federacion-empresarial-espanola-de-ascensores\/\" >\n\t\t\t\tQuin \u00e9s el paper de la Federaci\u00f3n Empresarial Espa\u00f1ola de Ascensores (FEEDA) en el sector de l\u2019elevaci\u00f3\t\t\t<\/a>\n\t\t<\/h2>\n\t\t\t\t<div class=\"elementor-post__excerpt\">\n\t\t\t<p>La Federaci\u00f3n Empresarial Espa\u00f1ola de Ascensores (FEEDA) es posiciona com una entitat clau per a la cohesi\u00f3 i l\u2019evoluci\u00f3 del sector de l\u2019elevaci\u00f3, actuant com a punt de connexi\u00f3 entre empreses, administracions p\u00fabliques i organismes t\u00e8cnics.<\/p>\n\t\t<\/div>\n\t\t\n\t\t<a class=\"elementor-post__read-more\" href=\"https:\/\/www.aszende.com\/ca\/blog\/quin-es-el-paper-de-la-federacion-empresarial-espanola-de-ascensores\/\" aria-label=\"Read more about Quin \u00e9s el paper de la Federaci\u00f3n Empresarial Espa\u00f1ola de Ascensores (FEEDA) en el sector de l\u2019elevaci\u00f3\" tabindex=\"-1\" >\n\t\t\tContinuar llegint\t\t<\/a>\n\n\t\t\t\t<\/div>\n\t\t\t\t<div class=\"elementor-post__meta-data\">\n\t\t\t\t\t<span class=\"elementor-post-date\">\n\t\t\t10 de febrer de 2026\t\t<\/span>\n\t\t\t\t<\/div>\n\t\t\t\t\t<\/div>\n\t\t<\/article>\n\t\t\t\t<article class=\"elementor-post elementor-grid-item post-27241 post type-post status-publish format-standard has-post-thumbnail hentry category-installacions\" role=\"listitem\">\n\t\t\t<div class=\"elementor-post__card\">\n\t\t\t\t<div class=\"elementor-post__text\">\n\t\t\t\t<h2 class=\"elementor-post__title\">\n\t\t\t<a href=\"https:\/\/www.aszende.com\/ca\/blog\/numero-rae-dun-ascensor\/\" >\n\t\t\t\tQu\u00e8 \u00e9s el n\u00famero RAE d\u2019un ascensor i on ha d\u2019estar visible\t\t\t<\/a>\n\t\t<\/h2>\n\t\t\t\t<div class=\"elementor-post__excerpt\">\n\t\t\t<p>En l\u2019\u00e0mbit del manteniment d\u2019ascensors, el n\u00famero RAE constitueix un element essencial dins del control t\u00e8cnic i legal de qualsevol instal\u00b7laci\u00f3 a Espanya.<\/p>\n\t\t<\/div>\n\t\t\n\t\t<a class=\"elementor-post__read-more\" href=\"https:\/\/www.aszende.com\/ca\/blog\/numero-rae-dun-ascensor\/\" aria-label=\"Read more about Qu\u00e8 \u00e9s el n\u00famero RAE d\u2019un ascensor i on ha d\u2019estar visible\" tabindex=\"-1\" >\n\t\t\tContinuar llegint\t\t<\/a>\n\n\t\t\t\t<\/div>\n\t\t\t\t<div class=\"elementor-post__meta-data\">\n\t\t\t\t\t<span class=\"elementor-post-date\">\n\t\t\t10 de febrer de 2026\t\t<\/span>\n\t\t\t\t<\/div>\n\t\t\t\t\t<\/div>\n\t\t<\/article>\n\t\t\t\t<article class=\"elementor-post elementor-grid-item post-26918 post type-post status-publish format-standard has-post-thumbnail hentry category-installacions\" role=\"listitem\">\n\t\t\t<div class=\"elementor-post__card\">\n\t\t\t\t<div class=\"elementor-post__text\">\n\t\t\t\t<h2 class=\"elementor-post__title\">\n\t\t\t<a href=\"https:\/\/www.aszende.com\/ca\/blog\/en-que-consisteix-la-inspeccio-dascensors\/\" >\n\t\t\t\tEn qu\u00e8 consisteix la inspecci\u00f3 d\u2019ascensors i quan toca?\t\t\t<\/a>\n\t\t<\/h2>\n\t\t\t\t<div class=\"elementor-post__excerpt\">\n\t\t\t<p>Tant en edificis industrials, de p\u00fablica concurr\u00e8ncia com residencials, la inspecci\u00f3 d\u2019ascensors \u00e9s fonamental per garantir un funcionament \u00f2ptim i protegir la seguretat de les persones que els utilitzen.<\/p>\n\t\t<\/div>\n\t\t\n\t\t<a class=\"elementor-post__read-more\" href=\"https:\/\/www.aszende.com\/ca\/blog\/en-que-consisteix-la-inspeccio-dascensors\/\" aria-label=\"Read more about En qu\u00e8 consisteix la inspecci\u00f3 d\u2019ascensors i quan toca?\" tabindex=\"-1\" >\n\t\t\tContinuar llegint\t\t<\/a>\n\n\t\t\t\t<\/div>\n\t\t\t\t<div class=\"elementor-post__meta-data\">\n\t\t\t\t\t<span class=\"elementor-post-date\">\n\t\t\t27 de gener de 2026\t\t<\/span>\n\t\t\t\t<\/div>\n\t\t\t\t\t<\/div>\n\t\t<\/article>\n\t\t\t\t<article class=\"elementor-post elementor-grid-item post-26935 post type-post status-publish format-standard has-post-thumbnail hentry category-installacions\" role=\"listitem\">\n\t\t\t<div class=\"elementor-post__card\">\n\t\t\t\t<div class=\"elementor-post__text\">\n\t\t\t\t<h2 class=\"elementor-post__title\">\n\t\t\t<a href=\"https:\/\/www.aszende.com\/ca\/blog\/reparacio-dascensors\/\" >\n\t\t\t\tReparaci\u00f3 d\u2019ascensors: causes comunes i solucions r\u00e0pides\t\t\t<\/a>\n\t\t<\/h2>\n\t\t\t\t<div class=\"elementor-post__excerpt\">\n\t\t\t<p>Les incid\u00e8ncies en els sistemes d\u2019elevaci\u00f3 apareixen sense av\u00eds previ, interrompent el servei i generant preocupaci\u00f3 entre els usuaris. Davant aquesta situaci\u00f3, una reparaci\u00f3 d\u2019ascensors r\u00e0pida i segura \u00e9s fonamental per restablir l\u2019operaci\u00f3 i evitar que una avaria puntual derivi en fallades m\u00e9s greus. <\/p>\n\t\t<\/div>\n\t\t\n\t\t<a class=\"elementor-post__read-more\" href=\"https:\/\/www.aszende.com\/ca\/blog\/reparacio-dascensors\/\" aria-label=\"Read more about Reparaci\u00f3 d\u2019ascensors: causes comunes i solucions r\u00e0pides\" tabindex=\"-1\" >\n\t\t\tContinuar llegint\t\t<\/a>\n\n\t\t\t\t<\/div>\n\t\t\t\t<div class=\"elementor-post__meta-data\">\n\t\t\t\t\t<span class=\"elementor-post-date\">\n\t\t\t27 de gener de 2026\t\t<\/span>\n\t\t\t\t<\/div>\n\t\t\t\t\t<\/div>\n\t\t<\/article>\n\t\t\t\t<\/div>\n\t\t\t\t\t<span class=\"e-load-more-spinner\">\n\t\t\t\t<i aria-hidden=\"true\" class=\"fas fa-spinner\"><\/i>\t\t\t<\/span>\n\t\t\n\t\t\t\t<div class=\"e-load-more-anchor\" data-page=\"1\" data-max-page=\"14\" data-next-page=\"https:\/\/www.aszende.com\/ca\/wp-json\/wp\/v2\/pages\/18256\/page\/2\/\"><\/div>\n\t\t\t\t<div class=\"elementor-button-wrapper\">\n\t\t\t<a class=\"elementor-button elementor-size-sm\" role=\"button\">\n\t\t\t\t\t\t<span class=\"elementor-button-content-wrapper\">\n\t\t\t\t\t\t\t<span class=\"elementor-button-icon\">\n\t\t\t\t<i aria-hidden=\"true\" class=\"icon icon-down-arrow1\"><\/i>\t\t\t<\/span>\n\t\t\t\t\t\t\t\t\t<span class=\"elementor-button-text\">Veure m\u00e9s antigues<\/span>\n\t\t\t\t\t<\/span>\n\t\t\t\t\t<\/a>\n\t\t<\/div>\n\t\t\t\t<div class=\"e-load-more-message\"><\/div>\n\t\t\t\t\t\t<\/div>\n\t\t\t\t<\/div>\n\t\t\t\t\t<\/div>\n\t\t<\/div>\n\t\t\t\t\t<\/div>\n\t\t<\/section>\n\t\t\t\t<\/div>\n\t\t","protected":false},"excerpt":{"rendered":"<p>Not\u00edcies Blog d&#8217;Aszende<\/p>\n","protected":false},"author":1,"featured_media":0,"parent":0,"menu_order":0,"comment_status":"closed","ping_status":"closed","template":"","meta":{"site-sidebar-layout":"no-sidebar","site-content-layout":"page-builder","ast-site-content-layout":"default","site-content-style":"default","site-sidebar-style":"default","ast-global-header-display":"","ast-banner-title-visibility":"","ast-main-header-display":"","ast-hfb-above-header-display":"","ast-hfb-below-header-display":"","ast-hfb-mobile-header-display":"","site-post-title":"disabled","ast-breadcrumbs-content":"","ast-featured-img":"disabled","footer-sml-layout":"","theme-transparent-header-meta":"default","adv-header-id-meta":"","stick-header-meta":"","header-above-stick-meta":"","header-main-stick-meta":"","header-below-stick-meta":"","astra-migrate-meta-layouts":"default","ast-page-background-enabled":"default","ast-page-background-meta":{"desktop":{"background-color":"var(--ast-global-color-4)","background-image":"","background-repeat":"repeat","background-position":"center center","background-size":"auto","background-attachment":"scroll","background-type":"","background-media":"","overlay-type":"","overlay-color":"","overlay-opacity":"","overlay-gradient":""},"tablet":{"background-color":"","background-image":"","background-repeat":"repeat","background-position":"center center","background-size":"auto","background-attachment":"scroll","background-type":"","background-media":"","overlay-type":"","overlay-color":"","overlay-opacity":"","overlay-gradient":""},"mobile":{"background-color":"","background-image":"","background-repeat":"repeat","background-position":"center center","background-size":"auto","background-attachment":"scroll","background-type":"","background-media":"","overlay-type":"","overlay-color":"","overlay-opacity":"","overlay-gradient":""}},"ast-content-background-meta":{"desktop":{"background-color":"var(--ast-global-color-5)","background-image":"","background-repeat":"repeat","background-position":"center center","background-size":"auto","background-attachment":"scroll","background-type":"","background-media":"","overlay-type":"","overlay-color":"","overlay-opacity":"","overlay-gradient":""},"tablet":{"background-color":"var(--ast-global-color-5)","background-image":"","background-repeat":"repeat","background-position":"center center","background-size":"auto","background-attachment":"scroll","background-type":"","background-media":"","overlay-type":"","overlay-color":"","overlay-opacity":"","overlay-gradient":""},"mobile":{"background-color":"var(--ast-global-color-5)","background-image":"","background-repeat":"repeat","background-position":"center center","background-size":"auto","background-attachment":"scroll","background-type":"","background-media":"","overlay-type":"","overlay-color":"","overlay-opacity":"","overlay-gradient":""}},"footnotes":""},"class_list":["post-18256","page","type-page","status-publish","hentry"],"yoast_head":"<!-- This site is optimized with the Yoast SEO plugin v27.0 - https:\/\/yoast.com\/product\/yoast-seo-wordpress\/ -->\n<title>Aszende^ - Tot sobre Ascensors i Mobilitat Vertical<\/title>\n<meta name=\"description\" content=\"Coneix tot sobre Aszende i les darreres not\u00edcies en ascensors i mobilitat vertical: muntac\u00e0rregues, accessibilitat, portes autom\u00e0tiques i escales mec\u00e0niques.\" \/>\n<meta name=\"robots\" content=\"index, follow, max-snippet:-1, max-image-preview:large, max-video-preview:-1\" \/>\n<link rel=\"canonical\" href=\"https:\/\/www.aszende.com\/ca\/blog\/\" \/>\n<meta property=\"og:locale\" content=\"ca_ES\" \/>\n<meta property=\"og:type\" content=\"article\" \/>\n<meta property=\"og:title\" content=\"Aszende^ - Tot sobre Ascensors i Mobilitat Vertical\" \/>\n<meta property=\"og:description\" content=\"Coneix tot sobre Aszende i les darreres not\u00edcies en ascensors i mobilitat vertical: muntac\u00e0rregues, accessibilitat, portes autom\u00e0tiques i escales mec\u00e0niques.\" \/>\n<meta property=\"og:url\" content=\"https:\/\/www.aszende.com\/ca\/blog\/\" \/>\n<meta property=\"og:site_name\" content=\"Aszende\" \/>\n<meta property=\"article:modified_time\" content=\"2023-10-25T12:14:53+00:00\" \/>\n<meta property=\"og:image\" content=\"https:\/\/www.aszende.com\/wp-content\/uploads\/2022\/06\/LOGO-CLAIM-Aszende-gris-azul-en-alta-calidad.png\" \/>\n\t<meta property=\"og:image:width\" content=\"1436\" \/>\n\t<meta property=\"og:image:height\" content=\"473\" \/>\n\t<meta property=\"og:image:type\" content=\"image\/png\" \/>\n<meta name=\"twitter:card\" content=\"summary_large_image\" \/>\n<script type=\"application\/ld+json\" class=\"yoast-schema-graph\">{\"@context\":\"https:\/\/schema.org\",\"@graph\":[{\"@type\":\"WebPage\",\"@id\":\"https:\/\/www.aszende.com\/ca\/blog\/\",\"url\":\"https:\/\/www.aszende.com\/ca\/blog\/\",\"name\":\"Aszende^ - Tot sobre Ascensors i Mobilitat Vertical\",\"isPartOf\":{\"@id\":\"https:\/\/www.aszende.com\/en\/#website\"},\"datePublished\":\"2022-05-20T10:25:38+00:00\",\"dateModified\":\"2023-10-25T12:14:53+00:00\",\"description\":\"Coneix tot sobre Aszende i les darreres not\u00edcies en ascensors i mobilitat vertical: muntac\u00e0rregues, accessibilitat, portes autom\u00e0tiques i escales mec\u00e0niques.\",\"breadcrumb\":{\"@id\":\"https:\/\/www.aszende.com\/ca\/blog\/#breadcrumb\"},\"inLanguage\":\"ca\",\"potentialAction\":[{\"@type\":\"ReadAction\",\"target\":[\"https:\/\/www.aszende.com\/ca\/blog\/\"]}]},{\"@type\":\"BreadcrumbList\",\"@id\":\"https:\/\/www.aszende.com\/ca\/blog\/#breadcrumb\",\"itemListElement\":[{\"@type\":\"ListItem\",\"position\":1,\"name\":\"Inicio\",\"item\":\"https:\/\/www.aszende.com\/ca\/\"},{\"@type\":\"ListItem\",\"position\":2,\"name\":\"Blog\"}]},{\"@type\":\"WebSite\",\"@id\":\"https:\/\/www.aszende.com\/en\/#website\",\"url\":\"https:\/\/www.aszende.com\/en\/\",\"name\":\"Aszende\",\"description\":\"\",\"publisher\":{\"@id\":\"https:\/\/www.aszende.com\/en\/#organization\"},\"potentialAction\":[{\"@type\":\"SearchAction\",\"target\":{\"@type\":\"EntryPoint\",\"urlTemplate\":\"https:\/\/www.aszende.com\/en\/?s={search_term_string}\"},\"query-input\":{\"@type\":\"PropertyValueSpecification\",\"valueRequired\":true,\"valueName\":\"search_term_string\"}}],\"inLanguage\":\"ca\"},{\"@type\":\"Organization\",\"@id\":\"https:\/\/www.aszende.com\/en\/#organization\",\"name\":\"Aszende\",\"url\":\"https:\/\/www.aszende.com\/en\/\",\"logo\":{\"@type\":\"ImageObject\",\"inLanguage\":\"ca\",\"@id\":\"https:\/\/www.aszende.com\/en\/#\/schema\/logo\/image\/\",\"url\":\"https:\/\/www.aszende.com\/wp-content\/uploads\/2022\/10\/LOGO-Aszende-sin-R.png\",\"contentUrl\":\"https:\/\/www.aszende.com\/wp-content\/uploads\/2022\/10\/LOGO-Aszende-sin-R.png\",\"width\":346,\"height\":114,\"caption\":\"Aszende\"},\"image\":{\"@id\":\"https:\/\/www.aszende.com\/en\/#\/schema\/logo\/image\/\"}}]}<\/script>\n<!-- \/ Yoast SEO plugin. -->","yoast_head_json":{"title":"Aszende^ - Tot sobre Ascensors i Mobilitat Vertical","description":"Coneix tot sobre Aszende i les darreres not\u00edcies en ascensors i mobilitat vertical: muntac\u00e0rregues, accessibilitat, portes autom\u00e0tiques i escales mec\u00e0niques.","robots":{"index":"index","follow":"follow","max-snippet":"max-snippet:-1","max-image-preview":"max-image-preview:large","max-video-preview":"max-video-preview:-1"},"canonical":"https:\/\/www.aszende.com\/ca\/blog\/","og_locale":"ca_ES","og_type":"article","og_title":"Aszende^ - Tot sobre Ascensors i Mobilitat Vertical","og_description":"Coneix tot sobre Aszende i les darreres not\u00edcies en ascensors i mobilitat vertical: muntac\u00e0rregues, accessibilitat, portes autom\u00e0tiques i escales mec\u00e0niques.","og_url":"https:\/\/www.aszende.com\/ca\/blog\/","og_site_name":"Aszende","article_modified_time":"2023-10-25T12:14:53+00:00","og_image":[{"width":1436,"height":473,"url":"https:\/\/www.aszende.com\/wp-content\/uploads\/2022\/06\/LOGO-CLAIM-Aszende-gris-azul-en-alta-calidad.png","type":"image\/png"}],"twitter_card":"summary_large_image","schema":{"@context":"https:\/\/schema.org","@graph":[{"@type":"WebPage","@id":"https:\/\/www.aszende.com\/ca\/blog\/","url":"https:\/\/www.aszende.com\/ca\/blog\/","name":"Aszende^ - Tot sobre Ascensors i Mobilitat Vertical","isPartOf":{"@id":"https:\/\/www.aszende.com\/en\/#website"},"datePublished":"2022-05-20T10:25:38+00:00","dateModified":"2023-10-25T12:14:53+00:00","description":"Coneix tot sobre Aszende i les darreres not\u00edcies en ascensors i mobilitat vertical: muntac\u00e0rregues, accessibilitat, portes autom\u00e0tiques i escales mec\u00e0niques.","breadcrumb":{"@id":"https:\/\/www.aszende.com\/ca\/blog\/#breadcrumb"},"inLanguage":"ca","potentialAction":[{"@type":"ReadAction","target":["https:\/\/www.aszende.com\/ca\/blog\/"]}]},{"@type":"BreadcrumbList","@id":"https:\/\/www.aszende.com\/ca\/blog\/#breadcrumb","itemListElement":[{"@type":"ListItem","position":1,"name":"Inicio","item":"https:\/\/www.aszende.com\/ca\/"},{"@type":"ListItem","position":2,"name":"Blog"}]},{"@type":"WebSite","@id":"https:\/\/www.aszende.com\/en\/#website","url":"https:\/\/www.aszende.com\/en\/","name":"Aszende","description":"","publisher":{"@id":"https:\/\/www.aszende.com\/en\/#organization"},"potentialAction":[{"@type":"SearchAction","target":{"@type":"EntryPoint","urlTemplate":"https:\/\/www.aszende.com\/en\/?s={search_term_string}"},"query-input":{"@type":"PropertyValueSpecification","valueRequired":true,"valueName":"search_term_string"}}],"inLanguage":"ca"},{"@type":"Organization","@id":"https:\/\/www.aszende.com\/en\/#organization","name":"Aszende","url":"https:\/\/www.aszende.com\/en\/","logo":{"@type":"ImageObject","inLanguage":"ca","@id":"https:\/\/www.aszende.com\/en\/#\/schema\/logo\/image\/","url":"https:\/\/www.aszende.com\/wp-content\/uploads\/2022\/10\/LOGO-Aszende-sin-R.png","contentUrl":"https:\/\/www.aszende.com\/wp-content\/uploads\/2022\/10\/LOGO-Aszende-sin-R.png","width":346,"height":114,"caption":"Aszende"},"image":{"@id":"https:\/\/www.aszende.com\/en\/#\/schema\/logo\/image\/"}}]}},"_links":{"self":[{"href":"https:\/\/www.aszende.com\/ca\/wp-json\/wp\/v2\/pages\/18256","targetHints":{"allow":["GET"]}}],"collection":[{"href":"https:\/\/www.aszende.com\/ca\/wp-json\/wp\/v2\/pages"}],"about":[{"href":"https:\/\/www.aszende.com\/ca\/wp-json\/wp\/v2\/types\/page"}],"author":[{"embeddable":true,"href":"https:\/\/www.aszende.com\/ca\/wp-json\/wp\/v2\/users\/1"}],"replies":[{"embeddable":true,"href":"https:\/\/www.aszende.com\/ca\/wp-json\/wp\/v2\/comments?post=18256"}],"version-history":[{"count":0,"href":"https:\/\/www.aszende.com\/ca\/wp-json\/wp\/v2\/pages\/18256\/revisions"}],"wp:attachment":[{"href":"https:\/\/www.aszende.com\/ca\/wp-json\/wp\/v2\/media?parent=18256"}],"curies":[{"name":"wp","href":"https:\/\/api.w.org\/{rel}","templated":true}]}}