{"id":18278,"date":"2022-06-29T09:54:37","date_gmt":"2022-06-29T09:54:37","guid":{"rendered":"https:\/\/www.aszende.com\/?page_id=18278"},"modified":"2023-10-25T12:19:21","modified_gmt":"2023-10-25T12:19:21","slug":"sol%c2%b7licita-pressupost","status":"publish","type":"page","link":"https:\/\/www.aszende.com\/ca\/sol%c2%b7licita-pressupost\/","title":{"rendered":"Sol\u00b7licita pressupost"},"content":{"rendered":"\t\t<div data-elementor-type=\"wp-page\" data-elementor-id=\"18278\" class=\"elementor elementor-18278 elementor-7487\" data-elementor-post-type=\"page\">\n\t\t\t\t\t\t<section class=\"elementor-section elementor-top-section elementor-element elementor-element-9b1ec70 elementor-section-height-min-height elementor-section-full_width elementor-section-height-default elementor-section-items-middle\" data-id=\"9b1ec70\" data-element_type=\"section\" data-e-type=\"section\" data-settings=\"{&quot;background_background&quot;:&quot;classic&quot;}\">\n\t\t\t\t\t\t<div class=\"elementor-container elementor-column-gap-default\">\n\t\t\t\t\t<div class=\"elementor-column elementor-col-100 elementor-top-column elementor-element elementor-element-39f8a09\" data-id=\"39f8a09\" data-element_type=\"column\" data-e-type=\"column\">\n\t\t\t<div class=\"elementor-widget-wrap elementor-element-populated\">\n\t\t\t\t\t\t<div class=\"elementor-element elementor-element-22fd9e2 elementor-widget elementor-widget-heading\" data-id=\"22fd9e2\" data-element_type=\"widget\" data-e-type=\"widget\" data-widget_type=\"heading.default\">\n\t\t\t\t<div class=\"elementor-widget-container\">\n\t\t\t\t\t<h2 class=\"elementor-heading-title elementor-size-default\">Demana el teu pressupost<\/h2>\t\t\t\t<\/div>\n\t\t\t\t<\/div>\n\t\t\t\t\t<\/div>\n\t\t<\/div>\n\t\t\t\t\t<\/div>\n\t\t<\/section>\n\t\t\t\t<section class=\"elementor-section elementor-top-section elementor-element elementor-element-c143f52 elementor-section-boxed elementor-section-height-default elementor-section-height-default\" data-id=\"c143f52\" data-element_type=\"section\" data-e-type=\"section\">\n\t\t\t\t\t\t<div class=\"elementor-container elementor-column-gap-default\">\n\t\t\t\t\t<div class=\"elementor-column elementor-col-100 elementor-top-column elementor-element elementor-element-1d59d6d\" data-id=\"1d59d6d\" data-element_type=\"column\" data-e-type=\"column\">\n\t\t\t<div class=\"elementor-widget-wrap elementor-element-populated\">\n\t\t\t\t\t\t<section class=\"elementor-section elementor-inner-section elementor-element elementor-element-edf6a9a elementor-section-boxed elementor-section-height-default elementor-section-height-default\" data-id=\"edf6a9a\" data-element_type=\"section\" data-e-type=\"section\" data-settings=\"{&quot;background_background&quot;:&quot;classic&quot;}\">\n\t\t\t\t\t\t<div class=\"elementor-container elementor-column-gap-default\">\n\t\t\t\t\t<div class=\"elementor-column elementor-col-50 elementor-inner-column elementor-element elementor-element-ad73f27\" data-id=\"ad73f27\" data-element_type=\"column\" data-e-type=\"column\">\n\t\t\t<div class=\"elementor-widget-wrap elementor-element-populated\">\n\t\t\t\t\t\t<div class=\"elementor-element elementor-element-f5e8aa9 elementor-widget elementor-widget-image\" data-id=\"f5e8aa9\" data-element_type=\"widget\" data-e-type=\"widget\" data-widget_type=\"image.default\">\n\t\t\t\t<div class=\"elementor-widget-container\">\n\t\t\t\t\t\t\t\t\t\t\t\t\t\t\t<img fetchpriority=\"high\" decoding=\"async\" width=\"800\" height=\"548\" src=\"https:\/\/www.aszende.com\/wp-content\/uploads\/2022\/06\/presupuesto.jpg\" class=\"attachment-large size-large wp-image-7570\" alt=\"\" srcset=\"https:\/\/www.aszende.com\/wp-content\/uploads\/2022\/06\/presupuesto.jpg 800w, https:\/\/www.aszende.com\/wp-content\/uploads\/2022\/06\/presupuesto-600x411.jpg 600w, https:\/\/www.aszende.com\/wp-content\/uploads\/2022\/06\/presupuesto-300x206.jpg 300w, https:\/\/www.aszende.com\/wp-content\/uploads\/2022\/06\/presupuesto-768x526.jpg 768w\" sizes=\"(max-width: 800px) 100vw, 800px\" \/>\t\t\t\t\t\t\t\t\t\t\t\t\t\t\t<\/div>\n\t\t\t\t<\/div>\n\t\t\t\t<div class=\"elementor-element elementor-element-64a5fdd elementor-widget elementor-widget-text-editor\" data-id=\"64a5fdd\" data-element_type=\"widget\" data-e-type=\"widget\" data-widget_type=\"text-editor.default\">\n\t\t\t\t<div class=\"elementor-widget-container\">\n\t\t\t\t\t\t\t\t\t<p><strong>Vols sol\u00b7licitar un pressupost?<\/strong> Fes-ho de manera senzilla en nom\u00e9s 3 passos:<\/p>\n<ol>\n<li>Contacta&#8217;ns mitjan\u00e7ant el formulari seg\u00fcent.<\/li>\n<li>Un cop rebuda la teva petici\u00f3, assignarem la sol\u00b7licitud a un dels nostres t\u00e8cnics locals.<\/li>\n<li>Ens posarem en contacte amb tu per oferir-te un pressupost 100% personalitzat.<\/li>\n<\/ol>\n\t\t\t\t\t\t\t\t<\/div>\n\t\t\t\t<\/div>\n\t\t\t\t\t<\/div>\n\t\t<\/div>\n\t\t\t\t<div class=\"elementor-column elementor-col-50 elementor-inner-column elementor-element elementor-element-2c17e54\" data-id=\"2c17e54\" data-element_type=\"column\" data-e-type=\"column\">\n\t\t\t<div class=\"elementor-widget-wrap elementor-element-populated\">\n\t\t\t\t\t\t<div class=\"elementor-element elementor-element-cbd7bbf elementor-widget elementor-widget-heading\" data-id=\"cbd7bbf\" data-element_type=\"widget\" data-e-type=\"widget\" data-widget_type=\"heading.default\">\n\t\t\t\t<div class=\"elementor-widget-container\">\n\t\t\t\t\t<h2 class=\"elementor-heading-title elementor-size-default\">Fes-nos arribar la teva consulta<\/h2>\t\t\t\t<\/div>\n\t\t\t\t<\/div>\n\t\t\t\t<div class=\"elementor-element elementor-element-81b5ee6 elementor-widget-divider--view-line elementor-widget elementor-widget-divider\" data-id=\"81b5ee6\" data-element_type=\"widget\" data-e-type=\"widget\" data-widget_type=\"divider.default\">\n\t\t\t\t<div class=\"elementor-widget-container\">\n\t\t\t\t\t\t\t<div class=\"elementor-divider\">\n\t\t\t<span class=\"elementor-divider-separator\">\n\t\t\t\t\t\t<\/span>\n\t\t<\/div>\n\t\t\t\t\t\t<\/div>\n\t\t\t\t<\/div>\n\t\t\t\t<div class=\"elementor-element elementor-element-5a738d0 elementor-widget elementor-widget-html\" data-id=\"5a738d0\" data-element_type=\"widget\" data-e-type=\"widget\" data-widget_type=\"html.default\">\n\t\t\t\t<div class=\"elementor-widget-container\">\n\t\t\t\t\t\n<div class=\"wpcf7 no-js\" id=\"wpcf7-f18364-o1\" lang=\"ca\" dir=\"ltr\" data-wpcf7-id=\"18364\">\n<div class=\"screen-reader-response\"><p role=\"status\" aria-live=\"polite\" aria-atomic=\"true\"><\/p> <ul><\/ul><\/div>\n<form action=\"\/ca\/wp-json\/wp\/v2\/pages\/18278#wpcf7-f18364-o1\" method=\"post\" class=\"wpcf7-form init\" aria-label=\"Formulari de contacte\" novalidate=\"novalidate\" data-status=\"init\">\n<fieldset class=\"hidden-fields-container\"><input type=\"hidden\" name=\"_wpcf7\" value=\"18364\" \/><input type=\"hidden\" name=\"_wpcf7_version\" value=\"6.1.5\" \/><input type=\"hidden\" name=\"_wpcf7_locale\" value=\"ca\" \/><input type=\"hidden\" name=\"_wpcf7_unit_tag\" value=\"wpcf7-f18364-o1\" \/><input type=\"hidden\" name=\"_wpcf7_container_post\" value=\"0\" \/><input type=\"hidden\" name=\"_wpcf7_posted_data_hash\" value=\"\" \/><input type=\"hidden\" name=\"_wpcf7_recaptcha_response\" value=\"\" \/>\n<\/fieldset>\n<div id=\"responsive-form\" class=\"clearfix\">\n\t<div class=\"form-row\">\n\t\t<div class=\"column-half\">\n\t\t\t<p><label> Persona de contacte* <span class=\"wpcf7-form-control-wrap\" data-name=\"your-name\"><input size=\"40\" maxlength=\"400\" class=\"wpcf7-form-control wpcf7-text wpcf7-validates-as-required\" aria-required=\"true\" aria-invalid=\"false\" value=\"\" type=\"text\" name=\"your-name\" \/><\/span> <\/label>\n\t\t\t<\/p>\n\t\t<\/div>\n\t\t<div class=\"column-half\">\n\t\t\t<p><label> Tel\u00e8fon de contacte* <span class=\"wpcf7-form-control-wrap\" data-name=\"your-phone\"><input size=\"40\" maxlength=\"400\" class=\"wpcf7-form-control wpcf7-tel wpcf7-validates-as-required wpcf7-text wpcf7-validates-as-tel\" aria-required=\"true\" aria-invalid=\"false\" value=\"\" type=\"tel\" name=\"your-phone\" \/><\/span> <\/label>\n\t\t\t<\/p>\n\t\t<\/div>\n\t<\/div>\n\t<div class=\"form-row\">\n\t\t<div class=\"column-half\">\n\t\t\t<p><label> Email* <span class=\"wpcf7-form-control-wrap\" data-name=\"your-email\"><input size=\"40\" maxlength=\"400\" class=\"wpcf7-form-control wpcf7-email wpcf7-validates-as-required wpcf7-text wpcf7-validates-as-email\" aria-required=\"true\" aria-invalid=\"false\" value=\"\" type=\"email\" name=\"your-email\" \/><\/span> <\/label>\n\t\t\t<\/p>\n\t\t<\/div>\n\t\t<div class=\"column-half\">\n\t\t\t<p><label> Poblaci\u00f3* <span class=\"wpcf7-form-control-wrap\" data-name=\"poblacion\"><input size=\"40\" maxlength=\"400\" class=\"wpcf7-form-control wpcf7-text wpcf7-validates-as-required\" aria-required=\"true\" aria-invalid=\"false\" value=\"\" type=\"text\" name=\"poblacion\" \/><\/span> <\/label>\n\t\t\t<\/p>\n\t\t<\/div>\n\t<\/div>\n\t<div class=\"form-row\">\n\t\t<div class=\"column-half\">\n\t\t\t<p><label> Adre\u00e7a* <span class=\"wpcf7-form-control-wrap\" data-name=\"direccion\"><input size=\"40\" maxlength=\"400\" class=\"wpcf7-form-control wpcf7-text wpcf7-validates-as-required\" aria-required=\"true\" aria-invalid=\"false\" value=\"\" type=\"text\" name=\"direccion\" \/><\/span> <\/label>\n\t\t\t<\/p>\n\t\t<\/div>\n\t\t<div class=\"column-half\">\n\t\t\t<p><label> Codi Postal* <span class=\"wpcf7-form-control-wrap\" data-name=\"codigo-postal\"><input size=\"40\" maxlength=\"400\" class=\"wpcf7-form-control wpcf7-text wpcf7-validates-as-required\" aria-required=\"true\" aria-invalid=\"false\" value=\"\" type=\"text\" name=\"codigo-postal\" \/><\/span> <\/label>\n\t\t\t<\/p>\n\t\t<\/div>\n\t<\/div>\n\t<div class=\"form-row\">\n\t\t<div class=\"column-full\">\n\t\t\t<p><label>Interessat en*<br \/>\n<span class=\"wpcf7-form-control-wrap\" data-name=\"interes\"><select class=\"wpcf7-form-control wpcf7-select wpcf7-validates-as-required\" aria-required=\"true\" aria-invalid=\"false\" name=\"interes\"><option value=\"\"><\/option><option value=\"Instalaci\u00f3n Ascensor\">Instalaci\u00f3n Ascensor<\/option><option value=\"Mantenimiento\">Mantenimiento<\/option><option value=\"Instalaci\u00f3n obra nueva\">Instalaci\u00f3n obra nueva<\/option><option value=\"Instalaci\u00f3n de Accesibilidad\">Instalaci\u00f3n de Accesibilidad<\/option><option value=\"Instalaci\u00f3n Montacargas\">Instalaci\u00f3n Montacargas<\/option><option value=\"Edificio sin ascensor\">Edificio sin ascensor<\/option><option value=\"Fachadas\">Fachadas<\/option><option value=\"Puertas autom\u00e1ticas\">Puertas autom\u00e1ticas<\/option><option value=\"Escaleras mec\u00e1nicas\">Escaleras mec\u00e1nicas<\/option><option value=\"Otros\">Otros<\/option><\/select><\/span><\/label>\n\t\t\t<\/p>\n\t\t<\/div>\n\t<\/div>\n\t<div class=\"form-row\">\n\t\t<div class=\"column-full\">\n\t\t\t<p><label> Disponibilitat hor\u00e0ria <span class=\"wpcf7-form-control-wrap\" data-name=\"disponibilidad-horaria\"><input size=\"40\" maxlength=\"400\" class=\"wpcf7-form-control wpcf7-text\" aria-invalid=\"false\" value=\"\" type=\"text\" name=\"disponibilidad-horaria\" \/><\/span> <\/label>\n\t\t\t<\/p>\n\t\t<\/div>\n\t<\/div>\n\t<div class=\"form-row\">\n\t\t<div class=\"column-full\">\n\t\t\t<p><label> Com ens has conegut*<br \/>\n<span class=\"wpcf7-form-control-wrap\" data-name=\"canal\"><select class=\"wpcf7-form-control wpcf7-select wpcf7-validates-as-required\" aria-required=\"true\" aria-invalid=\"false\" name=\"canal\"><option value=\"\"><\/option><option value=\"Web\">Web<\/option><option value=\"Publicidad exterior\">Publicidad exterior<\/option><option value=\"Redes Sociales\">Redes Sociales<\/option><option value=\"Recomendaci\u00f3n\">Recomendaci\u00f3n<\/option><option value=\"Llamada\">Llamada<\/option><option value=\"Evento\">Evento<\/option><option value=\"Correo electr\u00f3nico\">Correo electr\u00f3nico<\/option><option value=\"Otro\">Otro<\/option><\/select><\/span><\/label>\n\t\t\t<\/p>\n\t\t<\/div>\n\t<\/div>\n\t<div class=\"form-row\">\n\t\t<div class=\"column-full\">\n\t\t\t<p><label>Missatge* <span class=\"wpcf7-form-control-wrap\" data-name=\"your-message\"><textarea cols=\"40\" rows=\"10\" maxlength=\"2000\" class=\"wpcf7-form-control wpcf7-textarea wpcf7-validates-as-required\" aria-required=\"true\" aria-invalid=\"false\" name=\"your-message\"><\/textarea><\/span><\/label>\n\t\t\t<\/p>\n\t\t<\/div>\n\t<\/div>\n\t<div class=\"form-row\">\n\t\t<div class=\"column-full check_legal\">\n\t\t\t<p><span class=\"wpcf7-form-control-wrap\" data-name=\"acceptance-443\"><span class=\"wpcf7-form-control wpcf7-acceptance\"><span class=\"wpcf7-list-item\"><label><input type=\"checkbox\" name=\"acceptance-443\" value=\"1\" aria-invalid=\"false\" \/><span class=\"wpcf7-list-item-label\">He llegit i accepto el <a href=\"\/ca\/avis-legal\/\">avis legal<\/a> y la <a href=\"\/ca\/politica-de-privadesa\/\">Pol\u00edtica de Privacitat<\/a><\/span><\/label><\/span><\/span><\/span>\n\t\t\t<\/p>\n\t\t<\/div>\n\t<\/div>\n\t<div class=\"form-row\">\n\t\t<div class=\"column-full check_optional\">\n\t\t\t<p><span class=\"wpcf7-form-control-wrap\" data-name=\"opcional-checkbox\"><span class=\"wpcf7-form-control wpcf7-checkbox\"><span class=\"wpcf7-list-item first last\"><label><input type=\"checkbox\" name=\"opcional-checkbox[]\" value=\"Vull rebre comunicacions comercials sobre productes i\/o serveis de la companyia.\" \/><span class=\"wpcf7-list-item-label\">Vull rebre comunicacions comercials sobre productes i\/o serveis de la companyia.<\/span><\/label><\/span><\/span><\/span>\n\t\t\t<\/p>\n\t\t<\/div>\n\t<\/div>\n\t<div class=\"contenedor_boton_formulario\">\n\t\t<p><input class=\"wpcf7-form-control wpcf7-submit has-spinner\" type=\"submit\" value=\"Enviar\" \/>\n\t\t<\/p>\n\t<\/div>\n<\/div>\n<input class=\"wpcf7-form-control wpcf7-hidden\" value=\"\" type=\"hidden\" name=\"form-page-url\" \/>\n<p><script>\ndocument.querySelectorAll('.wpcf7 input[name=\"form-page-url\"]').forEach(function(element) {\n element.value = window.location.href;\n});\n<\/script>\n<\/p>\n\n<div class=\"wpcf7-response-output\" aria-hidden=\"true\"><\/div>\n<\/form>\n<\/div>\n\t\t\t\t<\/div>\n\t\t\t\t<\/div>\n\t\t\t\t\t<\/div>\n\t\t<\/div>\n\t\t\t\t\t<\/div>\n\t\t<\/section>\n\t\t\t\t\t<\/div>\n\t\t<\/div>\n\t\t\t\t\t<\/div>\n\t\t<\/section>\n\t\t\t\t<\/div>\n\t\t","protected":false},"excerpt":{"rendered":"<p>Demana el teu pressupost Vols sol\u00b7licitar un pressupost? Fes-ho de manera senzilla en nom\u00e9s 3 passos: Contacta&#8217;ns mitjan\u00e7ant el formulari seg\u00fcent. Un cop rebuda la teva petici\u00f3, assignarem la sol\u00b7licitud a un dels nostres t\u00e8cnics locals. Ens posarem en contacte amb tu per oferir-te un pressupost 100% personalitzat. Fes-nos arribar la teva consulta<\/p>\n","protected":false},"author":1,"featured_media":0,"parent":0,"menu_order":0,"comment_status":"closed","ping_status":"closed","template":"","meta":{"site-sidebar-layout":"no-sidebar","site-content-layout":"page-builder","ast-site-content-layout":"default","site-content-style":"default","site-sidebar-style":"default","ast-global-header-display":"","ast-banner-title-visibility":"","ast-main-header-display":"","ast-hfb-above-header-display":"","ast-hfb-below-header-display":"","ast-hfb-mobile-header-display":"","site-post-title":"disabled","ast-breadcrumbs-content":"","ast-featured-img":"disabled","footer-sml-layout":"","theme-transparent-header-meta":"default","adv-header-id-meta":"","stick-header-meta":"","header-above-stick-meta":"","header-main-stick-meta":"","header-below-stick-meta":"","astra-migrate-meta-layouts":"default","ast-page-background-enabled":"default","ast-page-background-meta":{"desktop":{"background-color":"var(--ast-global-color-4)","background-image":"","background-repeat":"repeat","background-position":"center center","background-size":"auto","background-attachment":"scroll","background-type":"","background-media":"","overlay-type":"","overlay-color":"","overlay-opacity":"","overlay-gradient":""},"tablet":{"background-color":"","background-image":"","background-repeat":"repeat","background-position":"center center","background-size":"auto","background-attachment":"scroll","background-type":"","background-media":"","overlay-type":"","overlay-color":"","overlay-opacity":"","overlay-gradient":""},"mobile":{"background-color":"","background-image":"","background-repeat":"repeat","background-position":"center center","background-size":"auto","background-attachment":"scroll","background-type":"","background-media":"","overlay-type":"","overlay-color":"","overlay-opacity":"","overlay-gradient":""}},"ast-content-background-meta":{"desktop":{"background-color":"var(--ast-global-color-5)","background-image":"","background-repeat":"repeat","background-position":"center center","background-size":"auto","background-attachment":"scroll","background-type":"","background-media":"","overlay-type":"","overlay-color":"","overlay-opacity":"","overlay-gradient":""},"tablet":{"background-color":"var(--ast-global-color-5)","background-image":"","background-repeat":"repeat","background-position":"center center","background-size":"auto","background-attachment":"scroll","background-type":"","background-media":"","overlay-type":"","overlay-color":"","overlay-opacity":"","overlay-gradient":""},"mobile":{"background-color":"var(--ast-global-color-5)","background-image":"","background-repeat":"repeat","background-position":"center center","background-size":"auto","background-attachment":"scroll","background-type":"","background-media":"","overlay-type":"","overlay-color":"","overlay-opacity":"","overlay-gradient":""}},"footnotes":""},"class_list":["post-18278","page","type-page","status-publish","hentry"],"yoast_head":"<!-- This site is optimized with the Yoast SEO plugin v27.0 - https:\/\/yoast.com\/product\/yoast-seo-wordpress\/ -->\n<title>Aszende^ - Contacte - Ascensors que mouen vides<\/title>\n<meta name=\"description\" content=\"Contacti amb Aszende. Proposem diferents modalitats de manteniment, que inclouen atenci\u00f3 telef\u00f2nica i assist\u00e8ncia per emerg\u00e8ncies 24 hores al dia i 365 dies l&#039;any.\" \/>\n<meta name=\"robots\" content=\"index, follow, max-snippet:-1, max-image-preview:large, max-video-preview:-1\" \/>\n<link rel=\"canonical\" href=\"https:\/\/www.aszende.com\/ca\/sol\u00b7licita-pressupost\/\" \/>\n<meta property=\"og:locale\" content=\"ca_ES\" \/>\n<meta property=\"og:type\" content=\"article\" \/>\n<meta property=\"og:title\" content=\"Aszende^ - Contacte - Ascensors que mouen vides\" \/>\n<meta property=\"og:description\" content=\"Contacti amb Aszende. Proposem diferents modalitats de manteniment, que inclouen atenci\u00f3 telef\u00f2nica i assist\u00e8ncia per emerg\u00e8ncies 24 hores al dia i 365 dies l&#039;any.\" \/>\n<meta property=\"og:url\" content=\"https:\/\/www.aszende.com\/ca\/sol\u00b7licita-pressupost\/\" \/>\n<meta property=\"og:site_name\" content=\"Aszende\" \/>\n<meta property=\"article:modified_time\" content=\"2023-10-25T12:19:21+00:00\" \/>\n<meta property=\"og:image\" content=\"https:\/\/www.aszende.com\/wp-content\/uploads\/2022\/06\/presupuesto.jpg\" \/>\n<meta name=\"twitter:card\" content=\"summary_large_image\" \/>\n<script type=\"application\/ld+json\" class=\"yoast-schema-graph\">{\"@context\":\"https:\/\/schema.org\",\"@graph\":[{\"@type\":\"WebPage\",\"@id\":\"https:\/\/www.aszende.com\/ca\/sol%c2%b7licita-pressupost\/\",\"url\":\"https:\/\/www.aszende.com\/ca\/sol%c2%b7licita-pressupost\/\",\"name\":\"Aszende^ - Contacte - Ascensors que mouen vides\",\"isPartOf\":{\"@id\":\"https:\/\/www.aszende.com\/en\/#website\"},\"primaryImageOfPage\":{\"@id\":\"https:\/\/www.aszende.com\/ca\/sol%c2%b7licita-pressupost\/#primaryimage\"},\"image\":{\"@id\":\"https:\/\/www.aszende.com\/ca\/sol%c2%b7licita-pressupost\/#primaryimage\"},\"thumbnailUrl\":\"https:\/\/www.aszende.com\/wp-content\/uploads\/2022\/06\/presupuesto.jpg\",\"datePublished\":\"2022-06-29T09:54:37+00:00\",\"dateModified\":\"2023-10-25T12:19:21+00:00\",\"description\":\"Contacti amb Aszende. Proposem diferents modalitats de manteniment, que inclouen atenci\u00f3 telef\u00f2nica i assist\u00e8ncia per emerg\u00e8ncies 24 hores al dia i 365 dies l'any.\",\"breadcrumb\":{\"@id\":\"https:\/\/www.aszende.com\/ca\/sol%c2%b7licita-pressupost\/#breadcrumb\"},\"inLanguage\":\"ca\",\"potentialAction\":[{\"@type\":\"ReadAction\",\"target\":[\"https:\/\/www.aszende.com\/ca\/sol%c2%b7licita-pressupost\/\"]}]},{\"@type\":\"ImageObject\",\"inLanguage\":\"ca\",\"@id\":\"https:\/\/www.aszende.com\/ca\/sol%c2%b7licita-pressupost\/#primaryimage\",\"url\":\"https:\/\/www.aszende.com\/wp-content\/uploads\/2022\/06\/presupuesto.jpg\",\"contentUrl\":\"https:\/\/www.aszende.com\/wp-content\/uploads\/2022\/06\/presupuesto.jpg\"},{\"@type\":\"BreadcrumbList\",\"@id\":\"https:\/\/www.aszende.com\/ca\/sol%c2%b7licita-pressupost\/#breadcrumb\",\"itemListElement\":[{\"@type\":\"ListItem\",\"position\":1,\"name\":\"Inicio\",\"item\":\"https:\/\/www.aszende.com\/ca\/\"},{\"@type\":\"ListItem\",\"position\":2,\"name\":\"Sol\u00b7licita pressupost\"}]},{\"@type\":\"WebSite\",\"@id\":\"https:\/\/www.aszende.com\/en\/#website\",\"url\":\"https:\/\/www.aszende.com\/en\/\",\"name\":\"Aszende\",\"description\":\"\",\"publisher\":{\"@id\":\"https:\/\/www.aszende.com\/en\/#organization\"},\"potentialAction\":[{\"@type\":\"SearchAction\",\"target\":{\"@type\":\"EntryPoint\",\"urlTemplate\":\"https:\/\/www.aszende.com\/en\/?s={search_term_string}\"},\"query-input\":{\"@type\":\"PropertyValueSpecification\",\"valueRequired\":true,\"valueName\":\"search_term_string\"}}],\"inLanguage\":\"ca\"},{\"@type\":\"Organization\",\"@id\":\"https:\/\/www.aszende.com\/en\/#organization\",\"name\":\"Aszende\",\"url\":\"https:\/\/www.aszende.com\/en\/\",\"logo\":{\"@type\":\"ImageObject\",\"inLanguage\":\"ca\",\"@id\":\"https:\/\/www.aszende.com\/en\/#\/schema\/logo\/image\/\",\"url\":\"https:\/\/www.aszende.com\/wp-content\/uploads\/2022\/10\/LOGO-Aszende-sin-R.png\",\"contentUrl\":\"https:\/\/www.aszende.com\/wp-content\/uploads\/2022\/10\/LOGO-Aszende-sin-R.png\",\"width\":346,\"height\":114,\"caption\":\"Aszende\"},\"image\":{\"@id\":\"https:\/\/www.aszende.com\/en\/#\/schema\/logo\/image\/\"}}]}<\/script>\n<!-- \/ Yoast SEO plugin. -->","yoast_head_json":{"title":"Aszende^ - Contacte - Ascensors que mouen vides","description":"Contacti amb Aszende. Proposem diferents modalitats de manteniment, que inclouen atenci\u00f3 telef\u00f2nica i assist\u00e8ncia per emerg\u00e8ncies 24 hores al dia i 365 dies l'any.","robots":{"index":"index","follow":"follow","max-snippet":"max-snippet:-1","max-image-preview":"max-image-preview:large","max-video-preview":"max-video-preview:-1"},"canonical":"https:\/\/www.aszende.com\/ca\/sol\u00b7licita-pressupost\/","og_locale":"ca_ES","og_type":"article","og_title":"Aszende^ - Contacte - Ascensors que mouen vides","og_description":"Contacti amb Aszende. Proposem diferents modalitats de manteniment, que inclouen atenci\u00f3 telef\u00f2nica i assist\u00e8ncia per emerg\u00e8ncies 24 hores al dia i 365 dies l'any.","og_url":"https:\/\/www.aszende.com\/ca\/sol\u00b7licita-pressupost\/","og_site_name":"Aszende","article_modified_time":"2023-10-25T12:19:21+00:00","og_image":[{"url":"https:\/\/www.aszende.com\/wp-content\/uploads\/2022\/06\/presupuesto.jpg","type":"","width":"","height":""}],"twitter_card":"summary_large_image","schema":{"@context":"https:\/\/schema.org","@graph":[{"@type":"WebPage","@id":"https:\/\/www.aszende.com\/ca\/sol%c2%b7licita-pressupost\/","url":"https:\/\/www.aszende.com\/ca\/sol%c2%b7licita-pressupost\/","name":"Aszende^ - Contacte - Ascensors que mouen vides","isPartOf":{"@id":"https:\/\/www.aszende.com\/en\/#website"},"primaryImageOfPage":{"@id":"https:\/\/www.aszende.com\/ca\/sol%c2%b7licita-pressupost\/#primaryimage"},"image":{"@id":"https:\/\/www.aszende.com\/ca\/sol%c2%b7licita-pressupost\/#primaryimage"},"thumbnailUrl":"https:\/\/www.aszende.com\/wp-content\/uploads\/2022\/06\/presupuesto.jpg","datePublished":"2022-06-29T09:54:37+00:00","dateModified":"2023-10-25T12:19:21+00:00","description":"Contacti amb Aszende. Proposem diferents modalitats de manteniment, que inclouen atenci\u00f3 telef\u00f2nica i assist\u00e8ncia per emerg\u00e8ncies 24 hores al dia i 365 dies l'any.","breadcrumb":{"@id":"https:\/\/www.aszende.com\/ca\/sol%c2%b7licita-pressupost\/#breadcrumb"},"inLanguage":"ca","potentialAction":[{"@type":"ReadAction","target":["https:\/\/www.aszende.com\/ca\/sol%c2%b7licita-pressupost\/"]}]},{"@type":"ImageObject","inLanguage":"ca","@id":"https:\/\/www.aszende.com\/ca\/sol%c2%b7licita-pressupost\/#primaryimage","url":"https:\/\/www.aszende.com\/wp-content\/uploads\/2022\/06\/presupuesto.jpg","contentUrl":"https:\/\/www.aszende.com\/wp-content\/uploads\/2022\/06\/presupuesto.jpg"},{"@type":"BreadcrumbList","@id":"https:\/\/www.aszende.com\/ca\/sol%c2%b7licita-pressupost\/#breadcrumb","itemListElement":[{"@type":"ListItem","position":1,"name":"Inicio","item":"https:\/\/www.aszende.com\/ca\/"},{"@type":"ListItem","position":2,"name":"Sol\u00b7licita pressupost"}]},{"@type":"WebSite","@id":"https:\/\/www.aszende.com\/en\/#website","url":"https:\/\/www.aszende.com\/en\/","name":"Aszende","description":"","publisher":{"@id":"https:\/\/www.aszende.com\/en\/#organization"},"potentialAction":[{"@type":"SearchAction","target":{"@type":"EntryPoint","urlTemplate":"https:\/\/www.aszende.com\/en\/?s={search_term_string}"},"query-input":{"@type":"PropertyValueSpecification","valueRequired":true,"valueName":"search_term_string"}}],"inLanguage":"ca"},{"@type":"Organization","@id":"https:\/\/www.aszende.com\/en\/#organization","name":"Aszende","url":"https:\/\/www.aszende.com\/en\/","logo":{"@type":"ImageObject","inLanguage":"ca","@id":"https:\/\/www.aszende.com\/en\/#\/schema\/logo\/image\/","url":"https:\/\/www.aszende.com\/wp-content\/uploads\/2022\/10\/LOGO-Aszende-sin-R.png","contentUrl":"https:\/\/www.aszende.com\/wp-content\/uploads\/2022\/10\/LOGO-Aszende-sin-R.png","width":346,"height":114,"caption":"Aszende"},"image":{"@id":"https:\/\/www.aszende.com\/en\/#\/schema\/logo\/image\/"}}]}},"_links":{"self":[{"href":"https:\/\/www.aszende.com\/ca\/wp-json\/wp\/v2\/pages\/18278","targetHints":{"allow":["GET"]}}],"collection":[{"href":"https:\/\/www.aszende.com\/ca\/wp-json\/wp\/v2\/pages"}],"about":[{"href":"https:\/\/www.aszende.com\/ca\/wp-json\/wp\/v2\/types\/page"}],"author":[{"embeddable":true,"href":"https:\/\/www.aszende.com\/ca\/wp-json\/wp\/v2\/users\/1"}],"replies":[{"embeddable":true,"href":"https:\/\/www.aszende.com\/ca\/wp-json\/wp\/v2\/comments?post=18278"}],"version-history":[{"count":0,"href":"https:\/\/www.aszende.com\/ca\/wp-json\/wp\/v2\/pages\/18278\/revisions"}],"wp:attachment":[{"href":"https:\/\/www.aszende.com\/ca\/wp-json\/wp\/v2\/media?parent=18278"}],"curies":[{"name":"wp","href":"https:\/\/api.w.org\/{rel}","templated":true}]}}