{"id":18334,"date":"2023-06-14T13:16:21","date_gmt":"2023-06-14T13:16:21","guid":{"rendered":"https:\/\/www.aszende.com\/?page_id=18334"},"modified":"2025-03-25T14:52:27","modified_gmt":"2025-03-25T14:52:27","slug":"politica-de-qualitat","status":"publish","type":"page","link":"https:\/\/www.aszende.com\/ca\/politica-de-qualitat\/","title":{"rendered":"Pol\u00edtica de Qualitat"},"content":{"rendered":"\t\t<div data-elementor-type=\"wp-page\" data-elementor-id=\"18334\" class=\"elementor elementor-18334 elementor-16891\" data-elementor-post-type=\"page\">\n\t\t\t\t\t\t<section class=\"elementor-section elementor-top-section elementor-element elementor-element-21bfa2a elementor-section-height-min-height elementor-section-full_width elementor-section-height-default elementor-section-items-middle\" data-id=\"21bfa2a\" data-element_type=\"section\" data-e-type=\"section\" data-settings=\"{&quot;background_background&quot;:&quot;classic&quot;}\">\n\t\t\t\t\t\t<div class=\"elementor-container elementor-column-gap-default\">\n\t\t\t\t\t<div class=\"elementor-column elementor-col-100 elementor-top-column elementor-element elementor-element-6d295f3\" data-id=\"6d295f3\" data-element_type=\"column\" data-e-type=\"column\">\n\t\t\t<div class=\"elementor-widget-wrap elementor-element-populated\">\n\t\t\t\t\t\t<div class=\"elementor-element elementor-element-ef6c500 elementor-widget elementor-widget-heading\" data-id=\"ef6c500\" data-element_type=\"widget\" data-e-type=\"widget\" data-widget_type=\"heading.default\">\n\t\t\t\t<div class=\"elementor-widget-container\">\n\t\t\t\t\t<h2 class=\"elementor-heading-title elementor-size-default\">Pol\u00edtica de qualitat, medi ambient i seguretat<\/h2>\t\t\t\t<\/div>\n\t\t\t\t<\/div>\n\t\t\t\t\t<\/div>\n\t\t<\/div>\n\t\t\t\t\t<\/div>\n\t\t<\/section>\n\t\t\t\t<section class=\"elementor-section elementor-top-section elementor-element elementor-element-f81a4a5 elementor-section-boxed elementor-section-height-default elementor-section-height-default\" data-id=\"f81a4a5\" data-element_type=\"section\" data-e-type=\"section\">\n\t\t\t\t\t\t<div class=\"elementor-container elementor-column-gap-default\">\n\t\t\t\t\t<div class=\"elementor-column elementor-col-100 elementor-top-column elementor-element elementor-element-7449426\" data-id=\"7449426\" data-element_type=\"column\" data-e-type=\"column\">\n\t\t\t<div class=\"elementor-widget-wrap elementor-element-populated\">\n\t\t\t\t\t\t<div class=\"elementor-element elementor-element-facf335 elementor-widget elementor-widget-text-editor\" data-id=\"facf335\" data-element_type=\"widget\" data-e-type=\"widget\" data-widget_type=\"text-editor.default\">\n\t\t\t\t<div class=\"elementor-widget-container\">\n\t\t\t\t\t\t\t\t\t<div class=\"page\" title=\"Page 1\">\n<div class=\"section\">\n<div class=\"layoutArea\">\n<div class=\"column\">\n<p><span style=\"font-size: 10.000000pt; font-family: 'Calibri';\"><strong>ASZENDE, S.L.U<\/strong>. es dedica des de 1977 a la instal\u00b7laci\u00f3, reparaci\u00f3 i manteniment d&#8217;elevadors,<br \/>oferint un servei integral, en el transport vertical, tant per a espais residencials com per a grans instal\u00b7lacions. El seu prop\u00f2sit \u00e9s mantenir-se com un dels referents del mercat aportant <strong>SOLUCIONS D\u2019<\/strong><strong>AL\u00c7ADA<\/strong>. Per aix\u00f2 l&#8217;empresa mant\u00e9 identificades les parts interessades relacionades amb tots els seus processos, avalua els riscs de la interacci\u00f3 amb elles i actua en conseq\u00fc\u00e8ncia per minimitzar-los i aix\u00ed assegurar-se el futur.<\/span><\/p>\n<p><span style=\"font-size: 10.000000pt; font-family: 'Calibri';\"><br \/><\/span><span style=\"font-size: 10.000000pt; font-family: 'Calibri';\"><strong>ASZENDE, SLU<\/strong> coneixedora que el seu futur al sector ve determinat per la satisfacci\u00f3 dels seus clients, la seguretat i salut dels seus treballadors i col\u00b7laboradors i la protecci\u00f3 del medi ambient, es compromet a:<br \/><\/span><\/p>\n<ol>\n<li><span style=\"font-size: 10.000000pt; font-family: 'Calibri';\">Desenvolupar i mantenir un sistema de gesti\u00f3 integral en el desenvolupament dels seus processos, fonamentat en la qualitat del servei, la seguretat i la salut dels seus treballadors i parts interessades, i la protecci\u00f3 ambiental, enfocat a:<br \/><\/span>\n<ol style=\"list-style-type: lower-latin;\">\n<li style=\"font-size: 10.000000pt; font-family: 'Calibri';\"><span style=\"font-size: 10.000000pt; font-family: 'Calibri';\">Aconseguir la m\u00e0xima satisfacci\u00f3 possible en relaci\u00f3 amb totes les parts interessades de l&#8217;organitzaci\u00f3 i externes.<br \/><\/span><\/li>\n<li style=\"font-size: 10.000000pt; font-family: 'Calibri';\"><span style=\"font-size: 10.000000pt; font-family: 'Calibri';\">Promoure la millora cont\u00ednua del sistema de gesti\u00f3 en relaci\u00f3 amb la seguretat i salut a la feina, el respecte al medi ambient i la qualitat, desenvolupant una cultura preventiva i de bons h\u00e0bits de treball.<br \/><\/span><\/li>\n<li style=\"font-size: 10.000000pt; font-family: 'Calibri';\"><span style=\"font-size: 10.000000pt; font-family: 'Calibri';\">Minimitzar l&#8217;impacte ambiental de la nostra activitat mitjan\u00e7ant l&#8217;avaluaci\u00f3 d&#8217;aspectes mediambientals relacionats amb els nostres processos i establint-ne els mecanismes de<br \/>control adequats.<br \/><\/span><\/li>\n<li style=\"font-size: 10.000000pt; font-family: 'Calibri';\"><span style=\"font-size: 10.000000pt; font-family: 'Calibri';\">Fomentar la col\u00b7laboraci\u00f3 i la participaci\u00f3 de tots els treballadors i parts interessades en la presa de decisions que l&#8217;empresa ha de prendre, mitjan\u00e7ant els \u00f2rgans, les persones i els canals de comunicaci\u00f3 definits a aquest efecte.<br \/><\/span><\/li>\n<li style=\"font-size: 10.000000pt; font-family: 'Calibri';\"><span style=\"font-size: 10.000000pt; font-family: 'Calibri';\">Eliminar els perills i reduir els riscos per a la seguretat i la salut en el treball.\n<p><\/span><\/li>\n<\/ol>\n<\/li>\n<li><span style=\"font-size: 10.000000pt; font-family: 'Calibri';\"><span style=\"font-size: 10.000000pt; font-family: 'Calibri';\">Mantenir i revisar aquesta pol\u00edtica d&#8217;acord amb els canvis esdevinguts a l&#8217;entorn i les parts interessades, i com a marc de refer\u00e8ncia per establir i revisar els objectius de l&#8217;organitzaci\u00f3. Difondre&#8217;n el contingut, promovent accions de sensibilitzaci\u00f3, informaci\u00f3 i formaci\u00f3, integrant totes les parts interessades en el comprom\u00eds.<\/span><\/span>\n<p>\u00a0<\/p>\n<\/li>\n<li><span style=\"font-size: 10.000000pt; font-family: 'Calibri';\">Assegurar el compliment legal de tots els requisits que li s\u00f3n aplicables i de qualssevol altres subscrits per la pr\u00f2pia organitzaci\u00f3.\n<p><\/span><\/li>\n<li><span style=\"font-size: 10.000000pt; font-family: 'Calibri';\">Posar a disposici\u00f3 tots aquells recursos necessaris per assegurar els drets de prevenci\u00f3 dels danys i del deteriorament de la salut dels treballadors, per aconseguir la millor qualitat dels nostres productes i serveis al client i per preservar i minimitzar l&#8217;impacte sobre el medi ambient. Aquests recursos inclouen la formaci\u00f3 i capacitaci\u00f3 \u00f2ptima del nostre personal per a les tasques que desenvolupa.\n<p><\/span><\/li>\n<li><span style=\"font-size: 10.000000pt; font-family: 'Calibri';\">Fer un seguiment continuat del funcionament del sistema de gesti\u00f3 per tal de poder prendre decisions davant de possibles discrep\u00e0ncies entre la pol\u00edtica d\u2019empresa i els resultats obtinguts.\n<p><\/span><\/li>\n<li><span style=\"font-size: 10.000000pt; font-family: 'Calibri';\">Mantenir un sistema de gesti\u00f3 que s\u2019ajusti a les normes seg\u00fcents:<br \/><\/span><\/li>\n<\/ol>\n<\/div>\n<\/div>\n<div class=\"layoutArea\">\n<div class=\"column\">\n<p style=\"padding-left: 40px;\"><span style=\"font-size: 10.000000pt; font-family: 'Calibri';\">a. Directiva 2014\/33\/UE: fabricaci\u00f3, muntatge, instal\u00b7laci\u00f3, inspecci\u00f3 final i proves per a Ascensors.<br \/><\/span><span style=\"font-size: 10.000000pt; font-family: 'Calibri';\">b. Modificacions d&#8217;import\u00e0ncia en ascensors: disseny, producci\u00f3, instal\u00b7laci\u00f3, control final i proves d&#8217;ascensors amb velocitat > 0,15 m\/s<br \/><\/span><span style=\"font-size: 10.000000pt; font-family: 'Calibri';\">c. ISO9001 \/ ISO14001 \/ ISO45001: Instal\u00b7laci\u00f3, manteniment i reparaci\u00f3 d&#8217;ascensors, plataformes de c\u00e0rrega i plataformes per a minusv\u00e0lids. Disseny i instal\u00b7laci\u00f3 de reformes importants.\u00a0<\/span><\/p>\n<\/div>\n<\/div>\n<\/div>\n<\/div>\n\t\t\t\t\t\t\t\t<\/div>\n\t\t\t\t<\/div>\n\t\t\t\t\t<\/div>\n\t\t<\/div>\n\t\t\t\t\t<\/div>\n\t\t<\/section>\n\t\t\t\t<section class=\"elementor-section elementor-top-section elementor-element elementor-element-e0a27c1 elementor-section-boxed elementor-section-height-default elementor-section-height-default\" data-id=\"e0a27c1\" data-element_type=\"section\" data-e-type=\"section\">\n\t\t\t\t\t\t<div class=\"elementor-container elementor-column-gap-default\">\n\t\t\t\t\t<div class=\"elementor-column elementor-col-100 elementor-top-column elementor-element elementor-element-8726bce\" data-id=\"8726bce\" data-element_type=\"column\" data-e-type=\"column\">\n\t\t\t<div class=\"elementor-widget-wrap elementor-element-populated\">\n\t\t\t\t\t\t<div class=\"elementor-element elementor-element-ba6949b elementor-widget elementor-widget-heading\" data-id=\"ba6949b\" data-element_type=\"widget\" data-e-type=\"widget\" data-widget_type=\"heading.default\">\n\t\t\t\t<div class=\"elementor-widget-container\">\n\t\t\t\t\t<h4 class=\"elementor-heading-title elementor-size-default\"><div>Comunicaci\u00f3 de l'acompliment ambiental<\/div><\/h4>\t\t\t\t<\/div>\n\t\t\t\t<\/div>\n\t\t\t\t<div class=\"elementor-element elementor-element-45b5723 elementor-widget elementor-widget-text-editor\" data-id=\"45b5723\" data-element_type=\"widget\" data-e-type=\"widget\" data-widget_type=\"text-editor.default\">\n\t\t\t\t<div class=\"elementor-widget-container\">\n\t\t\t\t\t\t\t\t\t<p data-renderer-start-pos=\"447\">ASZENDE SLU per a minimitzar els seus impactes ambientals, incorpora un sistema de gesti\u00f3 ambiental conforme la norma <a href=\"https:\/\/www.aszende.com\/ca\/empresa\/iso-14001\/\">UNE-EN-ISO 14001<\/a>.<br \/><br \/>En aquest marc s&#8217;engloba el control d&#8217;activitats generadores d&#8217;impacte ambiental. Els aspectes ambientals m\u00e9s significatius s\u00f3n:<\/p><table><thead><tr><th style=\"text-align: center; background-color: #3f91d0; color: white;\">Aspecte ambiental<\/th><th style=\"text-align: center; background-color: #3f91d0; color: white;\">Prioritat<\/th><\/tr><\/thead><tbody><tr><td>Consum de carburant<\/td><td style=\"text-align: center;\">Mitjana<\/td><\/tr><tr><td>Consumeixo electricitat<\/td><td style=\"text-align: center;\">Mitjana<\/td><\/tr><tr><td>Residu oli\u00ef de motor \/ hidr\u00e0ulic<\/td><td style=\"text-align: center;\">Mitjana<\/td><\/tr><tr><td>Residu envasi que contenen restes de subst\u00e0ncies perilloses o estan contaminats per elles<\/td><td style=\"text-align: center;\">Mitjana<\/td><\/tr><\/tbody><\/table>\t\t\t\t\t\t\t\t<\/div>\n\t\t\t\t<\/div>\n\t\t\t\t\t<\/div>\n\t\t<\/div>\n\t\t\t\t\t<\/div>\n\t\t<\/section>\n\t\t\t\t<\/div>\n\t\t","protected":false},"excerpt":{"rendered":"<p>Pol\u00edtica de qualitat, medi ambient i seguretat ASZENDE, S.L.U. es dedica des de 1977 a la instal\u00b7laci\u00f3, reparaci\u00f3 i manteniment d&#8217;elevadors,oferint un servei integral, en el transport vertical, tant per a espais residencials com per a grans instal\u00b7lacions. El seu prop\u00f2sit \u00e9s mantenir-se com un dels referents del mercat aportant SOLUCIONS D\u2019AL\u00c7ADA. Per aix\u00f2 l&#8217;empresa [&hellip;]<\/p>\n","protected":false},"author":3,"featured_media":0,"parent":0,"menu_order":0,"comment_status":"closed","ping_status":"closed","template":"","meta":{"site-sidebar-layout":"no-sidebar","site-content-layout":"page-builder","ast-site-content-layout":"default","site-content-style":"default","site-sidebar-style":"default","ast-global-header-display":"","ast-banner-title-visibility":"","ast-main-header-display":"","ast-hfb-above-header-display":"","ast-hfb-below-header-display":"","ast-hfb-mobile-header-display":"","site-post-title":"disabled","ast-breadcrumbs-content":"","ast-featured-img":"disabled","footer-sml-layout":"","theme-transparent-header-meta":"default","adv-header-id-meta":"","stick-header-meta":"","header-above-stick-meta":"","header-main-stick-meta":"","header-below-stick-meta":"","astra-migrate-meta-layouts":"default","ast-page-background-enabled":"default","ast-page-background-meta":{"desktop":{"background-color":"var(--ast-global-color-4)","background-image":"","background-repeat":"repeat","background-position":"center center","background-size":"auto","background-attachment":"scroll","background-type":"","background-media":"","overlay-type":"","overlay-color":"","overlay-opacity":"","overlay-gradient":""},"tablet":{"background-color":"","background-image":"","background-repeat":"repeat","background-position":"center center","background-size":"auto","background-attachment":"scroll","background-type":"","background-media":"","overlay-type":"","overlay-color":"","overlay-opacity":"","overlay-gradient":""},"mobile":{"background-color":"","background-image":"","background-repeat":"repeat","background-position":"center center","background-size":"auto","background-attachment":"scroll","background-type":"","background-media":"","overlay-type":"","overlay-color":"","overlay-opacity":"","overlay-gradient":""}},"ast-content-background-meta":{"desktop":{"background-color":"var(--ast-global-color-5)","background-image":"","background-repeat":"repeat","background-position":"center center","background-size":"auto","background-attachment":"scroll","background-type":"","background-media":"","overlay-type":"","overlay-color":"","overlay-opacity":"","overlay-gradient":""},"tablet":{"background-color":"var(--ast-global-color-5)","background-image":"","background-repeat":"repeat","background-position":"center center","background-size":"auto","background-attachment":"scroll","background-type":"","background-media":"","overlay-type":"","overlay-color":"","overlay-opacity":"","overlay-gradient":""},"mobile":{"background-color":"var(--ast-global-color-5)","background-image":"","background-repeat":"repeat","background-position":"center center","background-size":"auto","background-attachment":"scroll","background-type":"","background-media":"","overlay-type":"","overlay-color":"","overlay-opacity":"","overlay-gradient":""}},"footnotes":""},"class_list":["post-18334","page","type-page","status-publish","hentry"],"yoast_head":"<!-- This site is optimized with the Yoast SEO plugin v27.0 - https:\/\/yoast.com\/product\/yoast-seo-wordpress\/ -->\n<title>Pol\u00edtica de Qualitat - Aszende<\/title>\n<meta name=\"robots\" content=\"index, follow, max-snippet:-1, max-image-preview:large, max-video-preview:-1\" \/>\n<link rel=\"canonical\" href=\"https:\/\/www.aszende.com\/ca\/politica-de-qualitat\/\" \/>\n<meta property=\"og:locale\" content=\"ca_ES\" \/>\n<meta property=\"og:type\" content=\"article\" \/>\n<meta property=\"og:title\" content=\"Pol\u00edtica de Qualitat - Aszende\" \/>\n<meta property=\"og:description\" content=\"Pol\u00edtica de qualitat, medi ambient i seguretat ASZENDE, S.L.U. es dedica des de 1977 a la instal\u00b7laci\u00f3, reparaci\u00f3 i manteniment d&#8217;elevadors,oferint un servei integral, en el transport vertical, tant per a espais residencials com per a grans instal\u00b7lacions. El seu prop\u00f2sit \u00e9s mantenir-se com un dels referents del mercat aportant SOLUCIONS D\u2019AL\u00c7ADA. Per aix\u00f2 l&#8217;empresa [&hellip;]\" \/>\n<meta property=\"og:url\" content=\"https:\/\/www.aszende.com\/ca\/politica-de-qualitat\/\" \/>\n<meta property=\"og:site_name\" content=\"Aszende\" \/>\n<meta property=\"article:modified_time\" content=\"2025-03-25T14:52:27+00:00\" \/>\n<meta property=\"og:image\" content=\"https:\/\/www.aszende.com\/wp-content\/uploads\/2022\/06\/LOGO-CLAIM-Aszende-gris-azul-en-alta-calidad.png\" \/>\n\t<meta property=\"og:image:width\" content=\"1436\" \/>\n\t<meta property=\"og:image:height\" content=\"473\" \/>\n\t<meta property=\"og:image:type\" content=\"image\/png\" \/>\n<meta name=\"twitter:card\" content=\"summary_large_image\" \/>\n<meta name=\"twitter:label1\" content=\"Temps estimat de lectura\" \/>\n\t<meta name=\"twitter:data1\" content=\"4 minuts\" \/>\n<script type=\"application\/ld+json\" class=\"yoast-schema-graph\">{\"@context\":\"https:\/\/schema.org\",\"@graph\":[{\"@type\":\"WebPage\",\"@id\":\"https:\/\/www.aszende.com\/ca\/politica-de-qualitat\/\",\"url\":\"https:\/\/www.aszende.com\/ca\/politica-de-qualitat\/\",\"name\":\"Pol\u00edtica de Qualitat - Aszende\",\"isPartOf\":{\"@id\":\"https:\/\/www.aszende.com\/en\/#website\"},\"datePublished\":\"2023-06-14T13:16:21+00:00\",\"dateModified\":\"2025-03-25T14:52:27+00:00\",\"breadcrumb\":{\"@id\":\"https:\/\/www.aszende.com\/ca\/politica-de-qualitat\/#breadcrumb\"},\"inLanguage\":\"ca\",\"potentialAction\":[{\"@type\":\"ReadAction\",\"target\":[\"https:\/\/www.aszende.com\/ca\/politica-de-qualitat\/\"]}]},{\"@type\":\"BreadcrumbList\",\"@id\":\"https:\/\/www.aszende.com\/ca\/politica-de-qualitat\/#breadcrumb\",\"itemListElement\":[{\"@type\":\"ListItem\",\"position\":1,\"name\":\"Inicio\",\"item\":\"https:\/\/www.aszende.com\/ca\/\"},{\"@type\":\"ListItem\",\"position\":2,\"name\":\"Pol\u00edtica de Qualitat\"}]},{\"@type\":\"WebSite\",\"@id\":\"https:\/\/www.aszende.com\/en\/#website\",\"url\":\"https:\/\/www.aszende.com\/en\/\",\"name\":\"Aszende\",\"description\":\"\",\"publisher\":{\"@id\":\"https:\/\/www.aszende.com\/en\/#organization\"},\"potentialAction\":[{\"@type\":\"SearchAction\",\"target\":{\"@type\":\"EntryPoint\",\"urlTemplate\":\"https:\/\/www.aszende.com\/en\/?s={search_term_string}\"},\"query-input\":{\"@type\":\"PropertyValueSpecification\",\"valueRequired\":true,\"valueName\":\"search_term_string\"}}],\"inLanguage\":\"ca\"},{\"@type\":\"Organization\",\"@id\":\"https:\/\/www.aszende.com\/en\/#organization\",\"name\":\"Aszende\",\"url\":\"https:\/\/www.aszende.com\/en\/\",\"logo\":{\"@type\":\"ImageObject\",\"inLanguage\":\"ca\",\"@id\":\"https:\/\/www.aszende.com\/en\/#\/schema\/logo\/image\/\",\"url\":\"https:\/\/www.aszende.com\/wp-content\/uploads\/2022\/10\/LOGO-Aszende-sin-R.png\",\"contentUrl\":\"https:\/\/www.aszende.com\/wp-content\/uploads\/2022\/10\/LOGO-Aszende-sin-R.png\",\"width\":346,\"height\":114,\"caption\":\"Aszende\"},\"image\":{\"@id\":\"https:\/\/www.aszende.com\/en\/#\/schema\/logo\/image\/\"}}]}<\/script>\n<!-- \/ Yoast SEO plugin. -->","yoast_head_json":{"title":"Pol\u00edtica de Qualitat - Aszende","robots":{"index":"index","follow":"follow","max-snippet":"max-snippet:-1","max-image-preview":"max-image-preview:large","max-video-preview":"max-video-preview:-1"},"canonical":"https:\/\/www.aszende.com\/ca\/politica-de-qualitat\/","og_locale":"ca_ES","og_type":"article","og_title":"Pol\u00edtica de Qualitat - Aszende","og_description":"Pol\u00edtica de qualitat, medi ambient i seguretat ASZENDE, S.L.U. es dedica des de 1977 a la instal\u00b7laci\u00f3, reparaci\u00f3 i manteniment d&#8217;elevadors,oferint un servei integral, en el transport vertical, tant per a espais residencials com per a grans instal\u00b7lacions. El seu prop\u00f2sit \u00e9s mantenir-se com un dels referents del mercat aportant SOLUCIONS D\u2019AL\u00c7ADA. Per aix\u00f2 l&#8217;empresa [&hellip;]","og_url":"https:\/\/www.aszende.com\/ca\/politica-de-qualitat\/","og_site_name":"Aszende","article_modified_time":"2025-03-25T14:52:27+00:00","og_image":[{"width":1436,"height":473,"url":"https:\/\/www.aszende.com\/wp-content\/uploads\/2022\/06\/LOGO-CLAIM-Aszende-gris-azul-en-alta-calidad.png","type":"image\/png"}],"twitter_card":"summary_large_image","twitter_misc":{"Temps estimat de lectura":"4 minuts"},"schema":{"@context":"https:\/\/schema.org","@graph":[{"@type":"WebPage","@id":"https:\/\/www.aszende.com\/ca\/politica-de-qualitat\/","url":"https:\/\/www.aszende.com\/ca\/politica-de-qualitat\/","name":"Pol\u00edtica de Qualitat - Aszende","isPartOf":{"@id":"https:\/\/www.aszende.com\/en\/#website"},"datePublished":"2023-06-14T13:16:21+00:00","dateModified":"2025-03-25T14:52:27+00:00","breadcrumb":{"@id":"https:\/\/www.aszende.com\/ca\/politica-de-qualitat\/#breadcrumb"},"inLanguage":"ca","potentialAction":[{"@type":"ReadAction","target":["https:\/\/www.aszende.com\/ca\/politica-de-qualitat\/"]}]},{"@type":"BreadcrumbList","@id":"https:\/\/www.aszende.com\/ca\/politica-de-qualitat\/#breadcrumb","itemListElement":[{"@type":"ListItem","position":1,"name":"Inicio","item":"https:\/\/www.aszende.com\/ca\/"},{"@type":"ListItem","position":2,"name":"Pol\u00edtica de Qualitat"}]},{"@type":"WebSite","@id":"https:\/\/www.aszende.com\/en\/#website","url":"https:\/\/www.aszende.com\/en\/","name":"Aszende","description":"","publisher":{"@id":"https:\/\/www.aszende.com\/en\/#organization"},"potentialAction":[{"@type":"SearchAction","target":{"@type":"EntryPoint","urlTemplate":"https:\/\/www.aszende.com\/en\/?s={search_term_string}"},"query-input":{"@type":"PropertyValueSpecification","valueRequired":true,"valueName":"search_term_string"}}],"inLanguage":"ca"},{"@type":"Organization","@id":"https:\/\/www.aszende.com\/en\/#organization","name":"Aszende","url":"https:\/\/www.aszende.com\/en\/","logo":{"@type":"ImageObject","inLanguage":"ca","@id":"https:\/\/www.aszende.com\/en\/#\/schema\/logo\/image\/","url":"https:\/\/www.aszende.com\/wp-content\/uploads\/2022\/10\/LOGO-Aszende-sin-R.png","contentUrl":"https:\/\/www.aszende.com\/wp-content\/uploads\/2022\/10\/LOGO-Aszende-sin-R.png","width":346,"height":114,"caption":"Aszende"},"image":{"@id":"https:\/\/www.aszende.com\/en\/#\/schema\/logo\/image\/"}}]}},"_links":{"self":[{"href":"https:\/\/www.aszende.com\/ca\/wp-json\/wp\/v2\/pages\/18334","targetHints":{"allow":["GET"]}}],"collection":[{"href":"https:\/\/www.aszende.com\/ca\/wp-json\/wp\/v2\/pages"}],"about":[{"href":"https:\/\/www.aszende.com\/ca\/wp-json\/wp\/v2\/types\/page"}],"author":[{"embeddable":true,"href":"https:\/\/www.aszende.com\/ca\/wp-json\/wp\/v2\/users\/3"}],"replies":[{"embeddable":true,"href":"https:\/\/www.aszende.com\/ca\/wp-json\/wp\/v2\/comments?post=18334"}],"version-history":[{"count":0,"href":"https:\/\/www.aszende.com\/ca\/wp-json\/wp\/v2\/pages\/18334\/revisions"}],"wp:attachment":[{"href":"https:\/\/www.aszende.com\/ca\/wp-json\/wp\/v2\/media?parent=18334"}],"curies":[{"name":"wp","href":"https:\/\/api.w.org\/{rel}","templated":true}]}}