{"id":18006,"date":"2022-09-14T09:33:18","date_gmt":"2022-09-14T09:33:18","guid":{"rendered":"https:\/\/www.aszende.com\/?post_type=product&#038;p=18006"},"modified":"2023-10-25T12:07:37","modified_gmt":"2023-10-25T12:07:37","slug":"az-pipe","status":"publish","type":"product","link":"https:\/\/www.aszende.com\/ca\/producte\/az-pipe\/","title":{"rendered":"AZ PIPE"},"content":{"rendered":"<div class=\"caracteristicas_producto col\">\n<div class=\"datos_producto\">\n<h3>Caracter\u00edstiques de l\u2019AZ PIPE<\/h3>\n<ul>\n<li><strong>Mec\u00e0nica:<\/strong> Tracci\u00f3 hidr\u00e0ulica.<\/li>\n<li><strong>Velocitat m\u00e0xima:<\/strong> 0.15\u00a0m\/seg.<\/li>\n<li><strong>C\u00e0rrega:<\/strong> fins a 250\u00a0kg.<\/li>\n<li><strong>Recorregut:<\/strong> fins a 12\u00a0m.<\/li>\n<li><strong>Fossat:<\/strong> de 50\u00a0mm. Si el fossat no \u00e9s viable es pot subministrar una rampa d&#8217;acc\u00e9s.<\/li>\n<li><strong>Tensi\u00f3:<\/strong> Monof\u00e0sica de 230 V 50\/60 Hz 16 A.<\/li>\n<li><strong>Pot\u00e8ncia: <\/strong>3\u00a0kW.<\/li>\n<li><strong>Tauler de control: <\/strong>Elegant tauler negre amb retroil\u00b7luminaci\u00f3 blanca t\u00e8nue, clar i senzill d&#8217;utilitzar<\/li>\n<li><strong>Acabat:<\/strong> Producte personalitzable a les parets, terres i vidres.<\/li>\n<li>Arrencada i parades suaus.<\/li>\n<li>Pulsaci\u00f3 mantinguda a cabina.<\/li>\n<li>No es necessita espai extra per a la maquin\u00e0ria. L\u2019estructura pot ser molt compacta, fins a 90 x 94 cm.<\/li>\n<li>\u00das exclusiu en estances interiors.<\/li>\n<li>Es pot instal\u00b7lar en espais redu\u00efts<\/li>\n<li>S&#8217;hi inclouen agafador, bot\u00f3 d&#8217;alarma, parada d&#8217;emerg\u00e8ncia i comunicaci\u00f3 bidireccional de s\u00e8rie.<\/li>\n<\/ul>\n<\/div>\n<div class=\"icono_producto\"><img decoding=\"async\" src=\"\/wp-content\/uploads\/2022\/09\/PLATAFORMA-ESTRUCTURA.svg\" \/><\/div>\n<\/div>\n","protected":false},"excerpt":{"rendered":"<h3>Plataformes verticals Aszende<\/h3>\n<p>\u00a0<\/p>\n<p>Destinada \u00fanicament a habitatges unifamiliars, aquesta plataforma \u00e9s la soluci\u00f3 ideal per fer accessible el teu habitatge, fins i tot en espais redu\u00efts. Amb les seves m\u00faltiples opcions d&#8217;acabats, tant en colors com en materials, s&#8217;adapta perfectament a qualsevol estil.<\/p>\n","protected":false},"featured_media":18007,"template":"","meta":{"site-sidebar-layout":"default","site-content-layout":"default","ast-site-content-layout":"default","site-content-style":"default","site-sidebar-style":"default","ast-global-header-display":"","ast-banner-title-visibility":"","ast-main-header-display":"","ast-hfb-above-header-display":"","ast-hfb-below-header-display":"","ast-hfb-mobile-header-display":"","site-post-title":"","ast-breadcrumbs-content":"","ast-featured-img":"","footer-sml-layout":"","theme-transparent-header-meta":"default","adv-header-id-meta":"","stick-header-meta":"","header-above-stick-meta":"","header-main-stick-meta":"","header-below-stick-meta":"","astra-migrate-meta-layouts":"default","ast-page-background-enabled":"default","ast-page-background-meta":{"desktop":{"background-color":"var(--ast-global-color-4)","background-image":"","background-repeat":"repeat","background-position":"center center","background-size":"auto","background-attachment":"scroll","background-type":"","background-media":"","overlay-type":"","overlay-color":"","overlay-opacity":"","overlay-gradient":""},"tablet":{"background-color":"","background-image":"","background-repeat":"repeat","background-position":"center center","background-size":"auto","background-attachment":"scroll","background-type":"","background-media":"","overlay-type":"","overlay-color":"","overlay-opacity":"","overlay-gradient":""},"mobile":{"background-color":"","background-image":"","background-repeat":"repeat","background-position":"center center","background-size":"auto","background-attachment":"scroll","background-type":"","background-media":"","overlay-type":"","overlay-color":"","overlay-opacity":"","overlay-gradient":""}},"ast-content-background-meta":{"desktop":{"background-color":"var(--ast-global-color-5)","background-image":"","background-repeat":"repeat","background-position":"center center","background-size":"auto","background-attachment":"scroll","background-type":"","background-media":"","overlay-type":"","overlay-color":"","overlay-opacity":"","overlay-gradient":""},"tablet":{"background-color":"var(--ast-global-color-5)","background-image":"","background-repeat":"repeat","background-position":"center center","background-size":"auto","background-attachment":"scroll","background-type":"","background-media":"","overlay-type":"","overlay-color":"","overlay-opacity":"","overlay-gradient":""},"mobile":{"background-color":"var(--ast-global-color-5)","background-image":"","background-repeat":"repeat","background-position":"center center","background-size":"auto","background-attachment":"scroll","background-type":"","background-media":"","overlay-type":"","overlay-color":"","overlay-opacity":"","overlay-gradient":""}}},"product_brand":[],"product_cat":[72,71],"product_tag":[],"class_list":{"0":"post-18006","1":"product","2":"type-product","3":"status-publish","4":"has-post-thumbnail","6":"product_cat-plataformes-verticals-amb-estructura","7":"product_cat-plataformes-verticals-aszende","8":"desktop-align-left","9":"tablet-align-left","10":"mobile-align-left","12":"first","13":"instock","14":"shipping-taxable","15":"product-type-simple"},"yoast_head":"<!-- This site is optimized with the Yoast SEO plugin v27.0 - https:\/\/yoast.com\/product\/yoast-seo-wordpress\/ -->\n<title>Aszende^ - Els nostres elevadors AZ PIPE<\/title>\n<meta name=\"description\" content=\"Descobreix els nostres elevadors AZ PIPE, la soluci\u00f3 adaptada i feta a mida per al teu espai. Contacta&#039;ns i sol\u00b7licita informaci\u00f3.\" \/>\n<meta name=\"robots\" content=\"index, follow, max-snippet:-1, max-image-preview:large, max-video-preview:-1\" \/>\n<link rel=\"canonical\" href=\"https:\/\/www.aszende.com\/ca\/producte\/az-pipe\/\" \/>\n<meta property=\"og:locale\" content=\"ca_ES\" \/>\n<meta property=\"og:type\" content=\"article\" \/>\n<meta property=\"og:title\" content=\"Aszende^ - Els nostres elevadors AZ PIPE\" \/>\n<meta property=\"og:description\" content=\"Descobreix els nostres elevadors AZ PIPE, la soluci\u00f3 adaptada i feta a mida per al teu espai. Contacta&#039;ns i sol\u00b7licita informaci\u00f3.\" \/>\n<meta property=\"og:url\" content=\"https:\/\/www.aszende.com\/ca\/producte\/az-pipe\/\" \/>\n<meta property=\"og:site_name\" content=\"Aszende\" \/>\n<meta property=\"article:modified_time\" content=\"2023-10-25T12:07:37+00:00\" \/>\n<meta property=\"og:image\" content=\"https:\/\/www.aszende.com\/wp-content\/uploads\/2022\/09\/pipe2.jpg\" \/>\n\t<meta property=\"og:image:width\" content=\"1920\" \/>\n\t<meta property=\"og:image:height\" content=\"1080\" \/>\n\t<meta property=\"og:image:type\" content=\"image\/jpeg\" \/>\n<meta name=\"twitter:card\" content=\"summary_large_image\" \/>\n<meta name=\"twitter:label1\" content=\"Temps estimat de lectura\" \/>\n\t<meta name=\"twitter:data1\" content=\"1 minut\" \/>\n<script type=\"application\/ld+json\" class=\"yoast-schema-graph\">{\"@context\":\"https:\/\/schema.org\",\"@graph\":[{\"@type\":\"WebPage\",\"@id\":\"https:\/\/www.aszende.com\/ca\/producte\/az-pipe\/\",\"url\":\"https:\/\/www.aszende.com\/ca\/producte\/az-pipe\/\",\"name\":\"Aszende^ - Els nostres elevadors AZ PIPE\",\"isPartOf\":{\"@id\":\"https:\/\/www.aszende.com\/en\/#website\"},\"primaryImageOfPage\":{\"@id\":\"https:\/\/www.aszende.com\/ca\/producte\/az-pipe\/#primaryimage\"},\"image\":{\"@id\":\"https:\/\/www.aszende.com\/ca\/producte\/az-pipe\/#primaryimage\"},\"thumbnailUrl\":\"https:\/\/www.aszende.com\/wp-content\/uploads\/2022\/09\/pipe2.jpg\",\"datePublished\":\"2022-09-14T09:33:18+00:00\",\"dateModified\":\"2023-10-25T12:07:37+00:00\",\"description\":\"Descobreix els nostres elevadors AZ PIPE, la soluci\u00f3 adaptada i feta a mida per al teu espai. Contacta'ns i sol\u00b7licita informaci\u00f3.\",\"breadcrumb\":{\"@id\":\"https:\/\/www.aszende.com\/ca\/producte\/az-pipe\/#breadcrumb\"},\"inLanguage\":\"ca\",\"potentialAction\":[{\"@type\":\"ReadAction\",\"target\":[\"https:\/\/www.aszende.com\/ca\/producte\/az-pipe\/\"]}]},{\"@type\":\"ImageObject\",\"inLanguage\":\"ca\",\"@id\":\"https:\/\/www.aszende.com\/ca\/producte\/az-pipe\/#primaryimage\",\"url\":\"https:\/\/www.aszende.com\/wp-content\/uploads\/2022\/09\/pipe2.jpg\",\"contentUrl\":\"https:\/\/www.aszende.com\/wp-content\/uploads\/2022\/09\/pipe2.jpg\",\"width\":1920,\"height\":1080},{\"@type\":\"BreadcrumbList\",\"@id\":\"https:\/\/www.aszende.com\/ca\/producte\/az-pipe\/#breadcrumb\",\"itemListElement\":[{\"@type\":\"ListItem\",\"position\":1,\"name\":\"Inicio\",\"item\":\"https:\/\/www.aszende.com\/ca\/\"},{\"@type\":\"ListItem\",\"position\":2,\"name\":\"Tienda\",\"item\":\"https:\/\/www.aszende.com\/ca\/botiga\/\"},{\"@type\":\"ListItem\",\"position\":3,\"name\":\"AZ PIPE\"}]},{\"@type\":\"WebSite\",\"@id\":\"https:\/\/www.aszende.com\/en\/#website\",\"url\":\"https:\/\/www.aszende.com\/en\/\",\"name\":\"Aszende\",\"description\":\"\",\"publisher\":{\"@id\":\"https:\/\/www.aszende.com\/en\/#organization\"},\"potentialAction\":[{\"@type\":\"SearchAction\",\"target\":{\"@type\":\"EntryPoint\",\"urlTemplate\":\"https:\/\/www.aszende.com\/en\/?s={search_term_string}\"},\"query-input\":{\"@type\":\"PropertyValueSpecification\",\"valueRequired\":true,\"valueName\":\"search_term_string\"}}],\"inLanguage\":\"ca\"},{\"@type\":\"Organization\",\"@id\":\"https:\/\/www.aszende.com\/en\/#organization\",\"name\":\"Aszende\",\"url\":\"https:\/\/www.aszende.com\/en\/\",\"logo\":{\"@type\":\"ImageObject\",\"inLanguage\":\"ca\",\"@id\":\"https:\/\/www.aszende.com\/en\/#\/schema\/logo\/image\/\",\"url\":\"https:\/\/www.aszende.com\/wp-content\/uploads\/2022\/10\/LOGO-Aszende-sin-R.png\",\"contentUrl\":\"https:\/\/www.aszende.com\/wp-content\/uploads\/2022\/10\/LOGO-Aszende-sin-R.png\",\"width\":346,\"height\":114,\"caption\":\"Aszende\"},\"image\":{\"@id\":\"https:\/\/www.aszende.com\/en\/#\/schema\/logo\/image\/\"}}]}<\/script>\n<!-- \/ Yoast SEO plugin. -->","yoast_head_json":{"title":"Aszende^ - Els nostres elevadors AZ PIPE","description":"Descobreix els nostres elevadors AZ PIPE, la soluci\u00f3 adaptada i feta a mida per al teu espai. Contacta'ns i sol\u00b7licita informaci\u00f3.","robots":{"index":"index","follow":"follow","max-snippet":"max-snippet:-1","max-image-preview":"max-image-preview:large","max-video-preview":"max-video-preview:-1"},"canonical":"https:\/\/www.aszende.com\/ca\/producte\/az-pipe\/","og_locale":"ca_ES","og_type":"article","og_title":"Aszende^ - Els nostres elevadors AZ PIPE","og_description":"Descobreix els nostres elevadors AZ PIPE, la soluci\u00f3 adaptada i feta a mida per al teu espai. Contacta'ns i sol\u00b7licita informaci\u00f3.","og_url":"https:\/\/www.aszende.com\/ca\/producte\/az-pipe\/","og_site_name":"Aszende","article_modified_time":"2023-10-25T12:07:37+00:00","og_image":[{"width":1920,"height":1080,"url":"https:\/\/www.aszende.com\/wp-content\/uploads\/2022\/09\/pipe2.jpg","type":"image\/jpeg"}],"twitter_card":"summary_large_image","twitter_misc":{"Temps estimat de lectura":"1 minut"},"schema":{"@context":"https:\/\/schema.org","@graph":[{"@type":"WebPage","@id":"https:\/\/www.aszende.com\/ca\/producte\/az-pipe\/","url":"https:\/\/www.aszende.com\/ca\/producte\/az-pipe\/","name":"Aszende^ - Els nostres elevadors AZ PIPE","isPartOf":{"@id":"https:\/\/www.aszende.com\/en\/#website"},"primaryImageOfPage":{"@id":"https:\/\/www.aszende.com\/ca\/producte\/az-pipe\/#primaryimage"},"image":{"@id":"https:\/\/www.aszende.com\/ca\/producte\/az-pipe\/#primaryimage"},"thumbnailUrl":"https:\/\/www.aszende.com\/wp-content\/uploads\/2022\/09\/pipe2.jpg","datePublished":"2022-09-14T09:33:18+00:00","dateModified":"2023-10-25T12:07:37+00:00","description":"Descobreix els nostres elevadors AZ PIPE, la soluci\u00f3 adaptada i feta a mida per al teu espai. Contacta'ns i sol\u00b7licita informaci\u00f3.","breadcrumb":{"@id":"https:\/\/www.aszende.com\/ca\/producte\/az-pipe\/#breadcrumb"},"inLanguage":"ca","potentialAction":[{"@type":"ReadAction","target":["https:\/\/www.aszende.com\/ca\/producte\/az-pipe\/"]}]},{"@type":"ImageObject","inLanguage":"ca","@id":"https:\/\/www.aszende.com\/ca\/producte\/az-pipe\/#primaryimage","url":"https:\/\/www.aszende.com\/wp-content\/uploads\/2022\/09\/pipe2.jpg","contentUrl":"https:\/\/www.aszende.com\/wp-content\/uploads\/2022\/09\/pipe2.jpg","width":1920,"height":1080},{"@type":"BreadcrumbList","@id":"https:\/\/www.aszende.com\/ca\/producte\/az-pipe\/#breadcrumb","itemListElement":[{"@type":"ListItem","position":1,"name":"Inicio","item":"https:\/\/www.aszende.com\/ca\/"},{"@type":"ListItem","position":2,"name":"Tienda","item":"https:\/\/www.aszende.com\/ca\/botiga\/"},{"@type":"ListItem","position":3,"name":"AZ PIPE"}]},{"@type":"WebSite","@id":"https:\/\/www.aszende.com\/en\/#website","url":"https:\/\/www.aszende.com\/en\/","name":"Aszende","description":"","publisher":{"@id":"https:\/\/www.aszende.com\/en\/#organization"},"potentialAction":[{"@type":"SearchAction","target":{"@type":"EntryPoint","urlTemplate":"https:\/\/www.aszende.com\/en\/?s={search_term_string}"},"query-input":{"@type":"PropertyValueSpecification","valueRequired":true,"valueName":"search_term_string"}}],"inLanguage":"ca"},{"@type":"Organization","@id":"https:\/\/www.aszende.com\/en\/#organization","name":"Aszende","url":"https:\/\/www.aszende.com\/en\/","logo":{"@type":"ImageObject","inLanguage":"ca","@id":"https:\/\/www.aszende.com\/en\/#\/schema\/logo\/image\/","url":"https:\/\/www.aszende.com\/wp-content\/uploads\/2022\/10\/LOGO-Aszende-sin-R.png","contentUrl":"https:\/\/www.aszende.com\/wp-content\/uploads\/2022\/10\/LOGO-Aszende-sin-R.png","width":346,"height":114,"caption":"Aszende"},"image":{"@id":"https:\/\/www.aszende.com\/en\/#\/schema\/logo\/image\/"}}]}},"_links":{"self":[{"href":"https:\/\/www.aszende.com\/ca\/wp-json\/wp\/v2\/product\/18006","targetHints":{"allow":["GET"]}}],"collection":[{"href":"https:\/\/www.aszende.com\/ca\/wp-json\/wp\/v2\/product"}],"about":[{"href":"https:\/\/www.aszende.com\/ca\/wp-json\/wp\/v2\/types\/product"}],"wp:featuredmedia":[{"embeddable":true,"href":"https:\/\/www.aszende.com\/ca\/wp-json\/wp\/v2\/media\/18007"}],"wp:attachment":[{"href":"https:\/\/www.aszende.com\/ca\/wp-json\/wp\/v2\/media?parent=18006"}],"wp:term":[{"taxonomy":"product_brand","embeddable":true,"href":"https:\/\/www.aszende.com\/ca\/wp-json\/wp\/v2\/product_brand?post=18006"},{"taxonomy":"product_cat","embeddable":true,"href":"https:\/\/www.aszende.com\/ca\/wp-json\/wp\/v2\/product_cat?post=18006"},{"taxonomy":"product_tag","embeddable":true,"href":"https:\/\/www.aszende.com\/ca\/wp-json\/wp\/v2\/product_tag?post=18006"}],"curies":[{"name":"wp","href":"https:\/\/api.w.org\/{rel}","templated":true}]}}