{"id":18398,"date":"2022-07-27T10:48:55","date_gmt":"2022-07-27T10:48:55","guid":{"rendered":"https:\/\/www.aszende.com\/?post_type=product&#038;p=18398"},"modified":"2023-10-25T12:07:56","modified_gmt":"2023-10-25T12:07:56","slug":"az-verty","status":"publish","type":"product","link":"https:\/\/www.aszende.com\/ca\/producte\/az-verty\/","title":{"rendered":"AZ VERTY"},"content":{"rendered":"<div class=\"caracteristicas_producto col\">\n<div class=\"datos_producto\">\n<h3>Caracter\u00edstiques de l\u2019AZ VERTY<\/h3>\n<ul>\n<li><strong>Mec\u00e0nica:<\/strong> Tracci\u00f3 el\u00e8ctrica.<\/li>\n<li><strong>Velocitat: <\/strong>M\u00e0xima de 0,15\u00a0m\/seg.<\/li>\n<li><strong>C\u00e0rrega:<\/strong> Fins a 300\u00a0kg.<\/li>\n<li><strong>Recorregut:<\/strong> Despla\u00e7ament vertical fins a 1,9 metres de recorregut.<\/li>\n<li><strong>Fossat:<\/strong> 130\u00a0mm. En cas de no disposar d&#8217;un fossat teniu la possibilitat de posar una rampa.<\/li>\n<li><strong>Tensi\u00f3:<\/strong> Alimentaci\u00f3 monof\u00e0sica 230\u00a0V.<\/li>\n<li><strong>Embarcament:<\/strong> Tecnologia segura, ja que compta amb dispositius de seguretat i portes de protecci\u00f3 que fan m\u00e9s c\u00f2mode i segur el transport de persones.<\/li>\n<li><strong>Recorregut de seguretat:<\/strong> M\u00ednim 2200 mm.<\/li>\n<li><strong>Acabat:<\/strong> Diferents colors disponibles i opci\u00f3 de portes motoritzades.<\/li>\n<li><strong>Instal\u00b7laci\u00f3:<\/strong> Tant interiors com exteriors gr\u00e0cies a les caracter\u00edstiques t\u00e8cniques que garanteixen les millors prestacions fins i tot en condicions clim\u00e0tiques adverses.<\/li>\n<li><strong>Muntatge:<\/strong> \u00c9s una plataforma de f\u00e0cil i r\u00e0pid muntatge i que ocupa poc espai. A m\u00e9s, la manxa de protecci\u00f3 inferior evita possibles incidents fent d&#8217;aquesta plataforma un elevador molt segur.<\/li>\n<li>Pulsaci\u00f3 mantinguda a cabina.<\/li>\n<li>Rampes d&#8217;acceleraci\u00f3 i frenada molt suaus i silencioses.<\/li>\n<li>Bateria d&#8217;emerg\u00e8ncia per tall de subministrament el\u00e8ctric.<\/li>\n<li>Normatives de conformitat amb la Directiva de M\u00e0quines Europea 2006\/42\/CE.<\/li>\n<\/ul>\n<\/div>\n<div class=\"icono_producto\"><img decoding=\"async\" src=\"\/wp-content\/uploads\/2022\/05\/Plataforma-vertical.svg\" \/><\/div>\n<\/div>\n","protected":false},"excerpt":{"rendered":"<h3>Plataformes verticals Aszende<\/h3>\n<p>\u00a0<\/p>\n<p>\u00c9s la millor opci\u00f3 per eliminar els obstacles a la mobilitat sense restar espai a les escales. Aquesta plataforma vertical est\u00e0 concebuda per salvar barreres arquitect\u00f2niques, facilitant la mobilitat de les persones amb el terra antilliscant i la manxa de protecci\u00f3 inferior, sense prescindir del valor est\u00e8tic a cabina i amb portes panor\u00e0miques. \u00c9s ideal per assegurar l&#8217;accessibilitat a edificis p\u00fablics, institucionals o residencials, i gr\u00e0cies a les opcions d&#8217;acabat s&#8217;adapta est\u00e8ticament a qualsevol espai.<\/p>\n<p>\u00a0<\/p>\n","protected":false},"featured_media":18399,"template":"","meta":{"site-sidebar-layout":"default","site-content-layout":"default","ast-site-content-layout":"default","site-content-style":"default","site-sidebar-style":"default","ast-global-header-display":"","ast-banner-title-visibility":"","ast-main-header-display":"","ast-hfb-above-header-display":"","ast-hfb-below-header-display":"","ast-hfb-mobile-header-display":"","site-post-title":"","ast-breadcrumbs-content":"","ast-featured-img":"","footer-sml-layout":"","theme-transparent-header-meta":"default","adv-header-id-meta":"","stick-header-meta":"","header-above-stick-meta":"","header-main-stick-meta":"","header-below-stick-meta":"","astra-migrate-meta-layouts":"default","ast-page-background-enabled":"default","ast-page-background-meta":{"desktop":{"background-color":"var(--ast-global-color-4)","background-image":"","background-repeat":"repeat","background-position":"center center","background-size":"auto","background-attachment":"scroll","background-type":"","background-media":"","overlay-type":"","overlay-color":"","overlay-opacity":"","overlay-gradient":""},"tablet":{"background-color":"","background-image":"","background-repeat":"repeat","background-position":"center center","background-size":"auto","background-attachment":"scroll","background-type":"","background-media":"","overlay-type":"","overlay-color":"","overlay-opacity":"","overlay-gradient":""},"mobile":{"background-color":"","background-image":"","background-repeat":"repeat","background-position":"center center","background-size":"auto","background-attachment":"scroll","background-type":"","background-media":"","overlay-type":"","overlay-color":"","overlay-opacity":"","overlay-gradient":""}},"ast-content-background-meta":{"desktop":{"background-color":"var(--ast-global-color-5)","background-image":"","background-repeat":"repeat","background-position":"center center","background-size":"auto","background-attachment":"scroll","background-type":"","background-media":"","overlay-type":"","overlay-color":"","overlay-opacity":"","overlay-gradient":""},"tablet":{"background-color":"var(--ast-global-color-5)","background-image":"","background-repeat":"repeat","background-position":"center center","background-size":"auto","background-attachment":"scroll","background-type":"","background-media":"","overlay-type":"","overlay-color":"","overlay-opacity":"","overlay-gradient":""},"mobile":{"background-color":"var(--ast-global-color-5)","background-image":"","background-repeat":"repeat","background-position":"center center","background-size":"auto","background-attachment":"scroll","background-type":"","background-media":"","overlay-type":"","overlay-color":"","overlay-opacity":"","overlay-gradient":""}}},"product_brand":[],"product_cat":[72,71],"product_tag":[],"class_list":{"0":"post-18398","1":"product","2":"type-product","3":"status-publish","4":"has-post-thumbnail","6":"product_cat-plataformes-verticals-amb-estructura","7":"product_cat-plataformes-verticals-aszende","8":"desktop-align-left","9":"tablet-align-left","10":"mobile-align-left","12":"first","13":"instock","14":"shipping-taxable","15":"product-type-simple"},"yoast_head":"<!-- This site is optimized with the Yoast SEO plugin v27.0 - https:\/\/yoast.com\/product\/yoast-seo-wordpress\/ -->\n<title>Aszende^- Els nostres elevadors AZ VERTY<\/title>\n<meta name=\"description\" content=\"Descobreix els nostres elevadors AZ VERTY, la soluci\u00f3 adaptada i feta a mida per al teu espai. Contacta&#039;ns i informa&#039;t.\" \/>\n<meta name=\"robots\" content=\"index, follow, max-snippet:-1, max-image-preview:large, max-video-preview:-1\" \/>\n<link rel=\"canonical\" href=\"https:\/\/www.aszende.com\/ca\/producte\/az-verty\/\" \/>\n<meta property=\"og:locale\" content=\"ca_ES\" \/>\n<meta property=\"og:type\" content=\"article\" \/>\n<meta property=\"og:title\" content=\"Aszende^- Els nostres elevadors AZ VERTY\" \/>\n<meta property=\"og:description\" content=\"Descobreix els nostres elevadors AZ VERTY, la soluci\u00f3 adaptada i feta a mida per al teu espai. Contacta&#039;ns i informa&#039;t.\" \/>\n<meta property=\"og:url\" content=\"https:\/\/www.aszende.com\/ca\/producte\/az-verty\/\" \/>\n<meta property=\"og:site_name\" content=\"Aszende\" \/>\n<meta property=\"article:modified_time\" content=\"2023-10-25T12:07:56+00:00\" \/>\n<meta property=\"og:image\" content=\"https:\/\/www.aszende.com\/wp-content\/uploads\/2022\/07\/AZ_Verty_ASZENDE__MMG1894__E.jpg\" \/>\n\t<meta property=\"og:image:width\" content=\"1024\" \/>\n\t<meta property=\"og:image:height\" content=\"768\" \/>\n\t<meta property=\"og:image:type\" content=\"image\/jpeg\" \/>\n<meta name=\"twitter:card\" content=\"summary_large_image\" \/>\n<meta name=\"twitter:label1\" content=\"Temps estimat de lectura\" \/>\n\t<meta name=\"twitter:data1\" content=\"1 minut\" \/>\n<script type=\"application\/ld+json\" class=\"yoast-schema-graph\">{\"@context\":\"https:\/\/schema.org\",\"@graph\":[{\"@type\":\"WebPage\",\"@id\":\"https:\/\/www.aszende.com\/ca\/producte\/az-verty\/\",\"url\":\"https:\/\/www.aszende.com\/ca\/producte\/az-verty\/\",\"name\":\"Aszende^- Els nostres elevadors AZ VERTY\",\"isPartOf\":{\"@id\":\"https:\/\/www.aszende.com\/en\/#website\"},\"primaryImageOfPage\":{\"@id\":\"https:\/\/www.aszende.com\/ca\/producte\/az-verty\/#primaryimage\"},\"image\":{\"@id\":\"https:\/\/www.aszende.com\/ca\/producte\/az-verty\/#primaryimage\"},\"thumbnailUrl\":\"https:\/\/www.aszende.com\/wp-content\/uploads\/2022\/07\/AZ_Verty_ASZENDE__MMG1894__E.jpg\",\"datePublished\":\"2022-07-27T10:48:55+00:00\",\"dateModified\":\"2023-10-25T12:07:56+00:00\",\"description\":\"Descobreix els nostres elevadors AZ VERTY, la soluci\u00f3 adaptada i feta a mida per al teu espai. Contacta'ns i informa't.\",\"breadcrumb\":{\"@id\":\"https:\/\/www.aszende.com\/ca\/producte\/az-verty\/#breadcrumb\"},\"inLanguage\":\"ca\",\"potentialAction\":[{\"@type\":\"ReadAction\",\"target\":[\"https:\/\/www.aszende.com\/ca\/producte\/az-verty\/\"]}]},{\"@type\":\"ImageObject\",\"inLanguage\":\"ca\",\"@id\":\"https:\/\/www.aszende.com\/ca\/producte\/az-verty\/#primaryimage\",\"url\":\"https:\/\/www.aszende.com\/wp-content\/uploads\/2022\/07\/AZ_Verty_ASZENDE__MMG1894__E.jpg\",\"contentUrl\":\"https:\/\/www.aszende.com\/wp-content\/uploads\/2022\/07\/AZ_Verty_ASZENDE__MMG1894__E.jpg\",\"width\":1024,\"height\":768},{\"@type\":\"BreadcrumbList\",\"@id\":\"https:\/\/www.aszende.com\/ca\/producte\/az-verty\/#breadcrumb\",\"itemListElement\":[{\"@type\":\"ListItem\",\"position\":1,\"name\":\"Inicio\",\"item\":\"https:\/\/www.aszende.com\/ca\/\"},{\"@type\":\"ListItem\",\"position\":2,\"name\":\"Tienda\",\"item\":\"https:\/\/www.aszende.com\/ca\/botiga\/\"},{\"@type\":\"ListItem\",\"position\":3,\"name\":\"AZ VERTY\"}]},{\"@type\":\"WebSite\",\"@id\":\"https:\/\/www.aszende.com\/en\/#website\",\"url\":\"https:\/\/www.aszende.com\/en\/\",\"name\":\"Aszende\",\"description\":\"\",\"publisher\":{\"@id\":\"https:\/\/www.aszende.com\/en\/#organization\"},\"potentialAction\":[{\"@type\":\"SearchAction\",\"target\":{\"@type\":\"EntryPoint\",\"urlTemplate\":\"https:\/\/www.aszende.com\/en\/?s={search_term_string}\"},\"query-input\":{\"@type\":\"PropertyValueSpecification\",\"valueRequired\":true,\"valueName\":\"search_term_string\"}}],\"inLanguage\":\"ca\"},{\"@type\":\"Organization\",\"@id\":\"https:\/\/www.aszende.com\/en\/#organization\",\"name\":\"Aszende\",\"url\":\"https:\/\/www.aszende.com\/en\/\",\"logo\":{\"@type\":\"ImageObject\",\"inLanguage\":\"ca\",\"@id\":\"https:\/\/www.aszende.com\/en\/#\/schema\/logo\/image\/\",\"url\":\"https:\/\/www.aszende.com\/wp-content\/uploads\/2022\/10\/LOGO-Aszende-sin-R.png\",\"contentUrl\":\"https:\/\/www.aszende.com\/wp-content\/uploads\/2022\/10\/LOGO-Aszende-sin-R.png\",\"width\":346,\"height\":114,\"caption\":\"Aszende\"},\"image\":{\"@id\":\"https:\/\/www.aszende.com\/en\/#\/schema\/logo\/image\/\"}}]}<\/script>\n<!-- \/ Yoast SEO plugin. -->","yoast_head_json":{"title":"Aszende^- Els nostres elevadors AZ VERTY","description":"Descobreix els nostres elevadors AZ VERTY, la soluci\u00f3 adaptada i feta a mida per al teu espai. Contacta'ns i informa't.","robots":{"index":"index","follow":"follow","max-snippet":"max-snippet:-1","max-image-preview":"max-image-preview:large","max-video-preview":"max-video-preview:-1"},"canonical":"https:\/\/www.aszende.com\/ca\/producte\/az-verty\/","og_locale":"ca_ES","og_type":"article","og_title":"Aszende^- Els nostres elevadors AZ VERTY","og_description":"Descobreix els nostres elevadors AZ VERTY, la soluci\u00f3 adaptada i feta a mida per al teu espai. Contacta'ns i informa't.","og_url":"https:\/\/www.aszende.com\/ca\/producte\/az-verty\/","og_site_name":"Aszende","article_modified_time":"2023-10-25T12:07:56+00:00","og_image":[{"width":1024,"height":768,"url":"https:\/\/www.aszende.com\/wp-content\/uploads\/2022\/07\/AZ_Verty_ASZENDE__MMG1894__E.jpg","type":"image\/jpeg"}],"twitter_card":"summary_large_image","twitter_misc":{"Temps estimat de lectura":"1 minut"},"schema":{"@context":"https:\/\/schema.org","@graph":[{"@type":"WebPage","@id":"https:\/\/www.aszende.com\/ca\/producte\/az-verty\/","url":"https:\/\/www.aszende.com\/ca\/producte\/az-verty\/","name":"Aszende^- Els nostres elevadors AZ VERTY","isPartOf":{"@id":"https:\/\/www.aszende.com\/en\/#website"},"primaryImageOfPage":{"@id":"https:\/\/www.aszende.com\/ca\/producte\/az-verty\/#primaryimage"},"image":{"@id":"https:\/\/www.aszende.com\/ca\/producte\/az-verty\/#primaryimage"},"thumbnailUrl":"https:\/\/www.aszende.com\/wp-content\/uploads\/2022\/07\/AZ_Verty_ASZENDE__MMG1894__E.jpg","datePublished":"2022-07-27T10:48:55+00:00","dateModified":"2023-10-25T12:07:56+00:00","description":"Descobreix els nostres elevadors AZ VERTY, la soluci\u00f3 adaptada i feta a mida per al teu espai. Contacta'ns i informa't.","breadcrumb":{"@id":"https:\/\/www.aszende.com\/ca\/producte\/az-verty\/#breadcrumb"},"inLanguage":"ca","potentialAction":[{"@type":"ReadAction","target":["https:\/\/www.aszende.com\/ca\/producte\/az-verty\/"]}]},{"@type":"ImageObject","inLanguage":"ca","@id":"https:\/\/www.aszende.com\/ca\/producte\/az-verty\/#primaryimage","url":"https:\/\/www.aszende.com\/wp-content\/uploads\/2022\/07\/AZ_Verty_ASZENDE__MMG1894__E.jpg","contentUrl":"https:\/\/www.aszende.com\/wp-content\/uploads\/2022\/07\/AZ_Verty_ASZENDE__MMG1894__E.jpg","width":1024,"height":768},{"@type":"BreadcrumbList","@id":"https:\/\/www.aszende.com\/ca\/producte\/az-verty\/#breadcrumb","itemListElement":[{"@type":"ListItem","position":1,"name":"Inicio","item":"https:\/\/www.aszende.com\/ca\/"},{"@type":"ListItem","position":2,"name":"Tienda","item":"https:\/\/www.aszende.com\/ca\/botiga\/"},{"@type":"ListItem","position":3,"name":"AZ VERTY"}]},{"@type":"WebSite","@id":"https:\/\/www.aszende.com\/en\/#website","url":"https:\/\/www.aszende.com\/en\/","name":"Aszende","description":"","publisher":{"@id":"https:\/\/www.aszende.com\/en\/#organization"},"potentialAction":[{"@type":"SearchAction","target":{"@type":"EntryPoint","urlTemplate":"https:\/\/www.aszende.com\/en\/?s={search_term_string}"},"query-input":{"@type":"PropertyValueSpecification","valueRequired":true,"valueName":"search_term_string"}}],"inLanguage":"ca"},{"@type":"Organization","@id":"https:\/\/www.aszende.com\/en\/#organization","name":"Aszende","url":"https:\/\/www.aszende.com\/en\/","logo":{"@type":"ImageObject","inLanguage":"ca","@id":"https:\/\/www.aszende.com\/en\/#\/schema\/logo\/image\/","url":"https:\/\/www.aszende.com\/wp-content\/uploads\/2022\/10\/LOGO-Aszende-sin-R.png","contentUrl":"https:\/\/www.aszende.com\/wp-content\/uploads\/2022\/10\/LOGO-Aszende-sin-R.png","width":346,"height":114,"caption":"Aszende"},"image":{"@id":"https:\/\/www.aszende.com\/en\/#\/schema\/logo\/image\/"}}]}},"_links":{"self":[{"href":"https:\/\/www.aszende.com\/ca\/wp-json\/wp\/v2\/product\/18398","targetHints":{"allow":["GET"]}}],"collection":[{"href":"https:\/\/www.aszende.com\/ca\/wp-json\/wp\/v2\/product"}],"about":[{"href":"https:\/\/www.aszende.com\/ca\/wp-json\/wp\/v2\/types\/product"}],"wp:featuredmedia":[{"embeddable":true,"href":"https:\/\/www.aszende.com\/ca\/wp-json\/wp\/v2\/media\/18399"}],"wp:attachment":[{"href":"https:\/\/www.aszende.com\/ca\/wp-json\/wp\/v2\/media?parent=18398"}],"wp:term":[{"taxonomy":"product_brand","embeddable":true,"href":"https:\/\/www.aszende.com\/ca\/wp-json\/wp\/v2\/product_brand?post=18398"},{"taxonomy":"product_cat","embeddable":true,"href":"https:\/\/www.aszende.com\/ca\/wp-json\/wp\/v2\/product_cat?post=18398"},{"taxonomy":"product_tag","embeddable":true,"href":"https:\/\/www.aszende.com\/ca\/wp-json\/wp\/v2\/product_tag?post=18398"}],"curies":[{"name":"wp","href":"https:\/\/api.w.org\/{rel}","templated":true}]}}