{"id":18409,"date":"2022-07-27T10:57:17","date_gmt":"2022-07-27T10:57:17","guid":{"rendered":"https:\/\/www.aszende.com\/?post_type=product&#038;p=18409"},"modified":"2023-10-25T12:07:55","modified_gmt":"2023-10-25T12:07:55","slug":"az-verty-plus","status":"publish","type":"product","link":"https:\/\/www.aszende.com\/ca\/producte\/az-verty-plus\/","title":{"rendered":"AZ VERTY PLUS"},"content":{"rendered":"<div class=\"caracteristicas_producto col\">\n<div class=\"datos_producto\">\n<h3>Caracter\u00edstiques de l\u2019AZ VERTY PLUS<\/h3>\n<ul>\n<li><strong>Mec\u00e0nica:<\/strong> Tracci\u00f3 hidr\u00e0ulica.<\/li>\n<li><strong>Velocitat m\u00e0xima:<\/strong> 0,15\u00a0m\/seg.<\/li>\n<li><strong>C\u00e0rrega:<\/strong> 300\u00a0kg.<\/li>\n<li><strong>Recorregut:<\/strong> Despla\u00e7ament vertical de fins a 3 metres de recorregut.<\/li>\n<li><strong>Fossat:<\/strong>\u00a0140\u00a0mm.<\/li>\n<li><strong>Tensi\u00f3:<\/strong> Alimentaci\u00f3 monof\u00e0sica 230\u00a0V.<\/li>\n<li><strong>Recorregut de seguretat:<\/strong> M\u00ednim 2200 mm.<\/li>\n<li><strong>Acabats:<\/strong> Gr\u00e0cies a les opcions de color i les parets panor\u00e0miques, s&#8217;adapta est\u00e8ticament a qualsevol espai.<\/li>\n<li>Clau de desconnexi\u00f3 a la botonera de cabina.<\/li>\n<li>Plataforma que s&#8217;instal\u00b7la a espai tancat (buit).<\/li>\n<li>Cabina i portes panor\u00e0miques.<\/li>\n<li>Rampes d&#8217;acceleraci\u00f3 i frenada molt suaus i silencioses.<\/li>\n<li>Bateria d&#8217;emerg\u00e8ncia per tall de subministrament el\u00e8ctric.<\/li>\n<li>Opci\u00f3 de portes motoritzades.<\/li>\n<li>Normativa conforme a la Directiva de M\u00e0quines 2006\/42\/CE i la normativa EN 81-41.<\/li>\n<\/ul>\n<\/div>\n<div class=\"icono_producto\"><img decoding=\"async\" src=\"\/wp-content\/uploads\/2022\/05\/Plataforma-vertical.svg\" \/><\/div>\n<\/div>\n","protected":false},"excerpt":{"rendered":"<h3>Plataformes verticals Aszende<\/h3>\n<p>\u00a0<\/p>\n<p>\u00c9s la millor opci\u00f3 per eliminar els obstacles de llarg recorregut a la mobilitat sense restar espai. \u00c9s ideal per assegurar l&#8217;accessibilitat a edificis p\u00fablics, institucionals o residencials, i gr\u00e0cies a les opcions d&#8217;acabats en colors i textures s&#8217;adapta est\u00e8ticament a qualsevol espai.<\/p>\n","protected":false},"featured_media":17204,"template":"","meta":{"site-sidebar-layout":"default","site-content-layout":"default","ast-site-content-layout":"default","site-content-style":"default","site-sidebar-style":"default","ast-global-header-display":"","ast-banner-title-visibility":"","ast-main-header-display":"","ast-hfb-above-header-display":"","ast-hfb-below-header-display":"","ast-hfb-mobile-header-display":"","site-post-title":"","ast-breadcrumbs-content":"","ast-featured-img":"","footer-sml-layout":"","theme-transparent-header-meta":"default","adv-header-id-meta":"","stick-header-meta":"","header-above-stick-meta":"","header-main-stick-meta":"","header-below-stick-meta":"","astra-migrate-meta-layouts":"default","ast-page-background-enabled":"default","ast-page-background-meta":{"desktop":{"background-color":"var(--ast-global-color-4)","background-image":"","background-repeat":"repeat","background-position":"center center","background-size":"auto","background-attachment":"scroll","background-type":"","background-media":"","overlay-type":"","overlay-color":"","overlay-opacity":"","overlay-gradient":""},"tablet":{"background-color":"","background-image":"","background-repeat":"repeat","background-position":"center center","background-size":"auto","background-attachment":"scroll","background-type":"","background-media":"","overlay-type":"","overlay-color":"","overlay-opacity":"","overlay-gradient":""},"mobile":{"background-color":"","background-image":"","background-repeat":"repeat","background-position":"center center","background-size":"auto","background-attachment":"scroll","background-type":"","background-media":"","overlay-type":"","overlay-color":"","overlay-opacity":"","overlay-gradient":""}},"ast-content-background-meta":{"desktop":{"background-color":"var(--ast-global-color-5)","background-image":"","background-repeat":"repeat","background-position":"center center","background-size":"auto","background-attachment":"scroll","background-type":"","background-media":"","overlay-type":"","overlay-color":"","overlay-opacity":"","overlay-gradient":""},"tablet":{"background-color":"var(--ast-global-color-5)","background-image":"","background-repeat":"repeat","background-position":"center center","background-size":"auto","background-attachment":"scroll","background-type":"","background-media":"","overlay-type":"","overlay-color":"","overlay-opacity":"","overlay-gradient":""},"mobile":{"background-color":"var(--ast-global-color-5)","background-image":"","background-repeat":"repeat","background-position":"center center","background-size":"auto","background-attachment":"scroll","background-type":"","background-media":"","overlay-type":"","overlay-color":"","overlay-opacity":"","overlay-gradient":""}}},"product_brand":[],"product_cat":[72,71],"product_tag":[],"class_list":{"0":"post-18409","1":"product","2":"type-product","3":"status-publish","4":"has-post-thumbnail","6":"product_cat-plataformes-verticals-amb-estructura","7":"product_cat-plataformes-verticals-aszende","8":"desktop-align-left","9":"tablet-align-left","10":"mobile-align-left","12":"first","13":"instock","14":"shipping-taxable","15":"product-type-simple"},"yoast_head":"<!-- This site is optimized with the Yoast SEO plugin v27.0 - https:\/\/yoast.com\/product\/yoast-seo-wordpress\/ -->\n<title>Aszende^- Els nostres elevadors AZ VERTY PLUS<\/title>\n<meta name=\"description\" content=\"Descobreix els nostres elevadors de p\u00f2rtic AZ VERTY PLUS, la soluci\u00f3 adaptada i feta a mida per al teu espai. Contacta&#039;ns i informa&#039;t.\" \/>\n<meta name=\"robots\" content=\"index, follow, max-snippet:-1, max-image-preview:large, max-video-preview:-1\" \/>\n<link rel=\"canonical\" href=\"https:\/\/www.aszende.com\/ca\/producte\/az-verty-plus\/\" \/>\n<meta property=\"og:locale\" content=\"ca_ES\" \/>\n<meta property=\"og:type\" content=\"article\" \/>\n<meta property=\"og:title\" content=\"Aszende^- Els nostres elevadors AZ VERTY PLUS\" \/>\n<meta property=\"og:description\" content=\"Descobreix els nostres elevadors de p\u00f2rtic AZ VERTY PLUS, la soluci\u00f3 adaptada i feta a mida per al teu espai. Contacta&#039;ns i informa&#039;t.\" \/>\n<meta property=\"og:url\" content=\"https:\/\/www.aszende.com\/ca\/producte\/az-verty-plus\/\" \/>\n<meta property=\"og:site_name\" content=\"Aszende\" \/>\n<meta property=\"article:modified_time\" content=\"2023-10-25T12:07:55+00:00\" \/>\n<meta property=\"og:image\" content=\"https:\/\/www.aszende.com\/wp-content\/uploads\/2022\/07\/vertyplusportada.webp\" \/>\n\t<meta property=\"og:image:width\" content=\"545\" \/>\n\t<meta property=\"og:image:height\" content=\"501\" \/>\n\t<meta property=\"og:image:type\" content=\"image\/webp\" \/>\n<meta name=\"twitter:card\" content=\"summary_large_image\" \/>\n<meta name=\"twitter:label1\" content=\"Temps estimat de lectura\" \/>\n\t<meta name=\"twitter:data1\" content=\"1 minut\" \/>\n<script type=\"application\/ld+json\" class=\"yoast-schema-graph\">{\"@context\":\"https:\/\/schema.org\",\"@graph\":[{\"@type\":\"WebPage\",\"@id\":\"https:\/\/www.aszende.com\/ca\/producte\/az-verty-plus\/\",\"url\":\"https:\/\/www.aszende.com\/ca\/producte\/az-verty-plus\/\",\"name\":\"Aszende^- Els nostres elevadors AZ VERTY PLUS\",\"isPartOf\":{\"@id\":\"https:\/\/www.aszende.com\/en\/#website\"},\"primaryImageOfPage\":{\"@id\":\"https:\/\/www.aszende.com\/ca\/producte\/az-verty-plus\/#primaryimage\"},\"image\":{\"@id\":\"https:\/\/www.aszende.com\/ca\/producte\/az-verty-plus\/#primaryimage\"},\"thumbnailUrl\":\"https:\/\/www.aszende.com\/wp-content\/uploads\/2022\/07\/vertyplusportada.webp\",\"datePublished\":\"2022-07-27T10:57:17+00:00\",\"dateModified\":\"2023-10-25T12:07:55+00:00\",\"description\":\"Descobreix els nostres elevadors de p\u00f2rtic AZ VERTY PLUS, la soluci\u00f3 adaptada i feta a mida per al teu espai. Contacta'ns i informa't.\",\"breadcrumb\":{\"@id\":\"https:\/\/www.aszende.com\/ca\/producte\/az-verty-plus\/#breadcrumb\"},\"inLanguage\":\"ca\",\"potentialAction\":[{\"@type\":\"ReadAction\",\"target\":[\"https:\/\/www.aszende.com\/ca\/producte\/az-verty-plus\/\"]}]},{\"@type\":\"ImageObject\",\"inLanguage\":\"ca\",\"@id\":\"https:\/\/www.aszende.com\/ca\/producte\/az-verty-plus\/#primaryimage\",\"url\":\"https:\/\/www.aszende.com\/wp-content\/uploads\/2022\/07\/vertyplusportada.webp\",\"contentUrl\":\"https:\/\/www.aszende.com\/wp-content\/uploads\/2022\/07\/vertyplusportada.webp\",\"width\":545,\"height\":501},{\"@type\":\"BreadcrumbList\",\"@id\":\"https:\/\/www.aszende.com\/ca\/producte\/az-verty-plus\/#breadcrumb\",\"itemListElement\":[{\"@type\":\"ListItem\",\"position\":1,\"name\":\"Inicio\",\"item\":\"https:\/\/www.aszende.com\/ca\/\"},{\"@type\":\"ListItem\",\"position\":2,\"name\":\"Tienda\",\"item\":\"https:\/\/www.aszende.com\/ca\/botiga\/\"},{\"@type\":\"ListItem\",\"position\":3,\"name\":\"AZ VERTY PLUS\"}]},{\"@type\":\"WebSite\",\"@id\":\"https:\/\/www.aszende.com\/en\/#website\",\"url\":\"https:\/\/www.aszende.com\/en\/\",\"name\":\"Aszende\",\"description\":\"\",\"publisher\":{\"@id\":\"https:\/\/www.aszende.com\/en\/#organization\"},\"potentialAction\":[{\"@type\":\"SearchAction\",\"target\":{\"@type\":\"EntryPoint\",\"urlTemplate\":\"https:\/\/www.aszende.com\/en\/?s={search_term_string}\"},\"query-input\":{\"@type\":\"PropertyValueSpecification\",\"valueRequired\":true,\"valueName\":\"search_term_string\"}}],\"inLanguage\":\"ca\"},{\"@type\":\"Organization\",\"@id\":\"https:\/\/www.aszende.com\/en\/#organization\",\"name\":\"Aszende\",\"url\":\"https:\/\/www.aszende.com\/en\/\",\"logo\":{\"@type\":\"ImageObject\",\"inLanguage\":\"ca\",\"@id\":\"https:\/\/www.aszende.com\/en\/#\/schema\/logo\/image\/\",\"url\":\"https:\/\/www.aszende.com\/wp-content\/uploads\/2022\/10\/LOGO-Aszende-sin-R.png\",\"contentUrl\":\"https:\/\/www.aszende.com\/wp-content\/uploads\/2022\/10\/LOGO-Aszende-sin-R.png\",\"width\":346,\"height\":114,\"caption\":\"Aszende\"},\"image\":{\"@id\":\"https:\/\/www.aszende.com\/en\/#\/schema\/logo\/image\/\"}}]}<\/script>\n<!-- \/ Yoast SEO plugin. -->","yoast_head_json":{"title":"Aszende^- Els nostres elevadors AZ VERTY PLUS","description":"Descobreix els nostres elevadors de p\u00f2rtic AZ VERTY PLUS, la soluci\u00f3 adaptada i feta a mida per al teu espai. Contacta'ns i informa't.","robots":{"index":"index","follow":"follow","max-snippet":"max-snippet:-1","max-image-preview":"max-image-preview:large","max-video-preview":"max-video-preview:-1"},"canonical":"https:\/\/www.aszende.com\/ca\/producte\/az-verty-plus\/","og_locale":"ca_ES","og_type":"article","og_title":"Aszende^- Els nostres elevadors AZ VERTY PLUS","og_description":"Descobreix els nostres elevadors de p\u00f2rtic AZ VERTY PLUS, la soluci\u00f3 adaptada i feta a mida per al teu espai. Contacta'ns i informa't.","og_url":"https:\/\/www.aszende.com\/ca\/producte\/az-verty-plus\/","og_site_name":"Aszende","article_modified_time":"2023-10-25T12:07:55+00:00","og_image":[{"width":545,"height":501,"url":"https:\/\/www.aszende.com\/wp-content\/uploads\/2022\/07\/vertyplusportada.webp","type":"image\/webp"}],"twitter_card":"summary_large_image","twitter_misc":{"Temps estimat de lectura":"1 minut"},"schema":{"@context":"https:\/\/schema.org","@graph":[{"@type":"WebPage","@id":"https:\/\/www.aszende.com\/ca\/producte\/az-verty-plus\/","url":"https:\/\/www.aszende.com\/ca\/producte\/az-verty-plus\/","name":"Aszende^- Els nostres elevadors AZ VERTY PLUS","isPartOf":{"@id":"https:\/\/www.aszende.com\/en\/#website"},"primaryImageOfPage":{"@id":"https:\/\/www.aszende.com\/ca\/producte\/az-verty-plus\/#primaryimage"},"image":{"@id":"https:\/\/www.aszende.com\/ca\/producte\/az-verty-plus\/#primaryimage"},"thumbnailUrl":"https:\/\/www.aszende.com\/wp-content\/uploads\/2022\/07\/vertyplusportada.webp","datePublished":"2022-07-27T10:57:17+00:00","dateModified":"2023-10-25T12:07:55+00:00","description":"Descobreix els nostres elevadors de p\u00f2rtic AZ VERTY PLUS, la soluci\u00f3 adaptada i feta a mida per al teu espai. Contacta'ns i informa't.","breadcrumb":{"@id":"https:\/\/www.aszende.com\/ca\/producte\/az-verty-plus\/#breadcrumb"},"inLanguage":"ca","potentialAction":[{"@type":"ReadAction","target":["https:\/\/www.aszende.com\/ca\/producte\/az-verty-plus\/"]}]},{"@type":"ImageObject","inLanguage":"ca","@id":"https:\/\/www.aszende.com\/ca\/producte\/az-verty-plus\/#primaryimage","url":"https:\/\/www.aszende.com\/wp-content\/uploads\/2022\/07\/vertyplusportada.webp","contentUrl":"https:\/\/www.aszende.com\/wp-content\/uploads\/2022\/07\/vertyplusportada.webp","width":545,"height":501},{"@type":"BreadcrumbList","@id":"https:\/\/www.aszende.com\/ca\/producte\/az-verty-plus\/#breadcrumb","itemListElement":[{"@type":"ListItem","position":1,"name":"Inicio","item":"https:\/\/www.aszende.com\/ca\/"},{"@type":"ListItem","position":2,"name":"Tienda","item":"https:\/\/www.aszende.com\/ca\/botiga\/"},{"@type":"ListItem","position":3,"name":"AZ VERTY PLUS"}]},{"@type":"WebSite","@id":"https:\/\/www.aszende.com\/en\/#website","url":"https:\/\/www.aszende.com\/en\/","name":"Aszende","description":"","publisher":{"@id":"https:\/\/www.aszende.com\/en\/#organization"},"potentialAction":[{"@type":"SearchAction","target":{"@type":"EntryPoint","urlTemplate":"https:\/\/www.aszende.com\/en\/?s={search_term_string}"},"query-input":{"@type":"PropertyValueSpecification","valueRequired":true,"valueName":"search_term_string"}}],"inLanguage":"ca"},{"@type":"Organization","@id":"https:\/\/www.aszende.com\/en\/#organization","name":"Aszende","url":"https:\/\/www.aszende.com\/en\/","logo":{"@type":"ImageObject","inLanguage":"ca","@id":"https:\/\/www.aszende.com\/en\/#\/schema\/logo\/image\/","url":"https:\/\/www.aszende.com\/wp-content\/uploads\/2022\/10\/LOGO-Aszende-sin-R.png","contentUrl":"https:\/\/www.aszende.com\/wp-content\/uploads\/2022\/10\/LOGO-Aszende-sin-R.png","width":346,"height":114,"caption":"Aszende"},"image":{"@id":"https:\/\/www.aszende.com\/en\/#\/schema\/logo\/image\/"}}]}},"_links":{"self":[{"href":"https:\/\/www.aszende.com\/ca\/wp-json\/wp\/v2\/product\/18409","targetHints":{"allow":["GET"]}}],"collection":[{"href":"https:\/\/www.aszende.com\/ca\/wp-json\/wp\/v2\/product"}],"about":[{"href":"https:\/\/www.aszende.com\/ca\/wp-json\/wp\/v2\/types\/product"}],"wp:featuredmedia":[{"embeddable":true,"href":"https:\/\/www.aszende.com\/ca\/wp-json\/wp\/v2\/media\/17204"}],"wp:attachment":[{"href":"https:\/\/www.aszende.com\/ca\/wp-json\/wp\/v2\/media?parent=18409"}],"wp:term":[{"taxonomy":"product_brand","embeddable":true,"href":"https:\/\/www.aszende.com\/ca\/wp-json\/wp\/v2\/product_brand?post=18409"},{"taxonomy":"product_cat","embeddable":true,"href":"https:\/\/www.aszende.com\/ca\/wp-json\/wp\/v2\/product_cat?post=18409"},{"taxonomy":"product_tag","embeddable":true,"href":"https:\/\/www.aszende.com\/ca\/wp-json\/wp\/v2\/product_tag?post=18409"}],"curies":[{"name":"wp","href":"https:\/\/api.w.org\/{rel}","templated":true}]}}