{"id":18478,"date":"2022-07-27T11:48:58","date_gmt":"2022-07-27T11:48:58","guid":{"rendered":"https:\/\/www.aszende.com\/?post_type=product&#038;p=18478"},"modified":"2023-10-25T12:07:49","modified_gmt":"2023-10-25T12:07:49","slug":"az-pool","status":"publish","type":"product","link":"https:\/\/www.aszende.com\/ca\/producte\/az-pool\/","title":{"rendered":"AZ POOL OUT"},"content":{"rendered":"<div class=\"caracteristicas_producto col\">\n<div class=\"datos_producto\">\n<h3>Caracter\u00edstiques de l\u2019AZ POOL OUT<\/h3>\n<ul>\n<li><b>Mec\u00e0nica:<\/b> Tracci\u00f3 hidr\u00e0ulica. Per al seu funcionament, \u00e9s necessari una presa d\u2019aigua amb almenys 3,5\u00a0kg. de pressi\u00f3.<\/li>\n<li><strong>Velocitat:<\/strong> en pujada entre 20\u00a0s-25\u00a0s i en baixada entre 20\u00a0s-42\u00a0s, ambdues depenent si \u00e9s en buit o amb c\u00e0rrega.<\/li>\n<li><strong>C\u00e0rrega:<\/strong> C\u00e0rrega de 120\u00a0kg fins a 150\u00a0kg.<\/li>\n<li><strong>Recorregut:<\/strong> El seient t\u00e9 un recorregut d\u20191,06 m.<\/li>\n<li><strong>Fossat:<\/strong> No requereix fossat.<\/li>\n<li><strong>Tensi\u00f3:<\/strong> Es requereix presa d\u2019aigua amb almenys 3,5\u00a0kg de pressi\u00f3.<\/li>\n<li><strong>Acabat:<\/strong> Fabricat en acer inoxidable AISI 316 amb protecci\u00f3 de pintura en pols. \u00c9s petit, senzill i discret, i pot ser fix o port\u00e0til.<\/li>\n<li><strong>Instal\u00b7laci\u00f3:<\/strong> Extra\u00efble i f\u00e0cil de guardar en espais redu\u00efts.<\/li>\n<li><strong>Angle de gir: <\/strong>170\u00ba en sentit de les agulles del rellotge (en baixada).<\/li>\n<li>Usuari aut\u00f2nom.<\/li>\n<\/ul>\n<\/div>\n<div class=\"icono_producto\"><img decoding=\"async\" src=\"\/wp-content\/uploads\/2022\/09\/POOL.svg\" \/><\/div>\n<\/div>\n","protected":false},"excerpt":{"rendered":"<h3>Cadires Pujaescales Aszende<\/h3>\n<p>\u00a0<\/p>\n<p>Elevador hidr\u00e0ulic semiport\u00e0til especialment pensat per fer accessible l&#8217;\u00fas de piscines a tots els p\u00fablics. Indicada per a piscines municipals o privades i complexos esportius, \u00e9s ideal perqu\u00e8 la seva estructura \u00e9s extra\u00efble, desmuntable i per tant f\u00e0cil de guardar en espais redu\u00efts.<\/p>\n<p>\u00a0<\/p>\n","protected":false},"featured_media":18479,"template":"","meta":{"site-sidebar-layout":"default","site-content-layout":"default","ast-site-content-layout":"default","site-content-style":"default","site-sidebar-style":"default","ast-global-header-display":"","ast-banner-title-visibility":"","ast-main-header-display":"","ast-hfb-above-header-display":"","ast-hfb-below-header-display":"","ast-hfb-mobile-header-display":"","site-post-title":"","ast-breadcrumbs-content":"","ast-featured-img":"","footer-sml-layout":"","theme-transparent-header-meta":"default","adv-header-id-meta":"","stick-header-meta":"","header-above-stick-meta":"","header-main-stick-meta":"","header-below-stick-meta":"","astra-migrate-meta-layouts":"default","ast-page-background-enabled":"default","ast-page-background-meta":{"desktop":{"background-color":"var(--ast-global-color-4)","background-image":"","background-repeat":"repeat","background-position":"center center","background-size":"auto","background-attachment":"scroll","background-type":"","background-media":"","overlay-type":"","overlay-color":"","overlay-opacity":"","overlay-gradient":""},"tablet":{"background-color":"","background-image":"","background-repeat":"repeat","background-position":"center center","background-size":"auto","background-attachment":"scroll","background-type":"","background-media":"","overlay-type":"","overlay-color":"","overlay-opacity":"","overlay-gradient":""},"mobile":{"background-color":"","background-image":"","background-repeat":"repeat","background-position":"center center","background-size":"auto","background-attachment":"scroll","background-type":"","background-media":"","overlay-type":"","overlay-color":"","overlay-opacity":"","overlay-gradient":""}},"ast-content-background-meta":{"desktop":{"background-color":"var(--ast-global-color-5)","background-image":"","background-repeat":"repeat","background-position":"center center","background-size":"auto","background-attachment":"scroll","background-type":"","background-media":"","overlay-type":"","overlay-color":"","overlay-opacity":"","overlay-gradient":""},"tablet":{"background-color":"var(--ast-global-color-5)","background-image":"","background-repeat":"repeat","background-position":"center center","background-size":"auto","background-attachment":"scroll","background-type":"","background-media":"","overlay-type":"","overlay-color":"","overlay-opacity":"","overlay-gradient":""},"mobile":{"background-color":"var(--ast-global-color-5)","background-image":"","background-repeat":"repeat","background-position":"center center","background-size":"auto","background-attachment":"scroll","background-type":"","background-media":"","overlay-type":"","overlay-color":"","overlay-opacity":"","overlay-gradient":""}}},"product_brand":[],"product_cat":[74,73],"product_tag":[],"class_list":{"0":"post-18478","1":"product","2":"type-product","3":"status-publish","4":"has-post-thumbnail","6":"product_cat-cadires-piscina","7":"product_cat-cadires-pujaescales","8":"desktop-align-left","9":"tablet-align-left","10":"mobile-align-left","12":"first","13":"instock","14":"shipping-taxable","15":"product-type-simple"},"yoast_head":"<!-- This site is optimized with the Yoast SEO plugin v27.0 - https:\/\/yoast.com\/product\/yoast-seo-wordpress\/ -->\n<title>Aszende^- Els nostres elevadors AZ POOL OUT<\/title>\n<meta name=\"description\" content=\"Descobreix els nostres elevadors AZ POOL OUT, la soluci\u00f3 adaptada i feta a mida per al teu espai. Contacta&#039;ns i informa&#039;t.\" \/>\n<meta name=\"robots\" content=\"index, follow, max-snippet:-1, max-image-preview:large, max-video-preview:-1\" \/>\n<link rel=\"canonical\" href=\"https:\/\/www.aszende.com\/ca\/producte\/az-pool\/\" \/>\n<meta property=\"og:locale\" content=\"ca_ES\" \/>\n<meta property=\"og:type\" content=\"article\" \/>\n<meta property=\"og:title\" content=\"Aszende^- Els nostres elevadors AZ POOL OUT\" \/>\n<meta property=\"og:description\" content=\"Descobreix els nostres elevadors AZ POOL OUT, la soluci\u00f3 adaptada i feta a mida per al teu espai. Contacta&#039;ns i informa&#039;t.\" \/>\n<meta property=\"og:url\" content=\"https:\/\/www.aszende.com\/ca\/producte\/az-pool\/\" \/>\n<meta property=\"og:site_name\" content=\"Aszende\" \/>\n<meta property=\"article:modified_time\" content=\"2023-10-25T12:07:49+00:00\" \/>\n<meta property=\"og:image\" content=\"https:\/\/www.aszende.com\/wp-content\/uploads\/2022\/07\/pirebapiscina.jpg\" \/>\n\t<meta property=\"og:image:width\" content=\"1500\" \/>\n\t<meta property=\"og:image:height\" content=\"2000\" \/>\n\t<meta property=\"og:image:type\" content=\"image\/jpeg\" \/>\n<meta name=\"twitter:card\" content=\"summary_large_image\" \/>\n<meta name=\"twitter:label1\" content=\"Temps estimat de lectura\" \/>\n\t<meta name=\"twitter:data1\" content=\"1 minut\" \/>\n<script type=\"application\/ld+json\" class=\"yoast-schema-graph\">{\"@context\":\"https:\/\/schema.org\",\"@graph\":[{\"@type\":\"WebPage\",\"@id\":\"https:\/\/www.aszende.com\/ca\/producte\/az-pool\/\",\"url\":\"https:\/\/www.aszende.com\/ca\/producte\/az-pool\/\",\"name\":\"Aszende^- Els nostres elevadors AZ POOL OUT\",\"isPartOf\":{\"@id\":\"https:\/\/www.aszende.com\/en\/#website\"},\"primaryImageOfPage\":{\"@id\":\"https:\/\/www.aszende.com\/ca\/producte\/az-pool\/#primaryimage\"},\"image\":{\"@id\":\"https:\/\/www.aszende.com\/ca\/producte\/az-pool\/#primaryimage\"},\"thumbnailUrl\":\"https:\/\/www.aszende.com\/wp-content\/uploads\/2022\/07\/pirebapiscina.jpg\",\"datePublished\":\"2022-07-27T11:48:58+00:00\",\"dateModified\":\"2023-10-25T12:07:49+00:00\",\"description\":\"Descobreix els nostres elevadors AZ POOL OUT, la soluci\u00f3 adaptada i feta a mida per al teu espai. Contacta'ns i informa't.\",\"breadcrumb\":{\"@id\":\"https:\/\/www.aszende.com\/ca\/producte\/az-pool\/#breadcrumb\"},\"inLanguage\":\"ca\",\"potentialAction\":[{\"@type\":\"ReadAction\",\"target\":[\"https:\/\/www.aszende.com\/ca\/producte\/az-pool\/\"]}]},{\"@type\":\"ImageObject\",\"inLanguage\":\"ca\",\"@id\":\"https:\/\/www.aszende.com\/ca\/producte\/az-pool\/#primaryimage\",\"url\":\"https:\/\/www.aszende.com\/wp-content\/uploads\/2022\/07\/pirebapiscina.jpg\",\"contentUrl\":\"https:\/\/www.aszende.com\/wp-content\/uploads\/2022\/07\/pirebapiscina.jpg\",\"width\":1500,\"height\":2000},{\"@type\":\"BreadcrumbList\",\"@id\":\"https:\/\/www.aszende.com\/ca\/producte\/az-pool\/#breadcrumb\",\"itemListElement\":[{\"@type\":\"ListItem\",\"position\":1,\"name\":\"Inicio\",\"item\":\"https:\/\/www.aszende.com\/ca\/\"},{\"@type\":\"ListItem\",\"position\":2,\"name\":\"Tienda\",\"item\":\"https:\/\/www.aszende.com\/ca\/botiga\/\"},{\"@type\":\"ListItem\",\"position\":3,\"name\":\"AZ POOL OUT\"}]},{\"@type\":\"WebSite\",\"@id\":\"https:\/\/www.aszende.com\/en\/#website\",\"url\":\"https:\/\/www.aszende.com\/en\/\",\"name\":\"Aszende\",\"description\":\"\",\"publisher\":{\"@id\":\"https:\/\/www.aszende.com\/en\/#organization\"},\"potentialAction\":[{\"@type\":\"SearchAction\",\"target\":{\"@type\":\"EntryPoint\",\"urlTemplate\":\"https:\/\/www.aszende.com\/en\/?s={search_term_string}\"},\"query-input\":{\"@type\":\"PropertyValueSpecification\",\"valueRequired\":true,\"valueName\":\"search_term_string\"}}],\"inLanguage\":\"ca\"},{\"@type\":\"Organization\",\"@id\":\"https:\/\/www.aszende.com\/en\/#organization\",\"name\":\"Aszende\",\"url\":\"https:\/\/www.aszende.com\/en\/\",\"logo\":{\"@type\":\"ImageObject\",\"inLanguage\":\"ca\",\"@id\":\"https:\/\/www.aszende.com\/en\/#\/schema\/logo\/image\/\",\"url\":\"https:\/\/www.aszende.com\/wp-content\/uploads\/2022\/10\/LOGO-Aszende-sin-R.png\",\"contentUrl\":\"https:\/\/www.aszende.com\/wp-content\/uploads\/2022\/10\/LOGO-Aszende-sin-R.png\",\"width\":346,\"height\":114,\"caption\":\"Aszende\"},\"image\":{\"@id\":\"https:\/\/www.aszende.com\/en\/#\/schema\/logo\/image\/\"}}]}<\/script>\n<!-- \/ Yoast SEO plugin. -->","yoast_head_json":{"title":"Aszende^- Els nostres elevadors AZ POOL OUT","description":"Descobreix els nostres elevadors AZ POOL OUT, la soluci\u00f3 adaptada i feta a mida per al teu espai. Contacta'ns i informa't.","robots":{"index":"index","follow":"follow","max-snippet":"max-snippet:-1","max-image-preview":"max-image-preview:large","max-video-preview":"max-video-preview:-1"},"canonical":"https:\/\/www.aszende.com\/ca\/producte\/az-pool\/","og_locale":"ca_ES","og_type":"article","og_title":"Aszende^- Els nostres elevadors AZ POOL OUT","og_description":"Descobreix els nostres elevadors AZ POOL OUT, la soluci\u00f3 adaptada i feta a mida per al teu espai. Contacta'ns i informa't.","og_url":"https:\/\/www.aszende.com\/ca\/producte\/az-pool\/","og_site_name":"Aszende","article_modified_time":"2023-10-25T12:07:49+00:00","og_image":[{"width":1500,"height":2000,"url":"https:\/\/www.aszende.com\/wp-content\/uploads\/2022\/07\/pirebapiscina.jpg","type":"image\/jpeg"}],"twitter_card":"summary_large_image","twitter_misc":{"Temps estimat de lectura":"1 minut"},"schema":{"@context":"https:\/\/schema.org","@graph":[{"@type":"WebPage","@id":"https:\/\/www.aszende.com\/ca\/producte\/az-pool\/","url":"https:\/\/www.aszende.com\/ca\/producte\/az-pool\/","name":"Aszende^- Els nostres elevadors AZ POOL OUT","isPartOf":{"@id":"https:\/\/www.aszende.com\/en\/#website"},"primaryImageOfPage":{"@id":"https:\/\/www.aszende.com\/ca\/producte\/az-pool\/#primaryimage"},"image":{"@id":"https:\/\/www.aszende.com\/ca\/producte\/az-pool\/#primaryimage"},"thumbnailUrl":"https:\/\/www.aszende.com\/wp-content\/uploads\/2022\/07\/pirebapiscina.jpg","datePublished":"2022-07-27T11:48:58+00:00","dateModified":"2023-10-25T12:07:49+00:00","description":"Descobreix els nostres elevadors AZ POOL OUT, la soluci\u00f3 adaptada i feta a mida per al teu espai. Contacta'ns i informa't.","breadcrumb":{"@id":"https:\/\/www.aszende.com\/ca\/producte\/az-pool\/#breadcrumb"},"inLanguage":"ca","potentialAction":[{"@type":"ReadAction","target":["https:\/\/www.aszende.com\/ca\/producte\/az-pool\/"]}]},{"@type":"ImageObject","inLanguage":"ca","@id":"https:\/\/www.aszende.com\/ca\/producte\/az-pool\/#primaryimage","url":"https:\/\/www.aszende.com\/wp-content\/uploads\/2022\/07\/pirebapiscina.jpg","contentUrl":"https:\/\/www.aszende.com\/wp-content\/uploads\/2022\/07\/pirebapiscina.jpg","width":1500,"height":2000},{"@type":"BreadcrumbList","@id":"https:\/\/www.aszende.com\/ca\/producte\/az-pool\/#breadcrumb","itemListElement":[{"@type":"ListItem","position":1,"name":"Inicio","item":"https:\/\/www.aszende.com\/ca\/"},{"@type":"ListItem","position":2,"name":"Tienda","item":"https:\/\/www.aszende.com\/ca\/botiga\/"},{"@type":"ListItem","position":3,"name":"AZ POOL OUT"}]},{"@type":"WebSite","@id":"https:\/\/www.aszende.com\/en\/#website","url":"https:\/\/www.aszende.com\/en\/","name":"Aszende","description":"","publisher":{"@id":"https:\/\/www.aszende.com\/en\/#organization"},"potentialAction":[{"@type":"SearchAction","target":{"@type":"EntryPoint","urlTemplate":"https:\/\/www.aszende.com\/en\/?s={search_term_string}"},"query-input":{"@type":"PropertyValueSpecification","valueRequired":true,"valueName":"search_term_string"}}],"inLanguage":"ca"},{"@type":"Organization","@id":"https:\/\/www.aszende.com\/en\/#organization","name":"Aszende","url":"https:\/\/www.aszende.com\/en\/","logo":{"@type":"ImageObject","inLanguage":"ca","@id":"https:\/\/www.aszende.com\/en\/#\/schema\/logo\/image\/","url":"https:\/\/www.aszende.com\/wp-content\/uploads\/2022\/10\/LOGO-Aszende-sin-R.png","contentUrl":"https:\/\/www.aszende.com\/wp-content\/uploads\/2022\/10\/LOGO-Aszende-sin-R.png","width":346,"height":114,"caption":"Aszende"},"image":{"@id":"https:\/\/www.aszende.com\/en\/#\/schema\/logo\/image\/"}}]}},"_links":{"self":[{"href":"https:\/\/www.aszende.com\/ca\/wp-json\/wp\/v2\/product\/18478","targetHints":{"allow":["GET"]}}],"collection":[{"href":"https:\/\/www.aszende.com\/ca\/wp-json\/wp\/v2\/product"}],"about":[{"href":"https:\/\/www.aszende.com\/ca\/wp-json\/wp\/v2\/types\/product"}],"wp:featuredmedia":[{"embeddable":true,"href":"https:\/\/www.aszende.com\/ca\/wp-json\/wp\/v2\/media\/18479"}],"wp:attachment":[{"href":"https:\/\/www.aszende.com\/ca\/wp-json\/wp\/v2\/media?parent=18478"}],"wp:term":[{"taxonomy":"product_brand","embeddable":true,"href":"https:\/\/www.aszende.com\/ca\/wp-json\/wp\/v2\/product_brand?post=18478"},{"taxonomy":"product_cat","embeddable":true,"href":"https:\/\/www.aszende.com\/ca\/wp-json\/wp\/v2\/product_cat?post=18478"},{"taxonomy":"product_tag","embeddable":true,"href":"https:\/\/www.aszende.com\/ca\/wp-json\/wp\/v2\/product_tag?post=18478"}],"curies":[{"name":"wp","href":"https:\/\/api.w.org\/{rel}","templated":true}]}}