{"id":18521,"date":"2022-09-02T02:00:51","date_gmt":"2022-09-02T02:00:51","guid":{"rendered":"https:\/\/www.aszende.com\/?post_type=product&#038;p=18521"},"modified":"2023-10-25T12:07:45","modified_gmt":"2023-10-25T12:07:45","slug":"muntacarregues-sensecabina","status":"publish","type":"product","link":"https:\/\/www.aszende.com\/ca\/producte\/muntacarregues-sensecabina\/","title":{"rendered":"Muntac\u00e0rregues sense cabina"},"content":{"rendered":"<div class=\"caracteristicas_producto col\">\n<div class=\"datos_producto\">\n<h3>Caracter\u00edstiques<\/h3>\n<ul>\n<li><strong>Mec\u00e0nica:<\/strong> Accionament hidr\u00e0ulic \u2013 sense cabina.<\/li>\n<li><strong>Velocitat:<\/strong> Des de 0,10 m\/s a 0,20 m\/s.<\/li>\n<li><strong>C\u00e0rrega:<\/strong> Fins a 20.000\u00a0kg.<\/li>\n<li><strong>Recorregut:<\/strong> Fins a 14 metres.<\/li>\n<li><strong>Fossat:<\/strong> Des de 250 a 850 mm.<\/li>\n<li><strong>Tensi\u00f3:<\/strong>\u00a0 Trif\u00e0sic 380.<\/li>\n<li><strong>Embarcament:<\/strong> Embarcament simple \/ 90\u00ba \/ 180\u00ba.<\/li>\n<li><strong>Acabat:<\/strong> Opcions de diferents colors RAL i tipus de portes.<\/li>\n<li>Plataforma conforme a la normativa de m\u00e0quines 2006\/42\/CE.<\/li>\n<\/ul>\n<\/div>\n<div class=\"icono_producto\"><img decoding=\"async\" src=\"\/wp-content\/uploads\/2022\/05\/Montacargas.svg\" \/><\/div>\n<\/div>\n","protected":false},"excerpt":{"rendered":"<h3>Productes Aszende<\/h3>\n<p>\u00a0<\/p>\n<p>Plataforma muntac\u00e0rregues especialment pensada per al transport de mercaderies amb proteccions laterals i nom\u00e9s apte per a c\u00e0rrega. Soluci\u00f3 idealment dissenyada per a edificis industrials, que a m\u00e9s compta amb diferents tipus d&#8217;acabat en colors RAL i tipus de porta.<\/p>\n<p>\u00a0<\/p>\n","protected":false},"featured_media":18522,"template":"","meta":{"site-sidebar-layout":"default","site-content-layout":"default","ast-site-content-layout":"default","site-content-style":"default","site-sidebar-style":"default","ast-global-header-display":"","ast-banner-title-visibility":"","ast-main-header-display":"","ast-hfb-above-header-display":"","ast-hfb-below-header-display":"","ast-hfb-mobile-header-display":"","site-post-title":"","ast-breadcrumbs-content":"","ast-featured-img":"","footer-sml-layout":"","theme-transparent-header-meta":"default","adv-header-id-meta":"","stick-header-meta":"","header-above-stick-meta":"","header-main-stick-meta":"","header-below-stick-meta":"","astra-migrate-meta-layouts":"default","ast-page-background-enabled":"default","ast-page-background-meta":{"desktop":{"background-color":"var(--ast-global-color-4)","background-image":"","background-repeat":"repeat","background-position":"center center","background-size":"auto","background-attachment":"scroll","background-type":"","background-media":"","overlay-type":"","overlay-color":"","overlay-opacity":"","overlay-gradient":""},"tablet":{"background-color":"","background-image":"","background-repeat":"repeat","background-position":"center center","background-size":"auto","background-attachment":"scroll","background-type":"","background-media":"","overlay-type":"","overlay-color":"","overlay-opacity":"","overlay-gradient":""},"mobile":{"background-color":"","background-image":"","background-repeat":"repeat","background-position":"center center","background-size":"auto","background-attachment":"scroll","background-type":"","background-media":"","overlay-type":"","overlay-color":"","overlay-opacity":"","overlay-gradient":""}},"ast-content-background-meta":{"desktop":{"background-color":"var(--ast-global-color-5)","background-image":"","background-repeat":"repeat","background-position":"center center","background-size":"auto","background-attachment":"scroll","background-type":"","background-media":"","overlay-type":"","overlay-color":"","overlay-opacity":"","overlay-gradient":""},"tablet":{"background-color":"var(--ast-global-color-5)","background-image":"","background-repeat":"repeat","background-position":"center center","background-size":"auto","background-attachment":"scroll","background-type":"","background-media":"","overlay-type":"","overlay-color":"","overlay-opacity":"","overlay-gradient":""},"mobile":{"background-color":"var(--ast-global-color-5)","background-image":"","background-repeat":"repeat","background-position":"center center","background-size":"auto","background-attachment":"scroll","background-type":"","background-media":"","overlay-type":"","overlay-color":"","overlay-opacity":"","overlay-gradient":""}}},"product_brand":[],"product_cat":[79],"product_tag":[],"class_list":{"0":"post-18521","1":"product","2":"type-product","3":"status-publish","4":"has-post-thumbnail","6":"product_cat-muntacarregues","7":"desktop-align-left","8":"tablet-align-left","9":"mobile-align-left","11":"first","12":"instock","13":"shipping-taxable","14":"product-type-simple"},"yoast_head":"<!-- This site is optimized with the Yoast SEO plugin v27.0 - https:\/\/yoast.com\/product\/yoast-seo-wordpress\/ -->\n<title>Aszende^ - Els nostres muntac\u00e0rregues sense cabina<\/title>\n<meta name=\"description\" content=\"Descobreix els nostres muntac\u00e0rregues sense cabina, la soluci\u00f3 adaptada i feta a mida per al teu espai. Contacta&#039;ns i comen\u00e7a a gaudir del teu muntac\u00e0rregues sense cabina\" \/>\n<meta name=\"robots\" content=\"index, follow, max-snippet:-1, max-image-preview:large, max-video-preview:-1\" \/>\n<link rel=\"canonical\" href=\"https:\/\/www.aszende.com\/ca\/producte\/muntacarregues-sensecabina\/\" \/>\n<meta property=\"og:locale\" content=\"ca_ES\" \/>\n<meta property=\"og:type\" content=\"article\" \/>\n<meta property=\"og:title\" content=\"Aszende^ - Els nostres muntac\u00e0rregues sense cabina\" \/>\n<meta property=\"og:description\" content=\"Descobreix els nostres muntac\u00e0rregues sense cabina, la soluci\u00f3 adaptada i feta a mida per al teu espai. Contacta&#039;ns i comen\u00e7a a gaudir del teu muntac\u00e0rregues sense cabina\" \/>\n<meta property=\"og:url\" content=\"https:\/\/www.aszende.com\/ca\/producte\/muntacarregues-sensecabina\/\" \/>\n<meta property=\"og:site_name\" content=\"Aszende\" \/>\n<meta property=\"article:modified_time\" content=\"2023-10-25T12:07:45+00:00\" \/>\n<meta property=\"og:image\" content=\"https:\/\/www.aszende.com\/wp-content\/uploads\/2022\/09\/montacargassiuncabinar.jpg\" \/>\n\t<meta property=\"og:image:width\" content=\"1920\" \/>\n\t<meta property=\"og:image:height\" content=\"1080\" \/>\n\t<meta property=\"og:image:type\" content=\"image\/jpeg\" \/>\n<meta name=\"twitter:card\" content=\"summary_large_image\" \/>\n<script type=\"application\/ld+json\" class=\"yoast-schema-graph\">{\"@context\":\"https:\/\/schema.org\",\"@graph\":[{\"@type\":\"WebPage\",\"@id\":\"https:\/\/www.aszende.com\/ca\/producte\/muntacarregues-sensecabina\/\",\"url\":\"https:\/\/www.aszende.com\/ca\/producte\/muntacarregues-sensecabina\/\",\"name\":\"Aszende^ - Els nostres muntac\u00e0rregues sense cabina\",\"isPartOf\":{\"@id\":\"https:\/\/www.aszende.com\/en\/#website\"},\"primaryImageOfPage\":{\"@id\":\"https:\/\/www.aszende.com\/ca\/producte\/muntacarregues-sensecabina\/#primaryimage\"},\"image\":{\"@id\":\"https:\/\/www.aszende.com\/ca\/producte\/muntacarregues-sensecabina\/#primaryimage\"},\"thumbnailUrl\":\"https:\/\/www.aszende.com\/wp-content\/uploads\/2022\/09\/montacargassiuncabinar.jpg\",\"datePublished\":\"2022-09-02T02:00:51+00:00\",\"dateModified\":\"2023-10-25T12:07:45+00:00\",\"description\":\"Descobreix els nostres muntac\u00e0rregues sense cabina, la soluci\u00f3 adaptada i feta a mida per al teu espai. Contacta'ns i comen\u00e7a a gaudir del teu muntac\u00e0rregues sense cabina\",\"breadcrumb\":{\"@id\":\"https:\/\/www.aszende.com\/ca\/producte\/muntacarregues-sensecabina\/#breadcrumb\"},\"inLanguage\":\"ca\",\"potentialAction\":[{\"@type\":\"ReadAction\",\"target\":[\"https:\/\/www.aszende.com\/ca\/producte\/muntacarregues-sensecabina\/\"]}]},{\"@type\":\"ImageObject\",\"inLanguage\":\"ca\",\"@id\":\"https:\/\/www.aszende.com\/ca\/producte\/muntacarregues-sensecabina\/#primaryimage\",\"url\":\"https:\/\/www.aszende.com\/wp-content\/uploads\/2022\/09\/montacargassiuncabinar.jpg\",\"contentUrl\":\"https:\/\/www.aszende.com\/wp-content\/uploads\/2022\/09\/montacargassiuncabinar.jpg\",\"width\":1920,\"height\":1080},{\"@type\":\"BreadcrumbList\",\"@id\":\"https:\/\/www.aszende.com\/ca\/producte\/muntacarregues-sensecabina\/#breadcrumb\",\"itemListElement\":[{\"@type\":\"ListItem\",\"position\":1,\"name\":\"Inicio\",\"item\":\"https:\/\/www.aszende.com\/ca\/\"},{\"@type\":\"ListItem\",\"position\":2,\"name\":\"Tienda\",\"item\":\"https:\/\/www.aszende.com\/ca\/botiga\/\"},{\"@type\":\"ListItem\",\"position\":3,\"name\":\"Muntac\u00e0rregues sense cabina\"}]},{\"@type\":\"WebSite\",\"@id\":\"https:\/\/www.aszende.com\/en\/#website\",\"url\":\"https:\/\/www.aszende.com\/en\/\",\"name\":\"Aszende\",\"description\":\"\",\"publisher\":{\"@id\":\"https:\/\/www.aszende.com\/en\/#organization\"},\"potentialAction\":[{\"@type\":\"SearchAction\",\"target\":{\"@type\":\"EntryPoint\",\"urlTemplate\":\"https:\/\/www.aszende.com\/en\/?s={search_term_string}\"},\"query-input\":{\"@type\":\"PropertyValueSpecification\",\"valueRequired\":true,\"valueName\":\"search_term_string\"}}],\"inLanguage\":\"ca\"},{\"@type\":\"Organization\",\"@id\":\"https:\/\/www.aszende.com\/en\/#organization\",\"name\":\"Aszende\",\"url\":\"https:\/\/www.aszende.com\/en\/\",\"logo\":{\"@type\":\"ImageObject\",\"inLanguage\":\"ca\",\"@id\":\"https:\/\/www.aszende.com\/en\/#\/schema\/logo\/image\/\",\"url\":\"https:\/\/www.aszende.com\/wp-content\/uploads\/2022\/10\/LOGO-Aszende-sin-R.png\",\"contentUrl\":\"https:\/\/www.aszende.com\/wp-content\/uploads\/2022\/10\/LOGO-Aszende-sin-R.png\",\"width\":346,\"height\":114,\"caption\":\"Aszende\"},\"image\":{\"@id\":\"https:\/\/www.aszende.com\/en\/#\/schema\/logo\/image\/\"}}]}<\/script>\n<!-- \/ Yoast SEO plugin. -->","yoast_head_json":{"title":"Aszende^ - Els nostres muntac\u00e0rregues sense cabina","description":"Descobreix els nostres muntac\u00e0rregues sense cabina, la soluci\u00f3 adaptada i feta a mida per al teu espai. Contacta'ns i comen\u00e7a a gaudir del teu muntac\u00e0rregues sense cabina","robots":{"index":"index","follow":"follow","max-snippet":"max-snippet:-1","max-image-preview":"max-image-preview:large","max-video-preview":"max-video-preview:-1"},"canonical":"https:\/\/www.aszende.com\/ca\/producte\/muntacarregues-sensecabina\/","og_locale":"ca_ES","og_type":"article","og_title":"Aszende^ - Els nostres muntac\u00e0rregues sense cabina","og_description":"Descobreix els nostres muntac\u00e0rregues sense cabina, la soluci\u00f3 adaptada i feta a mida per al teu espai. Contacta'ns i comen\u00e7a a gaudir del teu muntac\u00e0rregues sense cabina","og_url":"https:\/\/www.aszende.com\/ca\/producte\/muntacarregues-sensecabina\/","og_site_name":"Aszende","article_modified_time":"2023-10-25T12:07:45+00:00","og_image":[{"width":1920,"height":1080,"url":"https:\/\/www.aszende.com\/wp-content\/uploads\/2022\/09\/montacargassiuncabinar.jpg","type":"image\/jpeg"}],"twitter_card":"summary_large_image","schema":{"@context":"https:\/\/schema.org","@graph":[{"@type":"WebPage","@id":"https:\/\/www.aszende.com\/ca\/producte\/muntacarregues-sensecabina\/","url":"https:\/\/www.aszende.com\/ca\/producte\/muntacarregues-sensecabina\/","name":"Aszende^ - Els nostres muntac\u00e0rregues sense cabina","isPartOf":{"@id":"https:\/\/www.aszende.com\/en\/#website"},"primaryImageOfPage":{"@id":"https:\/\/www.aszende.com\/ca\/producte\/muntacarregues-sensecabina\/#primaryimage"},"image":{"@id":"https:\/\/www.aszende.com\/ca\/producte\/muntacarregues-sensecabina\/#primaryimage"},"thumbnailUrl":"https:\/\/www.aszende.com\/wp-content\/uploads\/2022\/09\/montacargassiuncabinar.jpg","datePublished":"2022-09-02T02:00:51+00:00","dateModified":"2023-10-25T12:07:45+00:00","description":"Descobreix els nostres muntac\u00e0rregues sense cabina, la soluci\u00f3 adaptada i feta a mida per al teu espai. Contacta'ns i comen\u00e7a a gaudir del teu muntac\u00e0rregues sense cabina","breadcrumb":{"@id":"https:\/\/www.aszende.com\/ca\/producte\/muntacarregues-sensecabina\/#breadcrumb"},"inLanguage":"ca","potentialAction":[{"@type":"ReadAction","target":["https:\/\/www.aszende.com\/ca\/producte\/muntacarregues-sensecabina\/"]}]},{"@type":"ImageObject","inLanguage":"ca","@id":"https:\/\/www.aszende.com\/ca\/producte\/muntacarregues-sensecabina\/#primaryimage","url":"https:\/\/www.aszende.com\/wp-content\/uploads\/2022\/09\/montacargassiuncabinar.jpg","contentUrl":"https:\/\/www.aszende.com\/wp-content\/uploads\/2022\/09\/montacargassiuncabinar.jpg","width":1920,"height":1080},{"@type":"BreadcrumbList","@id":"https:\/\/www.aszende.com\/ca\/producte\/muntacarregues-sensecabina\/#breadcrumb","itemListElement":[{"@type":"ListItem","position":1,"name":"Inicio","item":"https:\/\/www.aszende.com\/ca\/"},{"@type":"ListItem","position":2,"name":"Tienda","item":"https:\/\/www.aszende.com\/ca\/botiga\/"},{"@type":"ListItem","position":3,"name":"Muntac\u00e0rregues sense cabina"}]},{"@type":"WebSite","@id":"https:\/\/www.aszende.com\/en\/#website","url":"https:\/\/www.aszende.com\/en\/","name":"Aszende","description":"","publisher":{"@id":"https:\/\/www.aszende.com\/en\/#organization"},"potentialAction":[{"@type":"SearchAction","target":{"@type":"EntryPoint","urlTemplate":"https:\/\/www.aszende.com\/en\/?s={search_term_string}"},"query-input":{"@type":"PropertyValueSpecification","valueRequired":true,"valueName":"search_term_string"}}],"inLanguage":"ca"},{"@type":"Organization","@id":"https:\/\/www.aszende.com\/en\/#organization","name":"Aszende","url":"https:\/\/www.aszende.com\/en\/","logo":{"@type":"ImageObject","inLanguage":"ca","@id":"https:\/\/www.aszende.com\/en\/#\/schema\/logo\/image\/","url":"https:\/\/www.aszende.com\/wp-content\/uploads\/2022\/10\/LOGO-Aszende-sin-R.png","contentUrl":"https:\/\/www.aszende.com\/wp-content\/uploads\/2022\/10\/LOGO-Aszende-sin-R.png","width":346,"height":114,"caption":"Aszende"},"image":{"@id":"https:\/\/www.aszende.com\/en\/#\/schema\/logo\/image\/"}}]}},"_links":{"self":[{"href":"https:\/\/www.aszende.com\/ca\/wp-json\/wp\/v2\/product\/18521","targetHints":{"allow":["GET"]}}],"collection":[{"href":"https:\/\/www.aszende.com\/ca\/wp-json\/wp\/v2\/product"}],"about":[{"href":"https:\/\/www.aszende.com\/ca\/wp-json\/wp\/v2\/types\/product"}],"wp:featuredmedia":[{"embeddable":true,"href":"https:\/\/www.aszende.com\/ca\/wp-json\/wp\/v2\/media\/18522"}],"wp:attachment":[{"href":"https:\/\/www.aszende.com\/ca\/wp-json\/wp\/v2\/media?parent=18521"}],"wp:term":[{"taxonomy":"product_brand","embeddable":true,"href":"https:\/\/www.aszende.com\/ca\/wp-json\/wp\/v2\/product_brand?post=18521"},{"taxonomy":"product_cat","embeddable":true,"href":"https:\/\/www.aszende.com\/ca\/wp-json\/wp\/v2\/product_cat?post=18521"},{"taxonomy":"product_tag","embeddable":true,"href":"https:\/\/www.aszende.com\/ca\/wp-json\/wp\/v2\/product_tag?post=18521"}],"curies":[{"name":"wp","href":"https:\/\/api.w.org\/{rel}","templated":true}]}}