{"id":18555,"date":"2022-09-02T06:00:05","date_gmt":"2022-09-02T06:00:05","guid":{"rendered":"https:\/\/www.aszende.com\/?post_type=product&#038;p=18555"},"modified":"2023-10-25T12:07:38","modified_gmt":"2023-10-25T12:07:38","slug":"muntaplats","status":"publish","type":"product","link":"https:\/\/www.aszende.com\/ca\/producte\/muntaplats\/","title":{"rendered":"Muntaplats"},"content":{"rendered":"<div class=\"caracteristicas_producto col\">\n<div class=\"datos_producto\">\n<h3>Caracter\u00edstiques muntaplats<\/h3>\n<ul>\n<li><strong>Mec\u00e0nica:<\/strong> El\u00e8ctric mec\u00e0nic.<\/li>\n<li><strong>Velocitat:<\/strong> 0,30\u00a0m\/s.<\/li>\n<li><strong>C\u00e0rrega:<\/strong> Fins a 100\u00a0kg.<\/li>\n<li><strong>Recorregut:<\/strong> Fins a 20 metres de recorregut.<\/li>\n<li><strong>Fossat:<\/strong>\u00a0130 mm.<\/li>\n<li><strong>Tensi\u00f3:<\/strong> 220\u00a0V monof\u00e0sica.<\/li>\n<li><strong>Embarcament:<\/strong> Embarcament simple i doble embarcament a 180\u00ba i 90\u00ba.<\/li>\n<li><strong>Recorregut de seguretat m\u00ednim:<\/strong> 2400 mm.<\/li>\n<li>Directiva de m\u00e0quines conforme a la norma 2006\/42\/CE.<\/li>\n<\/ul>\n<\/div>\n<div class=\"icono_producto\"><img decoding=\"async\" src=\"\/wp-content\/uploads\/2022\/05\/Montaplatos.svg\" \/><\/div>\n<\/div>\n","protected":false},"excerpt":{"rendered":"<h3>Muntac\u00e0rregues Aszende<\/h3>\n<p>\u00a0<\/p>\n<p>Minielevador ideal per a petites c\u00e0rregues. Amb cabines personalitzables i portes d&#8217;acc\u00e9s tipus guillotina, s&#8217;adapta a qualsevol espai i \u00e9s ideal per a hotels, restaurants, resid\u00e8ncies, farm\u00e0cies, edificis industrials i de p\u00fablica concurr\u00e8ncia i habitatges unifamiliars.<\/p>\n<p>\u00a0<\/p>\n","protected":false},"featured_media":18556,"template":"","meta":{"site-sidebar-layout":"default","site-content-layout":"default","ast-site-content-layout":"default","site-content-style":"default","site-sidebar-style":"default","ast-global-header-display":"","ast-banner-title-visibility":"","ast-main-header-display":"","ast-hfb-above-header-display":"","ast-hfb-below-header-display":"","ast-hfb-mobile-header-display":"","site-post-title":"","ast-breadcrumbs-content":"","ast-featured-img":"","footer-sml-layout":"","theme-transparent-header-meta":"default","adv-header-id-meta":"","stick-header-meta":"","header-above-stick-meta":"","header-main-stick-meta":"","header-below-stick-meta":"","astra-migrate-meta-layouts":"default","ast-page-background-enabled":"default","ast-page-background-meta":{"desktop":{"background-color":"var(--ast-global-color-4)","background-image":"","background-repeat":"repeat","background-position":"center center","background-size":"auto","background-attachment":"scroll","background-type":"","background-media":"","overlay-type":"","overlay-color":"","overlay-opacity":"","overlay-gradient":""},"tablet":{"background-color":"","background-image":"","background-repeat":"repeat","background-position":"center center","background-size":"auto","background-attachment":"scroll","background-type":"","background-media":"","overlay-type":"","overlay-color":"","overlay-opacity":"","overlay-gradient":""},"mobile":{"background-color":"","background-image":"","background-repeat":"repeat","background-position":"center center","background-size":"auto","background-attachment":"scroll","background-type":"","background-media":"","overlay-type":"","overlay-color":"","overlay-opacity":"","overlay-gradient":""}},"ast-content-background-meta":{"desktop":{"background-color":"var(--ast-global-color-5)","background-image":"","background-repeat":"repeat","background-position":"center center","background-size":"auto","background-attachment":"scroll","background-type":"","background-media":"","overlay-type":"","overlay-color":"","overlay-opacity":"","overlay-gradient":""},"tablet":{"background-color":"var(--ast-global-color-5)","background-image":"","background-repeat":"repeat","background-position":"center center","background-size":"auto","background-attachment":"scroll","background-type":"","background-media":"","overlay-type":"","overlay-color":"","overlay-opacity":"","overlay-gradient":""},"mobile":{"background-color":"var(--ast-global-color-5)","background-image":"","background-repeat":"repeat","background-position":"center center","background-size":"auto","background-attachment":"scroll","background-type":"","background-media":"","overlay-type":"","overlay-color":"","overlay-opacity":"","overlay-gradient":""}}},"product_brand":[],"product_cat":[79],"product_tag":[],"class_list":{"0":"post-18555","1":"product","2":"type-product","3":"status-publish","4":"has-post-thumbnail","6":"product_cat-muntacarregues","7":"desktop-align-left","8":"tablet-align-left","9":"mobile-align-left","11":"first","12":"instock","13":"shipping-taxable","14":"product-type-simple"},"yoast_head":"<!-- This site is optimized with the Yoast SEO plugin v27.0 - https:\/\/yoast.com\/product\/yoast-seo-wordpress\/ -->\n<title>Aszende^ - Els nostres muntaplats<\/title>\n<meta name=\"description\" content=\"Descobreix els nostres muntaplats, la soluci\u00f3 adaptada i a mida per al teu espai. Contacta&#039;ns i comen\u00e7a a gaudir del teu muntaplats\" \/>\n<meta name=\"robots\" content=\"index, follow, max-snippet:-1, max-image-preview:large, max-video-preview:-1\" \/>\n<link rel=\"canonical\" href=\"https:\/\/www.aszende.com\/ca\/producte\/muntaplats\/\" \/>\n<meta property=\"og:locale\" content=\"ca_ES\" \/>\n<meta property=\"og:type\" content=\"article\" \/>\n<meta property=\"og:title\" content=\"Aszende^ - Els nostres muntaplats\" \/>\n<meta property=\"og:description\" content=\"Descobreix els nostres muntaplats, la soluci\u00f3 adaptada i a mida per al teu espai. Contacta&#039;ns i comen\u00e7a a gaudir del teu muntaplats\" \/>\n<meta property=\"og:url\" content=\"https:\/\/www.aszende.com\/ca\/producte\/muntaplats\/\" \/>\n<meta property=\"og:site_name\" content=\"Aszende\" \/>\n<meta property=\"article:modified_time\" content=\"2023-10-25T12:07:38+00:00\" \/>\n<meta property=\"og:image\" content=\"https:\/\/www.aszende.com\/wp-content\/uploads\/2022\/05\/ASZENDE_DSCF4665__E.jpg\" \/>\n\t<meta property=\"og:image:width\" content=\"1920\" \/>\n\t<meta property=\"og:image:height\" content=\"1080\" \/>\n\t<meta property=\"og:image:type\" content=\"image\/jpeg\" \/>\n<meta name=\"twitter:card\" content=\"summary_large_image\" \/>\n<script type=\"application\/ld+json\" class=\"yoast-schema-graph\">{\"@context\":\"https:\/\/schema.org\",\"@graph\":[{\"@type\":\"WebPage\",\"@id\":\"https:\/\/www.aszende.com\/ca\/producte\/muntaplats\/\",\"url\":\"https:\/\/www.aszende.com\/ca\/producte\/muntaplats\/\",\"name\":\"Aszende^ - Els nostres muntaplats\",\"isPartOf\":{\"@id\":\"https:\/\/www.aszende.com\/en\/#website\"},\"primaryImageOfPage\":{\"@id\":\"https:\/\/www.aszende.com\/ca\/producte\/muntaplats\/#primaryimage\"},\"image\":{\"@id\":\"https:\/\/www.aszende.com\/ca\/producte\/muntaplats\/#primaryimage\"},\"thumbnailUrl\":\"https:\/\/www.aszende.com\/wp-content\/uploads\/2022\/05\/ASZENDE_DSCF4665__E.jpg\",\"datePublished\":\"2022-09-02T06:00:05+00:00\",\"dateModified\":\"2023-10-25T12:07:38+00:00\",\"description\":\"Descobreix els nostres muntaplats, la soluci\u00f3 adaptada i a mida per al teu espai. Contacta'ns i comen\u00e7a a gaudir del teu muntaplats\",\"breadcrumb\":{\"@id\":\"https:\/\/www.aszende.com\/ca\/producte\/muntaplats\/#breadcrumb\"},\"inLanguage\":\"ca\",\"potentialAction\":[{\"@type\":\"ReadAction\",\"target\":[\"https:\/\/www.aszende.com\/ca\/producte\/muntaplats\/\"]}]},{\"@type\":\"ImageObject\",\"inLanguage\":\"ca\",\"@id\":\"https:\/\/www.aszende.com\/ca\/producte\/muntaplats\/#primaryimage\",\"url\":\"https:\/\/www.aszende.com\/wp-content\/uploads\/2022\/05\/ASZENDE_DSCF4665__E.jpg\",\"contentUrl\":\"https:\/\/www.aszende.com\/wp-content\/uploads\/2022\/05\/ASZENDE_DSCF4665__E.jpg\",\"width\":1920,\"height\":1080},{\"@type\":\"BreadcrumbList\",\"@id\":\"https:\/\/www.aszende.com\/ca\/producte\/muntaplats\/#breadcrumb\",\"itemListElement\":[{\"@type\":\"ListItem\",\"position\":1,\"name\":\"Inicio\",\"item\":\"https:\/\/www.aszende.com\/ca\/\"},{\"@type\":\"ListItem\",\"position\":2,\"name\":\"Tienda\",\"item\":\"https:\/\/www.aszende.com\/ca\/botiga\/\"},{\"@type\":\"ListItem\",\"position\":3,\"name\":\"Muntaplats\"}]},{\"@type\":\"WebSite\",\"@id\":\"https:\/\/www.aszende.com\/en\/#website\",\"url\":\"https:\/\/www.aszende.com\/en\/\",\"name\":\"Aszende\",\"description\":\"\",\"publisher\":{\"@id\":\"https:\/\/www.aszende.com\/en\/#organization\"},\"potentialAction\":[{\"@type\":\"SearchAction\",\"target\":{\"@type\":\"EntryPoint\",\"urlTemplate\":\"https:\/\/www.aszende.com\/en\/?s={search_term_string}\"},\"query-input\":{\"@type\":\"PropertyValueSpecification\",\"valueRequired\":true,\"valueName\":\"search_term_string\"}}],\"inLanguage\":\"ca\"},{\"@type\":\"Organization\",\"@id\":\"https:\/\/www.aszende.com\/en\/#organization\",\"name\":\"Aszende\",\"url\":\"https:\/\/www.aszende.com\/en\/\",\"logo\":{\"@type\":\"ImageObject\",\"inLanguage\":\"ca\",\"@id\":\"https:\/\/www.aszende.com\/en\/#\/schema\/logo\/image\/\",\"url\":\"https:\/\/www.aszende.com\/wp-content\/uploads\/2022\/10\/LOGO-Aszende-sin-R.png\",\"contentUrl\":\"https:\/\/www.aszende.com\/wp-content\/uploads\/2022\/10\/LOGO-Aszende-sin-R.png\",\"width\":346,\"height\":114,\"caption\":\"Aszende\"},\"image\":{\"@id\":\"https:\/\/www.aszende.com\/en\/#\/schema\/logo\/image\/\"}}]}<\/script>\n<!-- \/ Yoast SEO plugin. -->","yoast_head_json":{"title":"Aszende^ - Els nostres muntaplats","description":"Descobreix els nostres muntaplats, la soluci\u00f3 adaptada i a mida per al teu espai. Contacta'ns i comen\u00e7a a gaudir del teu muntaplats","robots":{"index":"index","follow":"follow","max-snippet":"max-snippet:-1","max-image-preview":"max-image-preview:large","max-video-preview":"max-video-preview:-1"},"canonical":"https:\/\/www.aszende.com\/ca\/producte\/muntaplats\/","og_locale":"ca_ES","og_type":"article","og_title":"Aszende^ - Els nostres muntaplats","og_description":"Descobreix els nostres muntaplats, la soluci\u00f3 adaptada i a mida per al teu espai. Contacta'ns i comen\u00e7a a gaudir del teu muntaplats","og_url":"https:\/\/www.aszende.com\/ca\/producte\/muntaplats\/","og_site_name":"Aszende","article_modified_time":"2023-10-25T12:07:38+00:00","og_image":[{"width":1920,"height":1080,"url":"https:\/\/www.aszende.com\/wp-content\/uploads\/2022\/05\/ASZENDE_DSCF4665__E.jpg","type":"image\/jpeg"}],"twitter_card":"summary_large_image","schema":{"@context":"https:\/\/schema.org","@graph":[{"@type":"WebPage","@id":"https:\/\/www.aszende.com\/ca\/producte\/muntaplats\/","url":"https:\/\/www.aszende.com\/ca\/producte\/muntaplats\/","name":"Aszende^ - Els nostres muntaplats","isPartOf":{"@id":"https:\/\/www.aszende.com\/en\/#website"},"primaryImageOfPage":{"@id":"https:\/\/www.aszende.com\/ca\/producte\/muntaplats\/#primaryimage"},"image":{"@id":"https:\/\/www.aszende.com\/ca\/producte\/muntaplats\/#primaryimage"},"thumbnailUrl":"https:\/\/www.aszende.com\/wp-content\/uploads\/2022\/05\/ASZENDE_DSCF4665__E.jpg","datePublished":"2022-09-02T06:00:05+00:00","dateModified":"2023-10-25T12:07:38+00:00","description":"Descobreix els nostres muntaplats, la soluci\u00f3 adaptada i a mida per al teu espai. Contacta'ns i comen\u00e7a a gaudir del teu muntaplats","breadcrumb":{"@id":"https:\/\/www.aszende.com\/ca\/producte\/muntaplats\/#breadcrumb"},"inLanguage":"ca","potentialAction":[{"@type":"ReadAction","target":["https:\/\/www.aszende.com\/ca\/producte\/muntaplats\/"]}]},{"@type":"ImageObject","inLanguage":"ca","@id":"https:\/\/www.aszende.com\/ca\/producte\/muntaplats\/#primaryimage","url":"https:\/\/www.aszende.com\/wp-content\/uploads\/2022\/05\/ASZENDE_DSCF4665__E.jpg","contentUrl":"https:\/\/www.aszende.com\/wp-content\/uploads\/2022\/05\/ASZENDE_DSCF4665__E.jpg","width":1920,"height":1080},{"@type":"BreadcrumbList","@id":"https:\/\/www.aszende.com\/ca\/producte\/muntaplats\/#breadcrumb","itemListElement":[{"@type":"ListItem","position":1,"name":"Inicio","item":"https:\/\/www.aszende.com\/ca\/"},{"@type":"ListItem","position":2,"name":"Tienda","item":"https:\/\/www.aszende.com\/ca\/botiga\/"},{"@type":"ListItem","position":3,"name":"Muntaplats"}]},{"@type":"WebSite","@id":"https:\/\/www.aszende.com\/en\/#website","url":"https:\/\/www.aszende.com\/en\/","name":"Aszende","description":"","publisher":{"@id":"https:\/\/www.aszende.com\/en\/#organization"},"potentialAction":[{"@type":"SearchAction","target":{"@type":"EntryPoint","urlTemplate":"https:\/\/www.aszende.com\/en\/?s={search_term_string}"},"query-input":{"@type":"PropertyValueSpecification","valueRequired":true,"valueName":"search_term_string"}}],"inLanguage":"ca"},{"@type":"Organization","@id":"https:\/\/www.aszende.com\/en\/#organization","name":"Aszende","url":"https:\/\/www.aszende.com\/en\/","logo":{"@type":"ImageObject","inLanguage":"ca","@id":"https:\/\/www.aszende.com\/en\/#\/schema\/logo\/image\/","url":"https:\/\/www.aszende.com\/wp-content\/uploads\/2022\/10\/LOGO-Aszende-sin-R.png","contentUrl":"https:\/\/www.aszende.com\/wp-content\/uploads\/2022\/10\/LOGO-Aszende-sin-R.png","width":346,"height":114,"caption":"Aszende"},"image":{"@id":"https:\/\/www.aszende.com\/en\/#\/schema\/logo\/image\/"}}]}},"_links":{"self":[{"href":"https:\/\/www.aszende.com\/ca\/wp-json\/wp\/v2\/product\/18555","targetHints":{"allow":["GET"]}}],"collection":[{"href":"https:\/\/www.aszende.com\/ca\/wp-json\/wp\/v2\/product"}],"about":[{"href":"https:\/\/www.aszende.com\/ca\/wp-json\/wp\/v2\/types\/product"}],"wp:featuredmedia":[{"embeddable":true,"href":"https:\/\/www.aszende.com\/ca\/wp-json\/wp\/v2\/media\/18556"}],"wp:attachment":[{"href":"https:\/\/www.aszende.com\/ca\/wp-json\/wp\/v2\/media?parent=18555"}],"wp:term":[{"taxonomy":"product_brand","embeddable":true,"href":"https:\/\/www.aszende.com\/ca\/wp-json\/wp\/v2\/product_brand?post=18555"},{"taxonomy":"product_cat","embeddable":true,"href":"https:\/\/www.aszende.com\/ca\/wp-json\/wp\/v2\/product_cat?post=18555"},{"taxonomy":"product_tag","embeddable":true,"href":"https:\/\/www.aszende.com\/ca\/wp-json\/wp\/v2\/product_tag?post=18555"}],"curies":[{"name":"wp","href":"https:\/\/api.w.org\/{rel}","templated":true}]}}