{"id":18565,"date":"2022-09-02T05:00:33","date_gmt":"2022-09-02T05:00:33","guid":{"rendered":"https:\/\/www.aszende.com\/?post_type=product&#038;p=18565"},"modified":"2023-10-25T12:07:40","modified_gmt":"2023-10-25T12:07:40","slug":"muntalliteres","status":"publish","type":"product","link":"https:\/\/www.aszende.com\/ca\/producte\/muntalliteres\/","title":{"rendered":"Muntalliteres"},"content":{"rendered":"<div class=\"caracteristicas_producto col\">\n<div class=\"datos_producto\">\n<h3>Caracter\u00edstiques del muntalliteres<\/h3>\n<ul>\n<li><strong>Mec\u00e0nica:<\/strong> GRL (Gearless) amb xass\u00eds de motxilla o p\u00f2rtic.<\/li>\n<li><strong>Velocitat:<\/strong> Des de 0,6 m\/s fins a 1,6 m\/s.<\/li>\n<li><strong>C\u00e0rrega nominal:<\/strong> 1000\u00a0kg-1250\u00a0kg.<\/li>\n<li><strong>Recorregut:<\/strong> Fins a 55 metres de recorregut.<\/li>\n<li><strong>Fossat:<\/strong> M\u00ednim des de 1100\u00a0mm fins a 1400\u00a0mm, depenent de la c\u00e0rrega i la velocitat. Fossat a partir de 800\u00a0mm amb excepci\u00f3 de norma.<\/li>\n<li><strong>Tensi\u00f3:<\/strong> 380 trif\u00e0sic.<\/li>\n<li><strong>Embarcament:<\/strong> Embarcament simple i doble embarcament a 180\u00ba.<\/li>\n<li><strong>Recorregut de seguretat m\u00ednim:<\/strong>\u00a0 3400\u00a0mm fins a 4500\u00a0mm, depenent de c\u00e0rrega i velocitat. * des de 2700\u00a0mm amb tramitaci\u00f3 d&#8217;excepci\u00f3 de norma.<\/li>\n<li>Ascensor conforme a normatives UNE EN 81-20\/50 i UNE EN 81-70 per a edificis de p\u00fablica concurr\u00e8ncia.<\/li>\n<\/ul>\n<\/div>\n<div class=\"icono_producto\"><img decoding=\"async\" src=\"\/wp-content\/uploads\/2022\/05\/Montacamillas.svg\" \/><\/div>\n<\/div>\n","protected":false},"excerpt":{"rendered":"<h3>Muntac\u00e0rregues Aszende<\/h3>\n<p>\u00a0<\/p>\n<p>Muntacamilles de tecnologia GEARLESS amb xass\u00eds de p\u00f2rtic o motxilla, en funci\u00f3 de les dimensions de buit. La soluci\u00f3 perfecta per hospitals i resid\u00e8ncies. Aquest producte es caracteritza per la seva resist\u00e8ncia, confort i durabilitat.<\/p>\n","protected":false},"featured_media":18566,"template":"","meta":{"site-sidebar-layout":"default","site-content-layout":"default","ast-site-content-layout":"default","site-content-style":"default","site-sidebar-style":"default","ast-global-header-display":"","ast-banner-title-visibility":"","ast-main-header-display":"","ast-hfb-above-header-display":"","ast-hfb-below-header-display":"","ast-hfb-mobile-header-display":"","site-post-title":"","ast-breadcrumbs-content":"","ast-featured-img":"","footer-sml-layout":"","theme-transparent-header-meta":"default","adv-header-id-meta":"","stick-header-meta":"","header-above-stick-meta":"","header-main-stick-meta":"","header-below-stick-meta":"","astra-migrate-meta-layouts":"default","ast-page-background-enabled":"default","ast-page-background-meta":{"desktop":{"background-color":"var(--ast-global-color-4)","background-image":"","background-repeat":"repeat","background-position":"center center","background-size":"auto","background-attachment":"scroll","background-type":"","background-media":"","overlay-type":"","overlay-color":"","overlay-opacity":"","overlay-gradient":""},"tablet":{"background-color":"","background-image":"","background-repeat":"repeat","background-position":"center center","background-size":"auto","background-attachment":"scroll","background-type":"","background-media":"","overlay-type":"","overlay-color":"","overlay-opacity":"","overlay-gradient":""},"mobile":{"background-color":"","background-image":"","background-repeat":"repeat","background-position":"center center","background-size":"auto","background-attachment":"scroll","background-type":"","background-media":"","overlay-type":"","overlay-color":"","overlay-opacity":"","overlay-gradient":""}},"ast-content-background-meta":{"desktop":{"background-color":"var(--ast-global-color-5)","background-image":"","background-repeat":"repeat","background-position":"center center","background-size":"auto","background-attachment":"scroll","background-type":"","background-media":"","overlay-type":"","overlay-color":"","overlay-opacity":"","overlay-gradient":""},"tablet":{"background-color":"var(--ast-global-color-5)","background-image":"","background-repeat":"repeat","background-position":"center center","background-size":"auto","background-attachment":"scroll","background-type":"","background-media":"","overlay-type":"","overlay-color":"","overlay-opacity":"","overlay-gradient":""},"mobile":{"background-color":"var(--ast-global-color-5)","background-image":"","background-repeat":"repeat","background-position":"center center","background-size":"auto","background-attachment":"scroll","background-type":"","background-media":"","overlay-type":"","overlay-color":"","overlay-opacity":"","overlay-gradient":""}}},"product_brand":[],"product_cat":[79],"product_tag":[],"class_list":{"0":"post-18565","1":"product","2":"type-product","3":"status-publish","4":"has-post-thumbnail","6":"product_cat-muntacarregues","7":"desktop-align-left","8":"tablet-align-left","9":"mobile-align-left","11":"first","12":"instock","13":"shipping-taxable","14":"product-type-simple"},"yoast_head":"<!-- This site is optimized with the Yoast SEO plugin v27.0 - https:\/\/yoast.com\/product\/yoast-seo-wordpress\/ -->\n<title>Aszende^ - Els nostres muntac\u00e0rregues<\/title>\n<meta name=\"description\" content=\"Descobreix els nostres muntalliteres, la soluci\u00f3 adaptada i feta a mida per al teu espai. Contacta&#039;ns i comen\u00e7a a gaudir de les teves muntalliteres\" \/>\n<meta name=\"robots\" content=\"index, follow, max-snippet:-1, max-image-preview:large, max-video-preview:-1\" \/>\n<link rel=\"canonical\" href=\"https:\/\/www.aszende.com\/ca\/producte\/muntalliteres\/\" \/>\n<meta property=\"og:locale\" content=\"ca_ES\" \/>\n<meta property=\"og:type\" content=\"article\" \/>\n<meta property=\"og:title\" content=\"Aszende^ - Els nostres muntac\u00e0rregues\" \/>\n<meta property=\"og:description\" content=\"Descobreix els nostres muntalliteres, la soluci\u00f3 adaptada i feta a mida per al teu espai. Contacta&#039;ns i comen\u00e7a a gaudir de les teves muntalliteres\" \/>\n<meta property=\"og:url\" content=\"https:\/\/www.aszende.com\/ca\/producte\/muntalliteres\/\" \/>\n<meta property=\"og:site_name\" content=\"Aszende\" \/>\n<meta property=\"article:modified_time\" content=\"2023-10-25T12:07:40+00:00\" \/>\n<meta property=\"og:image\" content=\"https:\/\/www.aszende.com\/wp-content\/uploads\/2022\/06\/ASZENDE_DSCF2212__E.jpg\" \/>\n\t<meta property=\"og:image:width\" content=\"1920\" \/>\n\t<meta property=\"og:image:height\" content=\"1080\" \/>\n\t<meta property=\"og:image:type\" content=\"image\/jpeg\" \/>\n<meta name=\"twitter:card\" content=\"summary_large_image\" \/>\n<meta name=\"twitter:label1\" content=\"Temps estimat de lectura\" \/>\n\t<meta name=\"twitter:data1\" content=\"1 minut\" \/>\n<script type=\"application\/ld+json\" class=\"yoast-schema-graph\">{\"@context\":\"https:\/\/schema.org\",\"@graph\":[{\"@type\":\"WebPage\",\"@id\":\"https:\/\/www.aszende.com\/ca\/producte\/muntalliteres\/\",\"url\":\"https:\/\/www.aszende.com\/ca\/producte\/muntalliteres\/\",\"name\":\"Aszende^ - Els nostres muntac\u00e0rregues\",\"isPartOf\":{\"@id\":\"https:\/\/www.aszende.com\/en\/#website\"},\"primaryImageOfPage\":{\"@id\":\"https:\/\/www.aszende.com\/ca\/producte\/muntalliteres\/#primaryimage\"},\"image\":{\"@id\":\"https:\/\/www.aszende.com\/ca\/producte\/muntalliteres\/#primaryimage\"},\"thumbnailUrl\":\"https:\/\/www.aszende.com\/wp-content\/uploads\/2022\/06\/ASZENDE_DSCF2212__E.jpg\",\"datePublished\":\"2022-09-02T05:00:33+00:00\",\"dateModified\":\"2023-10-25T12:07:40+00:00\",\"description\":\"Descobreix els nostres muntalliteres, la soluci\u00f3 adaptada i feta a mida per al teu espai. Contacta'ns i comen\u00e7a a gaudir de les teves muntalliteres\",\"breadcrumb\":{\"@id\":\"https:\/\/www.aszende.com\/ca\/producte\/muntalliteres\/#breadcrumb\"},\"inLanguage\":\"ca\",\"potentialAction\":[{\"@type\":\"ReadAction\",\"target\":[\"https:\/\/www.aszende.com\/ca\/producte\/muntalliteres\/\"]}]},{\"@type\":\"ImageObject\",\"inLanguage\":\"ca\",\"@id\":\"https:\/\/www.aszende.com\/ca\/producte\/muntalliteres\/#primaryimage\",\"url\":\"https:\/\/www.aszende.com\/wp-content\/uploads\/2022\/06\/ASZENDE_DSCF2212__E.jpg\",\"contentUrl\":\"https:\/\/www.aszende.com\/wp-content\/uploads\/2022\/06\/ASZENDE_DSCF2212__E.jpg\",\"width\":1920,\"height\":1080},{\"@type\":\"BreadcrumbList\",\"@id\":\"https:\/\/www.aszende.com\/ca\/producte\/muntalliteres\/#breadcrumb\",\"itemListElement\":[{\"@type\":\"ListItem\",\"position\":1,\"name\":\"Inicio\",\"item\":\"https:\/\/www.aszende.com\/ca\/\"},{\"@type\":\"ListItem\",\"position\":2,\"name\":\"Tienda\",\"item\":\"https:\/\/www.aszende.com\/ca\/botiga\/\"},{\"@type\":\"ListItem\",\"position\":3,\"name\":\"Muntalliteres\"}]},{\"@type\":\"WebSite\",\"@id\":\"https:\/\/www.aszende.com\/en\/#website\",\"url\":\"https:\/\/www.aszende.com\/en\/\",\"name\":\"Aszende\",\"description\":\"\",\"publisher\":{\"@id\":\"https:\/\/www.aszende.com\/en\/#organization\"},\"potentialAction\":[{\"@type\":\"SearchAction\",\"target\":{\"@type\":\"EntryPoint\",\"urlTemplate\":\"https:\/\/www.aszende.com\/en\/?s={search_term_string}\"},\"query-input\":{\"@type\":\"PropertyValueSpecification\",\"valueRequired\":true,\"valueName\":\"search_term_string\"}}],\"inLanguage\":\"ca\"},{\"@type\":\"Organization\",\"@id\":\"https:\/\/www.aszende.com\/en\/#organization\",\"name\":\"Aszende\",\"url\":\"https:\/\/www.aszende.com\/en\/\",\"logo\":{\"@type\":\"ImageObject\",\"inLanguage\":\"ca\",\"@id\":\"https:\/\/www.aszende.com\/en\/#\/schema\/logo\/image\/\",\"url\":\"https:\/\/www.aszende.com\/wp-content\/uploads\/2022\/10\/LOGO-Aszende-sin-R.png\",\"contentUrl\":\"https:\/\/www.aszende.com\/wp-content\/uploads\/2022\/10\/LOGO-Aszende-sin-R.png\",\"width\":346,\"height\":114,\"caption\":\"Aszende\"},\"image\":{\"@id\":\"https:\/\/www.aszende.com\/en\/#\/schema\/logo\/image\/\"}}]}<\/script>\n<!-- \/ Yoast SEO plugin. -->","yoast_head_json":{"title":"Aszende^ - Els nostres muntac\u00e0rregues","description":"Descobreix els nostres muntalliteres, la soluci\u00f3 adaptada i feta a mida per al teu espai. Contacta'ns i comen\u00e7a a gaudir de les teves muntalliteres","robots":{"index":"index","follow":"follow","max-snippet":"max-snippet:-1","max-image-preview":"max-image-preview:large","max-video-preview":"max-video-preview:-1"},"canonical":"https:\/\/www.aszende.com\/ca\/producte\/muntalliteres\/","og_locale":"ca_ES","og_type":"article","og_title":"Aszende^ - Els nostres muntac\u00e0rregues","og_description":"Descobreix els nostres muntalliteres, la soluci\u00f3 adaptada i feta a mida per al teu espai. Contacta'ns i comen\u00e7a a gaudir de les teves muntalliteres","og_url":"https:\/\/www.aszende.com\/ca\/producte\/muntalliteres\/","og_site_name":"Aszende","article_modified_time":"2023-10-25T12:07:40+00:00","og_image":[{"width":1920,"height":1080,"url":"https:\/\/www.aszende.com\/wp-content\/uploads\/2022\/06\/ASZENDE_DSCF2212__E.jpg","type":"image\/jpeg"}],"twitter_card":"summary_large_image","twitter_misc":{"Temps estimat de lectura":"1 minut"},"schema":{"@context":"https:\/\/schema.org","@graph":[{"@type":"WebPage","@id":"https:\/\/www.aszende.com\/ca\/producte\/muntalliteres\/","url":"https:\/\/www.aszende.com\/ca\/producte\/muntalliteres\/","name":"Aszende^ - Els nostres muntac\u00e0rregues","isPartOf":{"@id":"https:\/\/www.aszende.com\/en\/#website"},"primaryImageOfPage":{"@id":"https:\/\/www.aszende.com\/ca\/producte\/muntalliteres\/#primaryimage"},"image":{"@id":"https:\/\/www.aszende.com\/ca\/producte\/muntalliteres\/#primaryimage"},"thumbnailUrl":"https:\/\/www.aszende.com\/wp-content\/uploads\/2022\/06\/ASZENDE_DSCF2212__E.jpg","datePublished":"2022-09-02T05:00:33+00:00","dateModified":"2023-10-25T12:07:40+00:00","description":"Descobreix els nostres muntalliteres, la soluci\u00f3 adaptada i feta a mida per al teu espai. Contacta'ns i comen\u00e7a a gaudir de les teves muntalliteres","breadcrumb":{"@id":"https:\/\/www.aszende.com\/ca\/producte\/muntalliteres\/#breadcrumb"},"inLanguage":"ca","potentialAction":[{"@type":"ReadAction","target":["https:\/\/www.aszende.com\/ca\/producte\/muntalliteres\/"]}]},{"@type":"ImageObject","inLanguage":"ca","@id":"https:\/\/www.aszende.com\/ca\/producte\/muntalliteres\/#primaryimage","url":"https:\/\/www.aszende.com\/wp-content\/uploads\/2022\/06\/ASZENDE_DSCF2212__E.jpg","contentUrl":"https:\/\/www.aszende.com\/wp-content\/uploads\/2022\/06\/ASZENDE_DSCF2212__E.jpg","width":1920,"height":1080},{"@type":"BreadcrumbList","@id":"https:\/\/www.aszende.com\/ca\/producte\/muntalliteres\/#breadcrumb","itemListElement":[{"@type":"ListItem","position":1,"name":"Inicio","item":"https:\/\/www.aszende.com\/ca\/"},{"@type":"ListItem","position":2,"name":"Tienda","item":"https:\/\/www.aszende.com\/ca\/botiga\/"},{"@type":"ListItem","position":3,"name":"Muntalliteres"}]},{"@type":"WebSite","@id":"https:\/\/www.aszende.com\/en\/#website","url":"https:\/\/www.aszende.com\/en\/","name":"Aszende","description":"","publisher":{"@id":"https:\/\/www.aszende.com\/en\/#organization"},"potentialAction":[{"@type":"SearchAction","target":{"@type":"EntryPoint","urlTemplate":"https:\/\/www.aszende.com\/en\/?s={search_term_string}"},"query-input":{"@type":"PropertyValueSpecification","valueRequired":true,"valueName":"search_term_string"}}],"inLanguage":"ca"},{"@type":"Organization","@id":"https:\/\/www.aszende.com\/en\/#organization","name":"Aszende","url":"https:\/\/www.aszende.com\/en\/","logo":{"@type":"ImageObject","inLanguage":"ca","@id":"https:\/\/www.aszende.com\/en\/#\/schema\/logo\/image\/","url":"https:\/\/www.aszende.com\/wp-content\/uploads\/2022\/10\/LOGO-Aszende-sin-R.png","contentUrl":"https:\/\/www.aszende.com\/wp-content\/uploads\/2022\/10\/LOGO-Aszende-sin-R.png","width":346,"height":114,"caption":"Aszende"},"image":{"@id":"https:\/\/www.aszende.com\/en\/#\/schema\/logo\/image\/"}}]}},"_links":{"self":[{"href":"https:\/\/www.aszende.com\/ca\/wp-json\/wp\/v2\/product\/18565","targetHints":{"allow":["GET"]}}],"collection":[{"href":"https:\/\/www.aszende.com\/ca\/wp-json\/wp\/v2\/product"}],"about":[{"href":"https:\/\/www.aszende.com\/ca\/wp-json\/wp\/v2\/types\/product"}],"wp:featuredmedia":[{"embeddable":true,"href":"https:\/\/www.aszende.com\/ca\/wp-json\/wp\/v2\/media\/18566"}],"wp:attachment":[{"href":"https:\/\/www.aszende.com\/ca\/wp-json\/wp\/v2\/media?parent=18565"}],"wp:term":[{"taxonomy":"product_brand","embeddable":true,"href":"https:\/\/www.aszende.com\/ca\/wp-json\/wp\/v2\/product_brand?post=18565"},{"taxonomy":"product_cat","embeddable":true,"href":"https:\/\/www.aszende.com\/ca\/wp-json\/wp\/v2\/product_cat?post=18565"},{"taxonomy":"product_tag","embeddable":true,"href":"https:\/\/www.aszende.com\/ca\/wp-json\/wp\/v2\/product_tag?post=18565"}],"curies":[{"name":"wp","href":"https:\/\/api.w.org\/{rel}","templated":true}]}}